{"id":2900,"date":"2021-02-15T15:43:50","date_gmt":"2021-02-15T15:43:50","guid":{"rendered":"https:\/\/aas.marketing.sh\/?page_id=2900"},"modified":"2021-04-23T09:56:56","modified_gmt":"2021-04-23T09:56:56","slug":"avs-serie","status":"publish","type":"page","link":"https:\/\/aas.marketing.sh\/en\/avs-serie\/","title":{"rendered":"AVS Series"},"content":{"rendered":"<p>[et_pb_section fb_built=&#8220;1&#8243; fullwidth=&#8220;on&#8220; _builder_version=&#8220;4.8.2&#8243; _module_preset=&#8220;default&#8220; global_module=&#8220;2942&#8243; saved_tabs=&#8220;all&#8220;][et_pb_fullwidth_slider _builder_version=&#8220;4.8.2&#8243; _module_preset=&#8220;default&#8220; header_font=&#8220;|700|||||||&#8220; header_font_size=&#8220;70px&#8220; body_font_size=&#8220;30px&#8220; height=&#8220;743px&#8220; height_tablet=&#8220;&#8220; height_phone=&#8220;&#8220; height_last_edited=&#8220;on|phone&#8220; header_text_shadow_style=&#8220;preset1&#8243; header_text_shadow_vertical_length=&#8220;0.07em&#8220; header_text_shadow_blur_strength=&#8220;0.11em&#8220;][et_pb_slide heading=&#8220;Verteilsysteme&#8220; use_bg_overlay=&#8220;on&#8220; bg_overlay_color=&#8220;rgba(12,38,112,0.83)&#8220; content_tablet=&#8220;&#8220; content_phone=&#8220;<\/p>\n<p>AVA Serie, AMC Serie, <br \/>AVS Serie, ASM Serie<\/p>\n<p>&#8220; content_last_edited=&#8220;on|phone&#8220; _builder_version=&#8220;4.8.2&#8243; _module_preset=&#8220;default&#8220; body_font_size=&#8220;20px&#8220; body_line_height=&#8220;3em&#8220; background_color=&#8220;RGBA(0,0,0,0)&#8220; background_enable_color=&#8220;on&#8220; background_image=&#8220;https:\/\/aas.marketing.sh\/wp-content\/uploads\/2021\/02\/antenna-systems-header-category.jpg&#8220; background_enable_image=&#8220;on&#8220; header_font_size_tablet=&#8220;&#8220; header_font_size_phone=&#8220;36px&#8220; header_font_size_last_edited=&#8220;on|phone&#8220; body_line_height_tablet=&#8220;&#8220; body_line_height_phone=&#8220;1.5em&#8220; body_line_height_last_edited=&#8220;on|phone&#8220; sticky_transition=&#8220;on&#8220;]<\/p>\n<p>AVA, AMC, AVS, ASM Systems<\/p>\n<p>[\/et_pb_slide][\/et_pb_fullwidth_slider][\/et_pb_section][et_pb_section fb_built=&#8220;1&#8243; _builder_version=&#8220;4.8.2&#8243; _module_preset=&#8220;default&#8220;][et_pb_row _builder_version=&#8220;4.8.2&#8243; _module_preset=&#8220;default&#8220;][et_pb_column type=&#8220;4_4&#8243; _builder_version=&#8220;4.8.2&#8243; _module_preset=&#8220;default&#8220;][et_pb_image src=&#8220;https:\/\/aas.marketing.sh\/wp-content\/uploads\/2021\/02\/avs.jpg&#8220; title_text=&#8220;avs&#8220; _builder_version=&#8220;4.8.2&#8243; _module_preset=&#8220;default&#8220;][\/et_pb_image][\/et_pb_column][\/et_pb_row][et_pb_row _builder_version=&#8220;4.8.2&#8243; _module_preset=&#8220;default&#8220;][et_pb_column type=&#8220;4_4&#8243; _builder_version=&#8220;4.8.2&#8243; _module_preset=&#8220;default&#8220;][et_pb_text _builder_version=&#8220;4.8.2&#8243; _module_preset=&#8220;default&#8220; text_font=&#8220;|600|||||||&#8220; text_text_color=&#8220;#000000&#8243; text_font_size=&#8220;30px&#8220; custom_margin=&#8220;||-21px||false|false&#8220;]<\/p>\n<p>AVS Series<\/p>\n<p>[\/et_pb_text][\/et_pb_column][\/et_pb_row][et_pb_row column_structure=&#8220;1_2,1_2&#8243; _builder_version=&#8220;4.8.2&#8243; _module_preset=&#8220;default&#8220;][et_pb_column type=&#8220;1_2&#8243; _builder_version=&#8220;4.8.2&#8243; _module_preset=&#8220;default&#8220;][et_pb_text _builder_version=&#8220;4.8.2&#8243; _module_preset=&#8220;default&#8220;]<\/p>\n<p>The Antenna Distribution System AVS is a very flexible distribution solution for short wave communication applications.<\/p>\n<p>The standard versions furnished into a single 19-inch 4 HU slide-in unit provide the non-blocking switching distribution of up to 8 antenna inputs and up to 40 receiver outputs.<\/p>\n<p>The system can be extended to provide the distribution of up to 16 antennas to 120 receivers.<\/p>\n<p><strong>The standard AVS A Series supports the frequency range from 10 kHz to 30 MHz.<\/strong><\/p>\n<p><strong>The standard AVS B Series supports the frequency range from 1.5 MHz kHz to 30 MHz.<\/strong><\/p>\n<p>Such system consists of a master unit (8 inputs and 40 outputs), to which slave units, pre-distributors and\/or relay matrices are added dependent on the extension stage. An integrated control unit monitors the system and sets up the connection with the computer via network or RS232\/RS422 interface<\/p>\n<p>Relay matrices are added if more than 8 inputs are required.<\/p>\n<p>Active pre-distributors are applied if more than 40 outputs are required. They distribute in each case 8 inputs to nx8 outputs so that further antenna distributors can be connected in parallel.<\/p>\n<p>The system will be configured according to customer needs.<\/p>\n<p>[\/et_pb_text][\/et_pb_column][et_pb_column type=&#8220;1_2&#8243; _builder_version=&#8220;4.8.2&#8243; _module_preset=&#8220;default&#8220;][et_pb_text _builder_version=&#8220;4.8.2&#8243; _module_preset=&#8220;default&#8220;]<\/p>\n<p><strong>Specific Features<br \/><\/strong>The integrated operating\/control unit monitors the system and provides local or remote operation of the antenna distributor system.<\/p>\n<p>Remote control via network interface (standard) or serial RS232\/RS422 interface\u00a0<span style=\"font-size: 14px;\">Owing to the high flexibility of the AVS system the user has the possibility to determine the number of inputs between 4 and 16 (in steps of 4) and the number of outputs between 10 and 120 (in steps of 10).<\/span><\/p>\n<p>Pre-configured switch conditions are stored so that after a mains failure or after switching off the system the previous switching conditions are automatically restored.<\/p>\n<p><strong>Options<br \/><\/strong>The frequency range of the antenna distributor system is usually 1,5 \u2013 30 MHz. However, it is possible to extend some or all inputs to the frequency range from 10 kHz \u2013 30 MHz resp. to narrow the frequency range through further filters.<\/p>\n<p>A remote power feeding system (AAN 800) is available to feed a DC voltage to connected active antennas.\u00a0<span style=\"font-size: 14px;\">Distribution systems with more than 16 inputs or more than 120 outputs are available.<\/span><\/p>\n<p>In order to increase the operational reliability system control and\/or the power supply can be provided redundantly.<\/p>\n<p>The antenna distributor system can also be delivered mounted into a 19\u201c-Rack, ready for operation.<\/p>\n<p>[\/et_pb_text][\/et_pb_column][\/et_pb_row][et_pb_row column_structure=&#8220;1_2,1_2&#8243; _builder_version=&#8220;4.8.2&#8243; _module_preset=&#8220;default&#8220;][et_pb_column type=&#8220;1_2&#8243; _builder_version=&#8220;4.8.2&#8243; _module_preset=&#8220;default&#8220;][et_pb_button button_url=&#8220;https:\/\/aas.marketing.sh\/wp-content\/uploads\/2021\/04\/2_4_3_EN.pdf&#8220; button_text=&#8220;Produkt Informationen&#8220; _builder_version=&#8220;4.9.0&#8243; _module_preset=&#8220;default&#8220; hover_enabled=&#8220;0&#8243; sticky_enabled=&#8220;0&#8243;][\/et_pb_button][\/et_pb_column][et_pb_column type=&#8220;1_2&#8243; _builder_version=&#8220;4.8.2&#8243; _module_preset=&#8220;default&#8220;][\/et_pb_column][\/et_pb_row][et_pb_row column_structure=&#8220;1_2,1_2&#8243; _builder_version=&#8220;4.8.2&#8243; _module_preset=&#8220;default&#8220;][et_pb_column type=&#8220;1_2&#8243; _builder_version=&#8220;4.8.2&#8243; _module_preset=&#8220;default&#8220;][et_pb_text _builder_version=&#8220;4.8.2&#8243; _module_preset=&#8220;default&#8220; custom_margin=&#8220;-25px||||false|false&#8220;]<\/p>\n<p><a href=\"https:\/\/aas.marketing.sh\/en\/ersatzteile-fuer-avs-serie\/\">Link to Spare Parts<\/a><\/p>\n<p>[\/et_pb_text][\/et_pb_column][et_pb_column type=&#8220;1_2&#8243; _builder_version=&#8220;4.8.2&#8243; _module_preset=&#8220;default&#8220;][\/et_pb_column][\/et_pb_row][\/et_pb_section]<\/p>","protected":false},"excerpt":{"rendered":"<p>AVA Serie, AMC Serie, AVS Serie, ASM SerieAVS SerieDas Antennenverteilungssystem AVS ist eine sehr flexible Verteilungsl\u00f6sung Kommunikationsanwendungen im Kurzwellenbereich. Die Standardversionen, die in einer einzelnen 19-Zoll-4-HE-Einschubeinheit integriert sind, bieten die nicht blockierende Schaltverteilung von bis zu 8 Antenneneing\u00e4ngen auf bis zu 40 Empf\u00e4ngerausg\u00e4ngen. Das System kann erweitert werden um die Verteilung von bis zu 16 [&hellip;]<\/p>","protected":false},"author":5,"featured_media":0,"parent":0,"menu_order":0,"comment_status":"closed","ping_status":"closed","template":"","meta":{"_et_pb_use_builder":"on","_et_pb_old_content":"","_et_gb_content_width":"","footnotes":""},"_links":{"self":[{"href":"https:\/\/aas.marketing.sh\/en\/wp-json\/wp\/v2\/pages\/2900"}],"collection":[{"href":"https:\/\/aas.marketing.sh\/en\/wp-json\/wp\/v2\/pages"}],"about":[{"href":"https:\/\/aas.marketing.sh\/en\/wp-json\/wp\/v2\/types\/page"}],"author":[{"embeddable":true,"href":"https:\/\/aas.marketing.sh\/en\/wp-json\/wp\/v2\/users\/5"}],"replies":[{"embeddable":true,"href":"https:\/\/aas.marketing.sh\/en\/wp-json\/wp\/v2\/comments?post=2900"}],"version-history":[{"count":15,"href":"https:\/\/aas.marketing.sh\/en\/wp-json\/wp\/v2\/pages\/2900\/revisions"}],"predecessor-version":[{"id":3914,"href":"https:\/\/aas.marketing.sh\/en\/wp-json\/wp\/v2\/pages\/2900\/revisions\/3914"}],"wp:attachment":[{"href":"https:\/\/aas.marketing.sh\/en\/wp-json\/wp\/v2\/media?parent=2900"}],"curies":[{"name":"wp","href":"https:\/\/api.w.org\/{rel}","templated":true}]}}