{"id":3000,"date":"2021-02-16T07:57:04","date_gmt":"2021-02-16T07:57:04","guid":{"rendered":"https:\/\/aas.marketing.sh\/?page_id=3000"},"modified":"2021-02-26T11:42:23","modified_gmt":"2021-02-26T11:42:23","slug":"amc-b1-serie-20-mhz-3-6-ghz","status":"publish","type":"page","link":"https:\/\/aas.marketing.sh\/en\/amc-b1-serie-20-mhz-3-6-ghz\/","title":{"rendered":"AMC B1 Serie (20 MHz &#8211; 3.6 GHz)"},"content":{"rendered":"<p>[et_pb_section fb_built=&#8220;1&#8243; fullwidth=&#8220;on&#8220; _builder_version=&#8220;4.8.2&#8243; _module_preset=&#8220;default&#8220; global_module=&#8220;2942&#8243; saved_tabs=&#8220;all&#8220;][et_pb_fullwidth_slider _builder_version=&#8220;4.8.2&#8243; _module_preset=&#8220;default&#8220; header_font=&#8220;|700|||||||&#8220; header_font_size=&#8220;70px&#8220; body_font_size=&#8220;30px&#8220; height=&#8220;743px&#8220; height_tablet=&#8220;&#8220; height_phone=&#8220;&#8220; height_last_edited=&#8220;on|phone&#8220; header_text_shadow_style=&#8220;preset1&#8243; header_text_shadow_vertical_length=&#8220;0.07em&#8220; header_text_shadow_blur_strength=&#8220;0.11em&#8220;][et_pb_slide heading=&#8220;Verteilsysteme&#8220; use_bg_overlay=&#8220;on&#8220; bg_overlay_color=&#8220;rgba(12,38,112,0.83)&#8220; content_tablet=&#8220;&#8220; content_phone=&#8220;<\/p>\n<p>AVA Serie, AMC Serie, <br \/>AVS Serie, ASM Serie<\/p>\n<p>&#8220; content_last_edited=&#8220;on|phone&#8220; _builder_version=&#8220;4.8.2&#8243; _module_preset=&#8220;default&#8220; body_font_size=&#8220;20px&#8220; body_line_height=&#8220;3em&#8220; background_color=&#8220;RGBA(0,0,0,0)&#8220; background_enable_color=&#8220;on&#8220; background_image=&#8220;https:\/\/aas.marketing.sh\/wp-content\/uploads\/2021\/02\/antenna-systems-header-category.jpg&#8220; background_enable_image=&#8220;on&#8220; header_font_size_tablet=&#8220;&#8220; header_font_size_phone=&#8220;36px&#8220; header_font_size_last_edited=&#8220;on|phone&#8220; body_line_height_tablet=&#8220;&#8220; body_line_height_phone=&#8220;1.5em&#8220; body_line_height_last_edited=&#8220;on|phone&#8220; sticky_transition=&#8220;on&#8220;]<\/p>\n<p>AVA, AMC, AVS, ASM Systems<\/p>\n<p>[\/et_pb_slide][\/et_pb_fullwidth_slider][\/et_pb_section][et_pb_section fb_built=&#8220;1&#8243; _builder_version=&#8220;4.8.2&#8243; _module_preset=&#8220;default&#8220;][et_pb_row _builder_version=&#8220;4.8.2&#8243; _module_preset=&#8220;default&#8220;][et_pb_column type=&#8220;4_4&#8243; _builder_version=&#8220;4.8.2&#8243; _module_preset=&#8220;default&#8220;][et_pb_image src=&#8220;https:\/\/aas.marketing.sh\/wp-content\/uploads\/2021\/02\/amc_01.jpg&#8220; title_text=&#8220;amc_01&#8243; _builder_version=&#8220;4.8.2&#8243; _module_preset=&#8220;default&#8220;][\/et_pb_image][\/et_pb_column][\/et_pb_row][et_pb_row _builder_version=&#8220;4.8.2&#8243; _module_preset=&#8220;default&#8220;][et_pb_column type=&#8220;4_4&#8243; _builder_version=&#8220;4.8.2&#8243; _module_preset=&#8220;default&#8220;][et_pb_text _builder_version=&#8220;4.8.2&#8243; _module_preset=&#8220;default&#8220; text_font=&#8220;|600|||||||&#8220; text_text_color=&#8220;#000000&#8243; text_font_size=&#8220;30px&#8220; custom_margin=&#8220;||-21px||false|false&#8220; header_2_font=&#8220;|600|||||||&#8220; header_2_font_size_phone=&#8220;27px&#8220; header_2_font_size_last_edited=&#8220;on|phone&#8220; header_2_line_height_phone=&#8220;1.3em&#8220; header_2_line_height_last_edited=&#8220;on|phone&#8220; content_last_edited=&#8220;on|phone&#8220; content_phone=&#8220;<\/p>\n<h2>Verteilsysteme AMC &#8211; <br \/>B1 Serie (20 &#8211; 3600 MHz)<\/h2>\n<p>&#8220; hover_enabled=&#8220;0&#8243; sticky_enabled=&#8220;0&#8243;]<\/p>\n<h2>Antenna Distributor AMC - B1 Series (20 - 3600 MHz)<\/h2>\n<p>[\/et_pb_text][\/et_pb_column][\/et_pb_row][et_pb_row column_structure=&#8220;1_2,1_2&#8243; _builder_version=&#8220;4.8.2&#8243; _module_preset=&#8220;default&#8220;][et_pb_column type=&#8220;1_2&#8243; _builder_version=&#8220;4.8.2&#8243; _module_preset=&#8220;default&#8220;][et_pb_text _builder_version=&#8220;4.8.2&#8243; _module_preset=&#8220;default&#8220;]<\/p>\n<p>The AMC series is a flexible antenna distribution solution for communication applications in the receiving path. It is available for various frequency ranges from 10 kHz to 3.6 GHz.<\/p>\n<p>The AMC B1 series covers the frequency range from 20 MHz to 3600 MHz.<\/p>\n<p>In accordance with requirements of the project 4, 8, 12 or 16 outputs can be provided. BNC, N or SMA standard type output connectors are available. Further customer requirements can be considered.<\/p>\n<p>The AMC series is furnished into a single 19-inch 1 HU slide-in unit so its small footprint allows for flexible integration into the application environment.<\/p>\n<p>[\/et_pb_text][\/et_pb_column][et_pb_column type=&#8220;1_2&#8243; _builder_version=&#8220;4.8.2&#8243; _module_preset=&#8220;default&#8220;][et_pb_text _builder_version=&#8220;4.8.2&#8243; _module_preset=&#8220;default&#8220;]<\/p>\n<p>The AMC series can be powered from a standard AC and\/or DC (battery) mains supply.<\/p>\n<p>Flexible configuration to meet application needs<\/p>\n<p>Distribution of one antenna signal to 4, 8, 12 or 16 outputs<\/p>\n<p>Input protection 2 kV 50 ms<\/p>\n<p>Remote power feeding of active antennas supported<\/p>\n<p>AC mains supply supported<\/p>\n<p>DC (battery) mains supply supported<\/p>\n<p>[\/et_pb_text][\/et_pb_column][\/et_pb_row][et_pb_row column_structure=&#8220;1_2,1_2&#8243; _builder_version=&#8220;4.8.2&#8243; _module_preset=&#8220;default&#8220;][et_pb_column type=&#8220;1_2&#8243; _builder_version=&#8220;4.8.2&#8243; _module_preset=&#8220;default&#8220;][et_pb_button button_url=&#8220;https:\/\/aas.marketing.sh\/wp-content\/uploads\/2021\/02\/amc-2_8_5_EN.pdf&#8220; button_text=&#8220;Produkt Informationen&#8220; _builder_version=&#8220;4.8.2&#8243; _module_preset=&#8220;default&#8220;][\/et_pb_button][\/et_pb_column][et_pb_column type=&#8220;1_2&#8243; _builder_version=&#8220;4.8.2&#8243; _module_preset=&#8220;default&#8220;][\/et_pb_column][\/et_pb_row][\/et_pb_section]<\/p>","protected":false},"excerpt":{"rendered":"<p>AVA Serie, AMC Serie, AVS Serie, ASM SerieVerteilsysteme AMC &#8211; B1 Serie (20 &#8211; 3600 MHz)Die AMC-Serie ist eine flexible Antennenverteilungsl\u00f6sung f\u00fcr Kommunikationsanwendungen im Empfangspfad. Es ist f\u00fcr verschiedene Frequenzbereiche von 10 kHz bis 3,6 GHz erh\u00e4ltlich. Die AMC B1 Serie deckt den Frequenzbereich von 20 MHz bis 3600 MHz ab. Entsprechend den Anforderungen des [&hellip;]<\/p>","protected":false},"author":5,"featured_media":0,"parent":0,"menu_order":0,"comment_status":"closed","ping_status":"closed","template":"","meta":{"_et_pb_use_builder":"on","_et_pb_old_content":"","_et_gb_content_width":"","footnotes":""},"_links":{"self":[{"href":"https:\/\/aas.marketing.sh\/en\/wp-json\/wp\/v2\/pages\/3000"}],"collection":[{"href":"https:\/\/aas.marketing.sh\/en\/wp-json\/wp\/v2\/pages"}],"about":[{"href":"https:\/\/aas.marketing.sh\/en\/wp-json\/wp\/v2\/types\/page"}],"author":[{"embeddable":true,"href":"https:\/\/aas.marketing.sh\/en\/wp-json\/wp\/v2\/users\/5"}],"replies":[{"embeddable":true,"href":"https:\/\/aas.marketing.sh\/en\/wp-json\/wp\/v2\/comments?post=3000"}],"version-history":[{"count":7,"href":"https:\/\/aas.marketing.sh\/en\/wp-json\/wp\/v2\/pages\/3000\/revisions"}],"predecessor-version":[{"id":3866,"href":"https:\/\/aas.marketing.sh\/en\/wp-json\/wp\/v2\/pages\/3000\/revisions\/3866"}],"wp:attachment":[{"href":"https:\/\/aas.marketing.sh\/en\/wp-json\/wp\/v2\/media?parent=3000"}],"curies":[{"name":"wp","href":"https:\/\/api.w.org\/{rel}","templated":true}]}}