{"id":3048,"date":"2021-02-16T08:37:40","date_gmt":"2021-02-16T08:37:40","guid":{"rendered":"https:\/\/aas.marketing.sh\/?page_id=3048"},"modified":"2021-04-29T07:23:26","modified_gmt":"2021-04-29T07:23:26","slug":"verteilsysteme","status":"publish","type":"page","link":"https:\/\/aas.marketing.sh\/en\/verteilsysteme\/","title":{"rendered":"Distribution Systems"},"content":{"rendered":"<p>[et_pb_section fb_built=&#8220;1&#8243; fullwidth=&#8220;on&#8220; _builder_version=&#8220;4.8.2&#8243; _module_preset=&#8220;default&#8220; global_module=&#8220;2942&#8243; saved_tabs=&#8220;all&#8220;][et_pb_fullwidth_slider _builder_version=&#8220;4.8.2&#8243; _module_preset=&#8220;default&#8220; header_font=&#8220;|700|||||||&#8220; header_font_size=&#8220;70px&#8220; body_font_size=&#8220;30px&#8220; height=&#8220;743px&#8220; height_tablet=&#8220;&#8220; height_phone=&#8220;&#8220; height_last_edited=&#8220;on|phone&#8220; header_text_shadow_style=&#8220;preset1&#8243; header_text_shadow_vertical_length=&#8220;0.07em&#8220; header_text_shadow_blur_strength=&#8220;0.11em&#8220;][et_pb_slide heading=&#8220;Verteilsysteme&#8220; use_bg_overlay=&#8220;on&#8220; bg_overlay_color=&#8220;rgba(12,38,112,0.83)&#8220; content_tablet=&#8220;&#8220; content_phone=&#8220;<\/p>\n<p>AVA Serie, AMC Serie, <br \/>AVS Serie, ASM Serie<\/p>\n<p>&#8220; content_last_edited=&#8220;on|phone&#8220; _builder_version=&#8220;4.8.2&#8243; _module_preset=&#8220;default&#8220; body_font_size=&#8220;20px&#8220; body_line_height=&#8220;3em&#8220; background_color=&#8220;RGBA(0,0,0,0)&#8220; background_enable_color=&#8220;on&#8220; background_image=&#8220;https:\/\/aas.marketing.sh\/wp-content\/uploads\/2021\/02\/antenna-systems-header-category.jpg&#8220; background_enable_image=&#8220;on&#8220; header_font_size_tablet=&#8220;&#8220; header_font_size_phone=&#8220;36px&#8220; header_font_size_last_edited=&#8220;on|phone&#8220; body_line_height_tablet=&#8220;&#8220; body_line_height_phone=&#8220;1.5em&#8220; body_line_height_last_edited=&#8220;on|phone&#8220; sticky_transition=&#8220;on&#8220;]<\/p>\n<p>AVA, AMC, AVS, ASM Systems<\/p>\n<p>[\/et_pb_slide][\/et_pb_fullwidth_slider][\/et_pb_section][et_pb_section fb_built=&#8220;1&#8243; _builder_version=&#8220;4.8.2&#8243; _module_preset=&#8220;default&#8220;][et_pb_row column_structure=&#8220;1_2,1_2&#8243; _builder_version=&#8220;4.8.2&#8243; _module_preset=&#8220;default&#8220;][et_pb_column type=&#8220;1_2&#8243; _builder_version=&#8220;4.8.2&#8243; _module_preset=&#8220;default&#8220;][et_pb_image src=&#8220;https:\/\/aas.marketing.sh\/wp-content\/uploads\/2021\/02\/ava.jpg&#8220; title_text=&#8220;ava&#8220; _builder_version=&#8220;4.8.2&#8243; _module_preset=&#8220;default&#8220;][\/et_pb_image][et_pb_text _builder_version=&#8220;4.9.0&#8243; _module_preset=&#8220;default&#8220; text_orientation=&#8220;center&#8220; custom_margin=&#8220;-3px||||false|false&#8220;]<\/p>\n<h2>AVA Series<\/h2>\n<p>The Antenna Distribution System AVA is a very flexible distribution solution for short wave communication applications.<br \/> The AVA series covers the frequency range from 10 kHz to 30 MHz<\/p>\n<p>[\/et_pb_text][et_pb_button button_url=&#8220;https:\/\/aas.marketing.sh\/ava-serie\/?et_fb=1&#038;PageSpeed=off&#8220; button_text=&#8220;Weiterlesen&#8220; button_alignment=&#8220;center&#8220; _builder_version=&#8220;4.8.2&#8243; _module_preset=&#8220;default&#8220; custom_margin=&#8220;-9px||||false|false&#8220;][\/et_pb_button][\/et_pb_column][et_pb_column type=&#8220;1_2&#8243; _builder_version=&#8220;4.8.2&#8243; _module_preset=&#8220;default&#8220;][et_pb_image src=&#8220;https:\/\/aas.marketing.sh\/wp-content\/uploads\/2021\/02\/amc.jpg&#8220; title_text=&#8220;amc&#8220; _builder_version=&#8220;4.8.2&#8243; _module_preset=&#8220;default&#8220;][\/et_pb_image][et_pb_text _builder_version=&#8220;4.9.0&#8243; _module_preset=&#8220;default&#8220; text_orientation=&#8220;center&#8220; custom_margin=&#8220;-3px||||false|false&#8220; locked=&#8220;off&#8220;]<\/p>\n<h2>AMC Series<\/h2>\n<p>The AMC series is a flexible antenna distribution solution for communication applications in the receiving path. It is available for various frequency ranges from 10 kHz to 3.6 GHz.<\/p>\n<p>[\/et_pb_text][et_pb_button button_url=&#8220;https:\/\/aas.marketing.sh\/amc-series\/&#8220; button_text=&#8220;Weiterlesen&#8220; button_alignment=&#8220;center&#8220; _builder_version=&#8220;4.8.2&#8243; _module_preset=&#8220;default&#8220; custom_margin=&#8220;-9px||||false|false&#8220; locked=&#8220;off&#8220;][\/et_pb_button][\/et_pb_column][\/et_pb_row][et_pb_row column_structure=&#8220;1_2,1_2&#8243; _builder_version=&#8220;4.8.2&#8243; _module_preset=&#8220;default&#8220;][et_pb_column type=&#8220;1_2&#8243; _builder_version=&#8220;4.8.2&#8243; _module_preset=&#8220;default&#8220;][et_pb_image src=&#8220;https:\/\/aas.marketing.sh\/wp-content\/uploads\/2021\/02\/ava.jpg&#8220; title_text=&#8220;ava&#8220; _builder_version=&#8220;4.8.2&#8243; _module_preset=&#8220;default&#8220;][\/et_pb_image][et_pb_text _builder_version=&#8220;4.9.0&#8243; _module_preset=&#8220;default&#8220; text_orientation=&#8220;center&#8220; custom_margin=&#8220;-3px||||false|false&#8220;]<\/p>\n<h2>AVS Series<\/h2>\n<p>The Antenna Distribution System AVS is a very flexible distribution solution for short wave communication applications.<br \/> The <strong>standard AVS A Series<\/strong> supports the frequency range <br \/>from 10 kHz to 30 MHz.<br \/> The <strong>standard AVS B Series<\/strong> supports the frequency range <br \/>from 1.5 MHz kHz to 30 MHz.<\/p>\n<p>[\/et_pb_text][et_pb_button button_url=&#8220;https:\/\/aas.marketing.sh\/avs-serie\/&#8220; button_text=&#8220;Weiterlesen&#8220; button_alignment=&#8220;center&#8220; _builder_version=&#8220;4.8.2&#8243; _module_preset=&#8220;default&#8220; custom_margin=&#8220;-9px||||false|false&#8220;][\/et_pb_button][\/et_pb_column][et_pb_column type=&#8220;1_2&#8243; _builder_version=&#8220;4.8.2&#8243; _module_preset=&#8220;default&#8220;][et_pb_image src=&#8220;https:\/\/aas.marketing.sh\/wp-content\/uploads\/2021\/02\/amc.jpg&#8220; title_text=&#8220;amc&#8220; _builder_version=&#8220;4.8.2&#8243; _module_preset=&#8220;default&#8220;][\/et_pb_image][et_pb_text _builder_version=&#8220;4.9.0&#8243; _module_preset=&#8220;default&#8220; text_orientation=&#8220;center&#8220; custom_margin=&#8220;-3px||||false|false&#8220; hover_enabled=&#8220;0&#8243; locked=&#8220;off&#8220; sticky_enabled=&#8220;0&#8243;]<\/p>\n<h2>ASM Series<\/h2>\n<p>The Audio Switch Matrix (ASM) is designed for integration into systems in which signal sources are to be connect with different communication devices. The signal direction is bidirectional to and from the terminals and devices.<\/p>\n<p>[\/et_pb_text][et_pb_button button_url=&#8220;https:\/\/aas.marketing.sh\/asm-serie\/&#8220; button_text=&#8220;Weiterlesen&#8220; button_alignment=&#8220;center&#8220; _builder_version=&#8220;4.8.2&#8243; _module_preset=&#8220;default&#8220; custom_margin=&#8220;-9px||||false|false&#8220; locked=&#8220;off&#8220;][\/et_pb_button][\/et_pb_column][\/et_pb_row][et_pb_row column_structure=&#8220;1_4,1_4,1_4,1_4&#8243; _builder_version=&#8220;4.8.2&#8243; _module_preset=&#8220;default&#8220; custom_margin=&#8220;46px||||false|false&#8220;][et_pb_column type=&#8220;1_4&#8243; _builder_version=&#8220;4.8.2&#8243; _module_preset=&#8220;default&#8220;][et_pb_button button_url=&#8220;https:\/\/aas.marketing.sh\/ava-series-10-khz-30-mhz\/&#8220; button_text=&#8220;AVA Serie&#8220; _builder_version=&#8220;4.9.0&#8243; _module_preset=&#8220;default&#8220;][\/et_pb_button][\/et_pb_column][et_pb_column type=&#8220;1_4&#8243; _builder_version=&#8220;4.8.2&#8243; _module_preset=&#8220;default&#8220;][et_pb_button button_url=&#8220;https:\/\/aas.marketing.sh\/avb-serie\/&#8220; button_text=&#8220;AVB Serie&#8220; _builder_version=&#8220;4.9.0&#8243; _module_preset=&#8220;default&#8220;][\/et_pb_button][\/et_pb_column][et_pb_column type=&#8220;1_4&#8243; _builder_version=&#8220;4.8.2&#8243; _module_preset=&#8220;default&#8220;][et_pb_button button_url=&#8220;https:\/\/aas.marketing.sh\/amc-serie\/&#8220; button_text=&#8220;AMC Serie&#8220; _builder_version=&#8220;4.9.0&#8243; _module_preset=&#8220;default&#8220;][\/et_pb_button][\/et_pb_column][et_pb_column type=&#8220;1_4&#8243; _builder_version=&#8220;4.8.2&#8243; _module_preset=&#8220;default&#8220;][et_pb_button button_url=&#8220;https:\/\/aas.marketing.sh\/audio-switch-matrix-am-serie\/&#8220; button_text=&#8220;ASM Serie&#8220; _builder_version=&#8220;4.9.0&#8243; _module_preset=&#8220;default&#8220;][\/et_pb_button][\/et_pb_column][\/et_pb_row][\/et_pb_section]<\/p>","protected":false},"excerpt":{"rendered":"<p>AVA Serie, AMC Serie, AVS Serie, ASM SerieAVA Serie Das Antennenverteilungssystem AVA ist eine sehr flexible Verteilerl\u00f6sung f\u00fcr die Kurzwellenkommunikation in Empfangsrichtung. Die AVA-Serie deckt den Frequenzbereich von 10 kHz bis 30 MHz ab.AMC Serie Die AMC-Serie ist eine flexible Antennenverteilungsl\u00f6sung f\u00fcr Kommunikationsanwendungen im Empfangspfad. Die Serie ist f\u00fcr verschiedene Frequenzbereiche von 10 kHz bis [&hellip;]<\/p>","protected":false},"author":5,"featured_media":0,"parent":0,"menu_order":0,"comment_status":"closed","ping_status":"closed","template":"","meta":{"_et_pb_use_builder":"on","_et_pb_old_content":"","_et_gb_content_width":"","footnotes":""},"_links":{"self":[{"href":"https:\/\/aas.marketing.sh\/en\/wp-json\/wp\/v2\/pages\/3048"}],"collection":[{"href":"https:\/\/aas.marketing.sh\/en\/wp-json\/wp\/v2\/pages"}],"about":[{"href":"https:\/\/aas.marketing.sh\/en\/wp-json\/wp\/v2\/types\/page"}],"author":[{"embeddable":true,"href":"https:\/\/aas.marketing.sh\/en\/wp-json\/wp\/v2\/users\/5"}],"replies":[{"embeddable":true,"href":"https:\/\/aas.marketing.sh\/en\/wp-json\/wp\/v2\/comments?post=3048"}],"version-history":[{"count":34,"href":"https:\/\/aas.marketing.sh\/en\/wp-json\/wp\/v2\/pages\/3048\/revisions"}],"predecessor-version":[{"id":4013,"href":"https:\/\/aas.marketing.sh\/en\/wp-json\/wp\/v2\/pages\/3048\/revisions\/4013"}],"wp:attachment":[{"href":"https:\/\/aas.marketing.sh\/en\/wp-json\/wp\/v2\/media?parent=3048"}],"curies":[{"name":"wp","href":"https:\/\/api.w.org\/{rel}","templated":true}]}}