{"id":3169,"date":"2021-02-17T07:40:06","date_gmt":"2021-02-17T07:40:06","guid":{"rendered":"https:\/\/aas.marketing.sh\/?page_id=3169"},"modified":"2021-04-28T13:14:45","modified_gmt":"2021-04-28T13:14:45","slug":"mitarbeiter-m-w-d-fuer-das-prueffeld","status":"publish","type":"page","link":"https:\/\/aas.marketing.sh\/en\/mitarbeiter-m-w-d-fuer-das-prueffeld\/","title":{"rendered":"Test Branch Engineer\/Technician"},"content":{"rendered":"<p>[et_pb_section fb_built=&#8220;1&#8243; _builder_version=&#8220;3.22&#8243;][et_pb_row _builder_version=&#8220;4.8.2&#8243; _module_preset=&#8220;default&#8220;][et_pb_column type=&#8220;4_4&#8243; _builder_version=&#8220;4.8.2&#8243; _module_preset=&#8220;default&#8220;][et_pb_image src=&#8220;https:\/\/aas.marketing.sh\/wp-content\/uploads\/2021\/04\/AdobeStock_97830561-scaled.jpeg&#8220; title_text=&#8220;Spectrum on the EMI receiver&#8220; _builder_version=&#8220;4.9.0&#8243; _module_preset=&#8220;default&#8220; hover_enabled=&#8220;0&#8243; sticky_enabled=&#8220;0&#8243;][\/et_pb_image][\/et_pb_column][\/et_pb_row][et_pb_row _builder_version=&#8220;4.8.2&#8243; _module_preset=&#8220;default&#8220;][et_pb_column type=&#8220;4_4&#8243; _builder_version=&#8220;4.8.2&#8243; _module_preset=&#8220;default&#8220;][et_pb_text _builder_version=&#8220;4.8.2&#8243; _module_preset=&#8220;default&#8220; text_font=&#8220;|600|||||||&#8220; text_text_color=&#8220;#000000&#8243; text_font_size=&#8220;30px&#8220; text_line_height_tablet=&#8220;&#8220; text_line_height_phone=&#8220;1.2em&#8220; text_line_height_last_edited=&#8220;on|phone&#8220;]<\/p>\n<p>Test Branch Engineer\/Technician<\/p>\n<p>[\/et_pb_text][\/et_pb_column][\/et_pb_row][et_pb_row _builder_version=&#8220;4.8.2&#8243; _module_preset=&#8220;default&#8220;][et_pb_column type=&#8220;4_4&#8243; _builder_version=&#8220;4.8.2&#8243; _module_preset=&#8220;default&#8220;][et_pb_text _builder_version=&#8220;4.8.2&#8243; _module_preset=&#8220;default&#8220;]<\/p>\n<p>aas.tech is a provider of transmission technology and communication systems with a focus on active and passive antennas, receiving and transmission technology. The spectrum covers electrical and mechanical design, development, manufacturing, purchase, sale, project management, installation, commissioning, training and services.<\/p>\n<p>By innovative product developments we care for and enlarge our product portfolio. We orientate ourselves both at the needs of our customers and at new technologies and future market trends. \nInnovative custom-designed development services in the areas of system-\/ function-\/ software development as well as applications of antenna and antenna distribution systems for different fields of application are in the focus.<\/p>\n<p>[\/et_pb_text][\/et_pb_column][\/et_pb_row][et_pb_row column_structure=&#8220;1_2,1_2&#8243; _builder_version=&#8220;4.8.2&#8243; _module_preset=&#8220;default&#8220;][et_pb_column type=&#8220;1_2&#8243; _builder_version=&#8220;4.8.2&#8243; _module_preset=&#8220;default&#8220;][et_pb_text _builder_version=&#8220;4.8.2&#8243; _module_preset=&#8220;default&#8220; header_5_font=&#8220;|600|||||||&#8220; header_5_font_size=&#8220;19px&#8220;]<\/p>\n<h5>Tasks<\/h5>\n<p><strong><\/strong><\/p>\n<ul>\n<li>You are responsible for carrying out tests on assemblies and devices in the test field, technical support for our product range, prototype building and support for series production.<\/li>\n<li>You manage and maintain the test documentation and accompany the products in the test field during their life cycle.<\/li>\n<li>You carry out quality checks and manage accompanying documents.<\/li>\n<li>You support the quotation process and planning of working packages.<\/li>\n<\/ul>\n<p>[\/et_pb_text][\/et_pb_column][et_pb_column type=&#8220;1_2&#8243; _builder_version=&#8220;4.8.2&#8243; _module_preset=&#8220;default&#8220;][et_pb_text _builder_version=&#8220;4.8.2&#8243; _module_preset=&#8220;default&#8220; header_5_font=&#8220;|600|||||||&#8220; header_5_font_size=&#8220;19px&#8220; locked=&#8220;off&#8220;]<\/p>\n<h5>Profile<\/h5>\n<ul>\n<li>Technician electrical engineering, communications engineering or comparable with relevant professional experience<\/li>\n<li>Experience in the field of analogous and digital measurement technology<\/li>\n<li>Good knowledge of analogous and digital circuit technology, microcontrollers<\/li>\n<li>Good knowledge of the German language, spoken and written<\/li>\n<li>English language knowledge is an advantage<\/li>\n<li>Teamwork and communication skills, entrepreneurial thinking, independent, efficient and conscientious way of working<\/li>\n<\/ul>\n<p>[\/et_pb_text][\/et_pb_column][\/et_pb_row][et_pb_row _builder_version=&#8220;4.8.2&#8243; _module_preset=&#8220;default&#8220;][et_pb_column type=&#8220;4_4&#8243; _builder_version=&#8220;4.8.2&#8243; _module_preset=&#8220;default&#8220;][et_pb_text _builder_version=&#8220;4.8.2&#8243; _module_preset=&#8220;default&#8220;]<\/p>\n<p>We offer you a varied position with attractive working conditions and a performance-related salary.<br \/> If you want to work in our ambitious environment and do not shy away from high technological demands, then you will find your position with us.<\/p>\n<p>We look forward to your detailed application stating your salary expectations and your earliest possible starting date.<\/p>\n<p>Please send your application in PDF format to <a href=\"mailto:kontakt@aastech.de\">contact@aastech.de<\/a>.<\/p>\n<p>[\/et_pb_text][\/et_pb_column][\/et_pb_row][\/et_pb_section]<\/p>","protected":false},"excerpt":{"rendered":"<p>Mitarbeiter (m\/w\/d) f\u00fcr das Pr\u00fcffeldaas.tech ist ein Anbieter f\u00fcr \u00dcbertragungstechnik und Kommunikationssysteme mit den Schwerpunkten aktive und passive Antennensysteme, Empfangs- und Sendetechnik. Das Leistungsspektrum umfasst Design, Entwicklung, Konstruktion, Herstellung, Verkauf, Projektmanagement, Installation, Inbetriebnahme, Schulung und Dienstleistungen. Durch innovative Produktentwicklungen pflegen und erweitern wir unser Produktportfolio. Dabei orientieren wir uns sowohl an den Bed\u00fcrfnissen unserer Kunden [&hellip;]<\/p>","protected":false},"author":5,"featured_media":0,"parent":0,"menu_order":0,"comment_status":"closed","ping_status":"closed","template":"","meta":{"_et_pb_use_builder":"on","_et_pb_old_content":"","_et_gb_content_width":"","footnotes":""},"_links":{"self":[{"href":"https:\/\/aas.marketing.sh\/en\/wp-json\/wp\/v2\/pages\/3169"}],"collection":[{"href":"https:\/\/aas.marketing.sh\/en\/wp-json\/wp\/v2\/pages"}],"about":[{"href":"https:\/\/aas.marketing.sh\/en\/wp-json\/wp\/v2\/types\/page"}],"author":[{"embeddable":true,"href":"https:\/\/aas.marketing.sh\/en\/wp-json\/wp\/v2\/users\/5"}],"replies":[{"embeddable":true,"href":"https:\/\/aas.marketing.sh\/en\/wp-json\/wp\/v2\/comments?post=3169"}],"version-history":[{"count":8,"href":"https:\/\/aas.marketing.sh\/en\/wp-json\/wp\/v2\/pages\/3169\/revisions"}],"predecessor-version":[{"id":3975,"href":"https:\/\/aas.marketing.sh\/en\/wp-json\/wp\/v2\/pages\/3169\/revisions\/3975"}],"wp:attachment":[{"href":"https:\/\/aas.marketing.sh\/en\/wp-json\/wp\/v2\/media?parent=3169"}],"curies":[{"name":"wp","href":"https:\/\/api.w.org\/{rel}","templated":true}]}}