{"id":3207,"date":"2021-02-17T08:00:17","date_gmt":"2021-02-17T08:00:17","guid":{"rendered":"https:\/\/aas.marketing.sh\/?page_id=3207"},"modified":"2021-05-03T08:02:55","modified_gmt":"2021-05-03T08:02:55","slug":"mitarbeiter-fuer-den-versand","status":"publish","type":"page","link":"https:\/\/aas.marketing.sh\/en\/mitarbeiter-fuer-den-versand\/","title":{"rendered":"Dispatch Staff"},"content":{"rendered":"<p>[et_pb_section fb_built=&#8220;1&#8243; _builder_version=&#8220;3.22&#8243;][et_pb_row _builder_version=&#8220;4.8.2&#8243; _module_preset=&#8220;default&#8220;][et_pb_column type=&#8220;4_4&#8243; _builder_version=&#8220;4.8.2&#8243; _module_preset=&#8220;default&#8220;][et_pb_image src=&#8220;https:\/\/aas.marketing.sh\/wp-content\/uploads\/2021\/05\/AdobeStock_384632360-scaled.jpeg&#8220; title_text=&#8220;Female seller scanning ecommerce shipping box in dropshipping warehouse.&#8220; _builder_version=&#8220;4.9.0&#8243; _module_preset=&#8220;default&#8220; hover_enabled=&#8220;0&#8243; sticky_enabled=&#8220;0&#8243;][\/et_pb_image][\/et_pb_column][\/et_pb_row][et_pb_row _builder_version=&#8220;4.8.2&#8243; _module_preset=&#8220;default&#8220;][et_pb_column type=&#8220;4_4&#8243; _builder_version=&#8220;4.8.2&#8243; _module_preset=&#8220;default&#8220;][et_pb_text _builder_version=&#8220;4.8.2&#8243; _module_preset=&#8220;default&#8220; text_font=&#8220;|600|||||||&#8220; text_text_color=&#8220;#000000&#8243; text_font_size=&#8220;30px&#8220; text_line_height_tablet=&#8220;&#8220; text_line_height_phone=&#8220;1.2em&#8220; text_line_height_last_edited=&#8220;on|phone&#8220;]<\/p>\n<p>Dispatch Staff<\/p>\n<p>[\/et_pb_text][\/et_pb_column][\/et_pb_row][et_pb_row _builder_version=&#8220;4.8.2&#8243; _module_preset=&#8220;default&#8220;][et_pb_column type=&#8220;4_4&#8243; _builder_version=&#8220;4.8.2&#8243; _module_preset=&#8220;default&#8220;][et_pb_text _builder_version=&#8220;4.8.2&#8243; _module_preset=&#8220;default&#8220;]<\/p>\n<p>aas.tech is a provider of transmission technology and communication systems with a focus on active and passive antennas, receiving and transmission technology. The spectrum covers electrical and mechanical design, development, manufacturing, purchase, sale, project management, installation, commissioning, training and services.<\/p>\n<p>By innovative product developments we care for and enlarge our product portfolio. We orientate ourselves both at the needs of our customers and at new technologies and future market trends. \nInnovative custom-designed development services in the areas of system-\/ function-\/ software development as well as applications of antenna and antenna distribution systems for different fields of application are in the focus.<\/p>\n<p>[\/et_pb_text][\/et_pb_column][\/et_pb_row][et_pb_row column_structure=&#8220;1_2,1_2&#8243; _builder_version=&#8220;4.8.2&#8243; _module_preset=&#8220;default&#8220;][et_pb_column type=&#8220;1_2&#8243; _builder_version=&#8220;4.8.2&#8243; _module_preset=&#8220;default&#8220;][et_pb_text _builder_version=&#8220;4.8.2&#8243; _module_preset=&#8220;default&#8220; header_5_font=&#8220;|600|||||||&#8220; header_5_font_size=&#8220;19px&#8220;]<\/p>\n<h5>Tasks<\/h5>\n<p><strong><\/strong><\/p>\n<ul>\n<li>After familiarization, you will be responsible for all activities related to the dispatch of devices and other material. Shipments with a weight of approx. 10 kg to 20 kg should be handled alone.<\/li>\n<li>You check and pack the material to be shipped, create the shipping documents in our EDP system and prepare the shipments for collection.<\/li>\n<li>You register the pick-up with the carrier and track the shipment.<\/li>\n<li>You manage the packaging and shipping material.<\/li>\n<li>You carry out quality controls and quality-related documents.<\/li>\n<\/ul>\n<p>[\/et_pb_text][\/et_pb_column][et_pb_column type=&#8220;1_2&#8243; _builder_version=&#8220;4.8.2&#8243; _module_preset=&#8220;default&#8220;][et_pb_text _builder_version=&#8220;4.8.2&#8243; _module_preset=&#8220;default&#8220; header_5_font=&#8220;|600|||||||&#8220; header_5_font_size=&#8220;19px&#8220; locked=&#8220;off&#8220;]<\/p>\n<h5>Profile<\/h5>\n<ul>\n<li>Teamwork and communication skills, entrepreneurial thinking, independent, efficient and conscientious way of working<\/li>\n<li>Good knowledge of the German language, spoken and written, \nEnglish language knowledge is an advantage<\/li>\n<\/ul>\n<p>[\/et_pb_text][\/et_pb_column][\/et_pb_row][et_pb_row _builder_version=&#8220;4.8.2&#8243; _module_preset=&#8220;default&#8220;][et_pb_column type=&#8220;4_4&#8243; _builder_version=&#8220;4.8.2&#8243; _module_preset=&#8220;default&#8220;][et_pb_text _builder_version=&#8220;4.8.2&#8243; _module_preset=&#8220;default&#8220;]<\/p>\n<p>We offer you a varied position with attractive working conditions. The position is particularly suitable for marginal employment with working hours of around 7 to 10 hours per week.<\/p>\n<p>We look forward to your informative letter stating your earliest possible starting date.<\/p>\n<p>Please send your application in PDF format to <a href=\"mailto:kontakt@aastech.de\">contact@aastech.de<\/a>.<\/p>\n<p>[\/et_pb_text][\/et_pb_column][\/et_pb_row][\/et_pb_section]<\/p>","protected":false},"excerpt":{"rendered":"<p>Mitarbeiter (m\/w\/d) f\u00fcr den Versandaas.tech ist ein Anbieter f\u00fcr \u00dcbertragungstechnik und Kommunikationssysteme mit den Schwerpunkten aktive und passive Antennensysteme, Empfangs- und Sendetechnik. Das Leistungsspektrum umfasst Design, Entwicklung, Konstruktion, Herstellung, Verkauf, Projektmanagement, Installation, Inbetriebnahme, Schulung und Dienstleistungen. Durch innovative Produktentwicklungen pflegen und erweitern wir unser Produktportfolio. Dabei orientieren wir uns sowohl an den Bed\u00fcrfnissen unserer Kunden [&hellip;]<\/p>","protected":false},"author":5,"featured_media":0,"parent":0,"menu_order":0,"comment_status":"closed","ping_status":"closed","template":"","meta":{"_et_pb_use_builder":"on","_et_pb_old_content":"","_et_gb_content_width":"","footnotes":""},"_links":{"self":[{"href":"https:\/\/aas.marketing.sh\/en\/wp-json\/wp\/v2\/pages\/3207"}],"collection":[{"href":"https:\/\/aas.marketing.sh\/en\/wp-json\/wp\/v2\/pages"}],"about":[{"href":"https:\/\/aas.marketing.sh\/en\/wp-json\/wp\/v2\/types\/page"}],"author":[{"embeddable":true,"href":"https:\/\/aas.marketing.sh\/en\/wp-json\/wp\/v2\/users\/5"}],"replies":[{"embeddable":true,"href":"https:\/\/aas.marketing.sh\/en\/wp-json\/wp\/v2\/comments?post=3207"}],"version-history":[{"count":7,"href":"https:\/\/aas.marketing.sh\/en\/wp-json\/wp\/v2\/pages\/3207\/revisions"}],"predecessor-version":[{"id":4068,"href":"https:\/\/aas.marketing.sh\/en\/wp-json\/wp\/v2\/pages\/3207\/revisions\/4068"}],"wp:attachment":[{"href":"https:\/\/aas.marketing.sh\/en\/wp-json\/wp\/v2\/media?parent=3207"}],"curies":[{"name":"wp","href":"https:\/\/api.w.org\/{rel}","templated":true}]}}