{"id":3277,"date":"2021-02-17T09:55:39","date_gmt":"2021-02-17T09:55:39","guid":{"rendered":"https:\/\/aas.marketing.sh\/?page_id=3277"},"modified":"2021-04-28T13:12:07","modified_gmt":"2021-04-28T13:12:07","slug":"kontakt","status":"publish","type":"page","link":"https:\/\/aas.marketing.sh\/en\/kontakt\/","title":{"rendered":"Contact Us"},"content":{"rendered":"<p>[et_pb_section fb_built=&#8220;1&#8243; _builder_version=&#8220;3.22&#8243;][et_pb_row _builder_version=&#8220;4.8.2&#8243; _module_preset=&#8220;default&#8220;][et_pb_column type=&#8220;4_4&#8243; _builder_version=&#8220;4.8.2&#8243; _module_preset=&#8220;default&#8220;][et_pb_image src=&#8220;https:\/\/aas.marketing.sh\/wp-content\/uploads\/2021\/04\/AdobeStock_152685935-scaled.jpeg&#8220; title_text=&#8220;junge fr\u00f6hliche frau am telefon&#8220; _builder_version=&#8220;4.9.0&#8243; _module_preset=&#8220;default&#8220; hover_enabled=&#8220;0&#8243; sticky_enabled=&#8220;0&#8243;][\/et_pb_image][\/et_pb_column][\/et_pb_row][et_pb_row _builder_version=&#8220;4.8.2&#8243; _module_preset=&#8220;default&#8220;][et_pb_column type=&#8220;4_4&#8243; _builder_version=&#8220;4.8.2&#8243; _module_preset=&#8220;default&#8220;][et_pb_text _builder_version=&#8220;4.8.2&#8243; _module_preset=&#8220;default&#8220; text_font=&#8220;|600|||||||&#8220; text_text_color=&#8220;#000000&#8243; text_font_size=&#8220;30px&#8220;]<\/p>\n<p>Contact Us<\/p>\n<p>[\/et_pb_text][\/et_pb_column][\/et_pb_row][et_pb_row _builder_version=&#8220;4.8.2&#8243; _module_preset=&#8220;default&#8220;][et_pb_column type=&#8220;4_4&#8243; _builder_version=&#8220;4.8.2&#8243; _module_preset=&#8220;default&#8220;][et_pb_text _builder_version=&#8220;4.8.2&#8243; _module_preset=&#8220;default&#8220; header_5_font=&#8220;|600|||||||&#8220; header_5_font_size=&#8220;19px&#8220;]<\/p>\n<h5>We are accessible to You<\/h5>\n<p>We at aas.tech we welcome your thoughts, comments, questions and feedback.<\/p>\n<p>We are always here to help when you need us.<\/p>\n<p>&nbsp;<\/p>\n<h5>Personal Appointments<\/h5>\n<p>The corona crisis has an impact on our business activities. Because of this situation we continue do not offer personal appointments with our team. However, you can contact us as usual by phone and email.<\/p>\n<p>We continue to receive no visitors. Our most important concern in this context is the health of you, our employees and your and our families and fellow human beings.<\/p>\n<p>Until further notice, suppliers and other visitors may no longer enter the company premises. Suppliers and other visitors are received at the entrance. Personal data is recorded to document the infection chains.<\/p>\n<p>Thank you in advance for your understanding.<\/p>\n<p>&nbsp;<\/p>\n<h5>We welcome your contact at<\/h5>\n<table width=\"436\" height=\"134\">\n<tbody>\n<tr>\n<td style=\"width: 210px;\"><img loading=\"lazy\" decoding=\"async\" src=\"https:\/\/aas.marketing.sh\/wp-content\/uploads\/2021\/02\/logo.png\" width=\"122\" height=\"80\" alt=\"\" class=\"wp-image-2830 alignnone size-full\" srcset=\"https:\/\/aas.marketing.sh\/wp-content\/uploads\/2021\/02\/logo.png 122w, https:\/\/aas.marketing.sh\/wp-content\/uploads\/2021\/02\/logo-16x10.png 16w\" sizes=\"(max-width: 122px) 100vw, 122px\" \/><\/td>\n<td style=\"width: 210px;\">\n<p>aas.tech GmbH &amp; Co. KG<\/p>\n<p>Gutenbergring 53<br \/> 22848 Norderstedt<br \/> Germany<\/p>\n<\/td>\n<td style=\"width: 210px;\">\n<p>Delivery Address<br \/> aas.tech GmbH &amp; Co. KG<\/p>\n<p>Gutenbergring 53<br \/> Entrance F<br \/> 22848 Norderstedt<br \/> Germany<\/p>\n<\/td>\n<\/tr>\n<tr>\n<td style=\"width: 210px;\">Telephone<\/td>\n<td style=\"width: 210px;\">+49 (0) 40 8836 42 200<\/td>\n<td style=\"width: 210px;\"><\/td>\n<\/tr>\n<tr>\n<td style=\"width: 210px;\">E-Mail<\/td>\n<td style=\"width: 210px;\"><a href=\"mailto:kontakt@aastech.de\">contact@aastech.de<\/a><\/td>\n<td style=\"width: 210px;\"><\/td>\n<\/tr>\n<tr>\n<td style=\"width: 210px;\">Internet<\/td>\n<td style=\"width: 210px;\"><a href=\"https:\/\/aas.marketing.sh\/en\/\" target=\"_blank\" rel=\"noopener noreferrer\">www.aastech.de<\/a><\/td>\n<td style=\"width: 210px;\"><\/td>\n<\/tr>\n<tr>\n<td style=\"width: 210px;\">Business Hours<\/td>\n<td style=\"width: 210px;\">\n<p>Monday till Thursday from 9 a.m. to 5 p.m.<\/p>\n<p>Friday from 9 a.m. to 1 p.m.<\/p>\n<\/td>\n<td style=\"width: 210px;\"><\/td>\n<\/tr>\n<\/tbody>\n<\/table>\n<p>&nbsp;<\/p>\n<h5>RMA Process<\/h5>\n<p>We do not accept shipments that are delivered to us without prior notice.<\/p>\n<p>If you would like to send us goods, for example for repairs, please request an RMA number before sending them to us via sales@aastech.de.<br \/> We will then send you the RMA.<\/p>\n<p>&nbsp;<\/p>\n<table width=\"439\" height=\"98\">\n<tbody>\n<tr>\n<td style=\"width: 211px;\">Sales<\/td>\n<td style=\"width: 212px;\"><a href=\"mailto:sales@aastech.de\" title=\"sales@aastech.de\">sales@aastech.de<\/a><\/td>\n<\/tr>\n<tr>\n<td style=\"width: 211px;\">Purchasing<\/td>\n<td style=\"width: 212px;\"><a href=\"mailto:purchasing@aastech.de\" title=\"purchasing@aastech.de\">purchasing@aastech.de<\/a><\/td>\n<\/tr>\n<tr>\n<td style=\"width: 211px;\">Invoices<\/td>\n<td style=\"width: 212px;\"><a href=\"mailto:invoice@aastech.de\" title=\"invoice@aastech.de\">invoice@aastech.de<\/a><\/td>\n<\/tr>\n<\/tbody>\n<\/table>\n<p>This E-Mail address is for reception only.<\/p>\n<p>Please use in the mail subject the word \u201cinvoice\u201d\u2026<\/p>\n<p>We are happy to receive your invoice in PDF file format as attachment to your mail. Please understand that we cannot accept other file formats (e.g. MS Word or Excel).<\/p>\n<p>Please use separate mail for each invoice.<\/p>\n<p>Please understand that mails failing these rules are deleted directly from our system.<\/p>\n<p>[\/et_pb_text][\/et_pb_column][\/et_pb_row][\/et_pb_section]<\/p>","protected":false},"excerpt":{"rendered":"<p>KontaktWir sind erreichbar Wir, bei aas.tech, freuen wir uns \u00fcber Ihre Gedanken, Kommentare, Fragen und R\u00fcckmeldungen. Wir sind f\u00fcr Sie da, wenn Sie uns brauchen. &nbsp; Pers\u00f6nliche Termine mit uns Die Corona-Krise beeinflusst unsere Gesch\u00e4ftst\u00e4tigkeit. Wir bieten aus diesem Grund keine pers\u00f6nlichen Termine mit unserem Team an. Sie k\u00f6nnen uns aber wie gewohnt per Telefon [&hellip;]<\/p>","protected":false},"author":5,"featured_media":0,"parent":0,"menu_order":0,"comment_status":"closed","ping_status":"closed","template":"","meta":{"_et_pb_use_builder":"on","_et_pb_old_content":"","_et_gb_content_width":"","footnotes":""},"_links":{"self":[{"href":"https:\/\/aas.marketing.sh\/en\/wp-json\/wp\/v2\/pages\/3277"}],"collection":[{"href":"https:\/\/aas.marketing.sh\/en\/wp-json\/wp\/v2\/pages"}],"about":[{"href":"https:\/\/aas.marketing.sh\/en\/wp-json\/wp\/v2\/types\/page"}],"author":[{"embeddable":true,"href":"https:\/\/aas.marketing.sh\/en\/wp-json\/wp\/v2\/users\/5"}],"replies":[{"embeddable":true,"href":"https:\/\/aas.marketing.sh\/en\/wp-json\/wp\/v2\/comments?post=3277"}],"version-history":[{"count":8,"href":"https:\/\/aas.marketing.sh\/en\/wp-json\/wp\/v2\/pages\/3277\/revisions"}],"predecessor-version":[{"id":3969,"href":"https:\/\/aas.marketing.sh\/en\/wp-json\/wp\/v2\/pages\/3277\/revisions\/3969"}],"wp:attachment":[{"href":"https:\/\/aas.marketing.sh\/en\/wp-json\/wp\/v2\/media?parent=3277"}],"curies":[{"name":"wp","href":"https:\/\/api.w.org\/{rel}","templated":true}]}}