{"id":3343,"date":"2021-02-17T10:54:35","date_gmt":"2021-02-17T10:54:35","guid":{"rendered":"https:\/\/aas.marketing.sh\/?page_id=3343"},"modified":"2021-02-26T11:55:54","modified_gmt":"2021-02-26T11:55:54","slug":"hd-2-a","status":"publish","type":"page","link":"https:\/\/aas.marketing.sh\/en\/hd-2-a\/","title":{"rendered":"HD 2 A"},"content":{"rendered":"<p>[et_pb_section fb_built=&#8220;1&#8243; fullwidth=&#8220;on&#8220; _builder_version=&#8220;4.8.2&#8243; _module_preset=&#8220;default&#8220; height_tablet=&#8220;&#8220; height_phone=&#8220;&#8220; height_last_edited=&#8220;on|phone&#8220; saved_tabs=&#8220;all&#8220; locked=&#8220;off&#8220;][et_pb_fullwidth_slider _builder_version=&#8220;4.8.2&#8243; _module_preset=&#8220;default&#8220; header_font=&#8220;|700|||||||&#8220; header_font_size=&#8220;70px&#8220; body_font_size=&#8220;30px&#8220; height=&#8220;743px&#8220; height_tablet=&#8220;&#8220; height_phone=&#8220;&#8220; height_last_edited=&#8220;on|phone&#8220; header_text_shadow_style=&#8220;preset1&#8243; header_text_shadow_vertical_length=&#8220;0.07em&#8220; header_text_shadow_blur_strength=&#8220;0.11em&#8220; locked=&#8220;off&#8220;][et_pb_slide heading=&#8220;Antennensysteme&#8220; use_bg_overlay=&#8220;on&#8220; bg_overlay_color=&#8220;rgba(12,38,112,0.83)&#8220; content_tablet=&#8220;&#8220; content_phone=&#8220;<\/p>\n<p>Monopoles, Dipoles, Combination Antennas, Special Antennas, Remote Power Supplies<\/p>\n<p>&#8220; content_last_edited=&#8220;on|phone&#8220; _builder_version=&#8220;4.8.2&#8243; _module_preset=&#8220;default&#8220; header_level=&#8220;h1&#8243; body_font_size=&#8220;20px&#8220; body_line_height=&#8220;3em&#8220; background_color=&#8220;RGBA(0,0,0,0)&#8220; background_enable_color=&#8220;on&#8220; background_image=&#8220;https:\/\/aas.marketing.sh\/wp-content\/uploads\/2021\/02\/antenna-systems-header-category.jpg&#8220; background_enable_image=&#8220;on&#8220; header_font_size_tablet=&#8220;&#8220; header_font_size_phone=&#8220;30px&#8220; header_font_size_last_edited=&#8220;on|phone&#8220; body_line_height_tablet=&#8220;&#8220; body_line_height_phone=&#8220;1.5em&#8220; body_line_height_last_edited=&#8220;on|phone&#8220; locked=&#8220;off&#8220; sticky_transition=&#8220;on&#8220;]<\/p>\n<p>AVA, AMC, AVS, ASM Systems<\/p>\n<p>[\/et_pb_slide][\/et_pb_fullwidth_slider][\/et_pb_section][et_pb_section fb_built=&#8220;1&#8243; _builder_version=&#8220;4.8.2&#8243; _module_preset=&#8220;default&#8220;][et_pb_row _builder_version=&#8220;4.8.2&#8243; _module_preset=&#8220;default&#8220;][et_pb_column type=&#8220;4_4&#8243; _builder_version=&#8220;4.8.2&#8243; _module_preset=&#8220;default&#8220;][et_pb_image src=&#8220;https:\/\/aas.marketing.sh\/wp-content\/uploads\/2021\/02\/header_dipoles-2.jpg&#8220; title_text=&#8220;header_dipoles-2&#8243; _builder_version=&#8220;4.8.2&#8243; _module_preset=&#8220;default&#8220;][\/et_pb_image][\/et_pb_column][\/et_pb_row][et_pb_row _builder_version=&#8220;4.8.2&#8243; _module_preset=&#8220;default&#8220;][et_pb_column type=&#8220;4_4&#8243; _builder_version=&#8220;4.8.2&#8243; _module_preset=&#8220;default&#8220;][et_pb_text _builder_version=&#8220;4.8.2&#8243; _module_preset=&#8220;default&#8220; text_font=&#8220;|600|||||||&#8220; text_text_color=&#8220;#000000&#8243; text_font_size=&#8220;30px&#8220; custom_margin=&#8220;||-21px||false|false&#8220; text_line_height_phone=&#8220;1.2em&#8220; text_line_height_last_edited=&#8220;on|phone&#8220;]<\/p>\n<p>Active Receiving Crossed Dipole Antenna HD 2 A<\/p>\n<p>[\/et_pb_text][\/et_pb_column][\/et_pb_row][et_pb_row column_structure=&#8220;1_2,1_2&#8243; _builder_version=&#8220;4.8.2&#8243; _module_preset=&#8220;default&#8220;][et_pb_column type=&#8220;1_2&#8243; _builder_version=&#8220;4.8.2&#8243; _module_preset=&#8220;default&#8220;][et_pb_text _builder_version=&#8220;4.8.2&#8243; _module_preset=&#8220;default&#8220;]<\/p>\n<p>The main advantage of the active dipole antenna HD 2 A is its extremely large bandwidth and dynamic range. The antenna is ideal for applications requiring NVIS reception over a large frequency range (1.5 - 30 MHz).<\/p>\n<p>NVIS (Near Vertical Incidence Skywave) is a radio-wave propagation method that provides usable signals in the range between groundwave and skywave distances. The majority of the NVIS antenna radiation pattern is at an extremely high angle.<\/p>\n<p>NVIS provides excellent communication at distances of 300 km \u2026 500 km whereas the typical application is within distances from approx. 50 km to 700 km. It should be noted the maximum frequencies involved is at approx. 2 MHz under poor conditions and approx. 15 MHz under very good conditions.<\/p>\n<p>The usable frequencies are moving during the day time. This is caused by attenuation of the lower layer of the ionosphere for low frequencies during day time. With regard to this effect NVIS communication typically takes place between 2 MHz and 4 MHz at night and 5 MHz to 8 MHz during day light.<\/p>\n<p>The very small dimensions makes this antenna ideal for both stationary - where space is at a premium - and transportable applications.<\/p>\n<p>[\/et_pb_text][\/et_pb_column][et_pb_column type=&#8220;1_2&#8243; _builder_version=&#8220;4.8.2&#8243; _module_preset=&#8220;default&#8220;][et_pb_text _builder_version=&#8220;4.8.2&#8243; _module_preset=&#8220;default&#8220;]<\/p>\n<p>The system can be extended to a receiving antenna system for vertical and horizontal polarization, if necessary also subsequently, by combination with an active monopole from aas.tech STA series.<\/p>\n<p>The antenna amplifier for the horizontal dipole is installed in a watertight and seawater resistant cast aluminum alloy housing, the antenna head. The antenna rods are made of glass fibre reinforced plastic fitted with stainless steel screw connections.<\/p>\n<p>The cable connector is fitted to the bottom side of the antenna head's bottom flange. It is protected against the environment by means of a trumpet shaped mounting support (the funnel) which is mounted to the bottom flange of the antenna head. The opposite end of the funnel fits the size of 2\" supporting pipes.<\/p>\n<p>With regard to the robust construction and the use of weatherproof materials our active antennas can be used under extreme environmental conditions.<\/p>\n<p>The operating voltage for the antenna is 39 Vdc. The AAN power supply series or an aas.tech Antenna Distribution System is used to feed the operating voltage to the active element via the coaxial cable.<\/p>\n<p>[\/et_pb_text][\/et_pb_column][\/et_pb_row][et_pb_row column_structure=&#8220;1_2,1_2&#8243; _builder_version=&#8220;4.8.2&#8243; _module_preset=&#8220;default&#8220;][et_pb_column type=&#8220;1_2&#8243; _builder_version=&#8220;4.8.2&#8243; _module_preset=&#8220;default&#8220;][et_pb_button button_url=&#8220;https:\/\/aas.marketing.sh\/wp-content\/uploads\/2021\/02\/hd2a-1_2_3_en.pdf&#8220; button_text=&#8220;Produkt Informationen&#8220; _builder_version=&#8220;4.8.2&#8243; _module_preset=&#8220;default&#8220;][\/et_pb_button][\/et_pb_column][et_pb_column type=&#8220;1_2&#8243; _builder_version=&#8220;4.8.2&#8243; _module_preset=&#8220;default&#8220;][\/et_pb_column][\/et_pb_row][et_pb_row column_structure=&#8220;1_2,1_2&#8243; _builder_version=&#8220;4.8.2&#8243; _module_preset=&#8220;default&#8220; locked=&#8220;off&#8220;][et_pb_column type=&#8220;1_2&#8243; _builder_version=&#8220;4.8.2&#8243; _module_preset=&#8220;default&#8220;][et_pb_text _builder_version=&#8220;4.8.2&#8243; _module_preset=&#8220;default&#8220;]<\/p>\n<p><strong>For further information please contact<\/strong><\/p>\n<p>aas.tech GmbH &amp; Co. KG<br \/> Gutenbergring 53<br \/> 22848 Norderstedt<br \/> Germany<\/p>\n<p>E-Mail: <a href=\"mailto:contact@aastech.de\">contact@aastech.de<\/a><\/p>\n<p>[\/et_pb_text][\/et_pb_column][et_pb_column type=&#8220;1_2&#8243; _builder_version=&#8220;4.8.2&#8243; _module_preset=&#8220;default&#8220;][\/et_pb_column][\/et_pb_row][\/et_pb_section]<\/p>","protected":false},"excerpt":{"rendered":"<p>AVA Serie, AMC Serie, AVS Serie, ASM SerieAktiver Kreuzdipol f\u00fcr den Empfang HD 2 ADer Hauptvorteil der aktiven Dipolantenne HD 2 A ist ihre extrem gro\u00dfe Bandbreite und ihr Dynamikbereich. Die Antenne ist ideal f\u00fcr Anwendungen, die NVIS-Empfang \u00fcber einen gro\u00dfen Frequenzbereich (1,5 &#8211; 30 MHz) erfordern. NVIS (Near Vertical Incidence Skywave) ist eine Funkwellenausbreitungsmethode, [&hellip;]<\/p>","protected":false},"author":5,"featured_media":0,"parent":0,"menu_order":0,"comment_status":"closed","ping_status":"closed","template":"","meta":{"_et_pb_use_builder":"on","_et_pb_old_content":"","_et_gb_content_width":"","footnotes":""},"_links":{"self":[{"href":"https:\/\/aas.marketing.sh\/en\/wp-json\/wp\/v2\/pages\/3343"}],"collection":[{"href":"https:\/\/aas.marketing.sh\/en\/wp-json\/wp\/v2\/pages"}],"about":[{"href":"https:\/\/aas.marketing.sh\/en\/wp-json\/wp\/v2\/types\/page"}],"author":[{"embeddable":true,"href":"https:\/\/aas.marketing.sh\/en\/wp-json\/wp\/v2\/users\/5"}],"replies":[{"embeddable":true,"href":"https:\/\/aas.marketing.sh\/en\/wp-json\/wp\/v2\/comments?post=3343"}],"version-history":[{"count":7,"href":"https:\/\/aas.marketing.sh\/en\/wp-json\/wp\/v2\/pages\/3343\/revisions"}],"predecessor-version":[{"id":3878,"href":"https:\/\/aas.marketing.sh\/en\/wp-json\/wp\/v2\/pages\/3343\/revisions\/3878"}],"wp:attachment":[{"href":"https:\/\/aas.marketing.sh\/en\/wp-json\/wp\/v2\/media?parent=3343"}],"curies":[{"name":"wp","href":"https:\/\/api.w.org\/{rel}","templated":true}]}}