{"id":3396,"date":"2021-02-17T11:21:50","date_gmt":"2021-02-17T11:21:50","guid":{"rendered":"https:\/\/aas.marketing.sh\/?page_id=3396"},"modified":"2021-02-26T11:50:32","modified_gmt":"2021-02-26T11:50:32","slug":"ura-serie","status":"publish","type":"page","link":"https:\/\/aas.marketing.sh\/en\/ura-serie\/","title":{"rendered":"URA Series"},"content":{"rendered":"<p>[et_pb_section fb_built=&#8220;1&#8243; fullwidth=&#8220;on&#8220; _builder_version=&#8220;4.8.2&#8243; _module_preset=&#8220;default&#8220; height_tablet=&#8220;&#8220; height_phone=&#8220;&#8220; height_last_edited=&#8220;on|phone&#8220; saved_tabs=&#8220;all&#8220; locked=&#8220;off&#8220;][et_pb_fullwidth_slider _builder_version=&#8220;4.8.2&#8243; _module_preset=&#8220;default&#8220; header_font=&#8220;|700|||||||&#8220; header_font_size=&#8220;70px&#8220; body_font_size=&#8220;30px&#8220; height=&#8220;743px&#8220; height_tablet=&#8220;&#8220; height_phone=&#8220;&#8220; height_last_edited=&#8220;on|phone&#8220; header_text_shadow_style=&#8220;preset1&#8243; header_text_shadow_vertical_length=&#8220;0.07em&#8220; header_text_shadow_blur_strength=&#8220;0.11em&#8220; locked=&#8220;off&#8220;][et_pb_slide heading=&#8220;Antennensysteme&#8220; use_bg_overlay=&#8220;on&#8220; bg_overlay_color=&#8220;rgba(12,38,112,0.83)&#8220; content_tablet=&#8220;&#8220; content_phone=&#8220;<\/p>\n<p>Monopoles, Dipoles, Combination Antennas, Special Antennas, Remote Power Supplies<\/p>\n<p>&#8220; content_last_edited=&#8220;on|phone&#8220; _builder_version=&#8220;4.8.2&#8243; _module_preset=&#8220;default&#8220; header_level=&#8220;h1&#8243; body_font_size=&#8220;20px&#8220; body_line_height=&#8220;3em&#8220; background_color=&#8220;RGBA(0,0,0,0)&#8220; background_enable_color=&#8220;on&#8220; background_image=&#8220;https:\/\/aas.marketing.sh\/wp-content\/uploads\/2021\/02\/antenna-systems-header-category.jpg&#8220; background_enable_image=&#8220;on&#8220; header_font_size_tablet=&#8220;&#8220; header_font_size_phone=&#8220;30px&#8220; header_font_size_last_edited=&#8220;on|phone&#8220; body_line_height_tablet=&#8220;&#8220; body_line_height_phone=&#8220;1.5em&#8220; body_line_height_last_edited=&#8220;on|phone&#8220; locked=&#8220;off&#8220; sticky_transition=&#8220;on&#8220;]<\/p>\n<p>AVA, AMC, AVS, ASM Systems<\/p>\n<p>[\/et_pb_slide][\/et_pb_fullwidth_slider][\/et_pb_section][et_pb_section fb_built=&#8220;1&#8243; _builder_version=&#8220;4.8.2&#8243; _module_preset=&#8220;default&#8220;][et_pb_row _builder_version=&#8220;4.8.2&#8243; _module_preset=&#8220;default&#8220;][et_pb_column type=&#8220;4_4&#8243; _builder_version=&#8220;4.8.2&#8243; _module_preset=&#8220;default&#8220;][et_pb_image src=&#8220;https:\/\/aas.marketing.sh\/wp-content\/uploads\/2021\/02\/header_monopoles-ura.jpg&#8220; title_text=&#8220;header_monopoles-ura&#8220; _builder_version=&#8220;4.8.2&#8243; _module_preset=&#8220;default&#8220;][\/et_pb_image][\/et_pb_column][\/et_pb_row][et_pb_row _builder_version=&#8220;4.8.2&#8243; _module_preset=&#8220;default&#8220;][et_pb_column type=&#8220;4_4&#8243; _builder_version=&#8220;4.8.2&#8243; _module_preset=&#8220;default&#8220;][et_pb_text _builder_version=&#8220;4.8.2&#8243; _module_preset=&#8220;default&#8220; text_font=&#8220;|600|||||||&#8220; text_text_color=&#8220;#000000&#8243; text_font_size=&#8220;30px&#8220; custom_margin=&#8220;||-21px||false|false&#8220; text_line_height_phone=&#8220;1.2em&#8220; text_line_height_last_edited=&#8220;on|phone&#8220;]<\/p>\n<p>Active Receiving Antenna URA 30 - 500<\/p>\n<p>[\/et_pb_text][\/et_pb_column][\/et_pb_row][et_pb_row column_structure=&#8220;1_2,1_2&#8243; _builder_version=&#8220;4.8.2&#8243; _module_preset=&#8220;default&#8220;][et_pb_column type=&#8220;1_2&#8243; _builder_version=&#8220;4.8.2&#8243; _module_preset=&#8220;default&#8220;][et_pb_text _builder_version=&#8220;4.8.2&#8243; _module_preset=&#8220;default&#8220;]<\/p>\n<p>This active monopole antenna is used as receiving antenna with omnidirectional characteristic.<\/p>\n<p>It covers the frequency range from 30 - 500 MHz.<\/p>\n<p>Due to its small dimension and the very low radiation coupling, this active antenna is particularly qualified for mobile as well as stationary application under unfavorable localities<\/p>\n<p>An amplifier circuit directly connected to the base point of the antenna rod matches the high impedance of the rod to the low input impedance of the receiver or the connected coaxial cable.<\/p>\n<p>[\/et_pb_text][\/et_pb_column][et_pb_column type=&#8220;1_2&#8243; _builder_version=&#8220;4.8.2&#8243; _module_preset=&#8220;default&#8220;][et_pb_text _builder_version=&#8220;4.8.2&#8243; _module_preset=&#8220;default&#8220;]<\/p>\n<p>Our active receiving antennas are fitted with amplifiers providing a high RF dynamic range in order to avoid degradation of the reception system characteristics. An additional filter will be switched automatically if the field strength of unwanted signals exceeds a preset limit value.<\/p>\n<p>A multistage protection circuit at the input of the active element ensures that the antenna electronics will not be damaged even in case of lightning strikes in close proximity.<\/p>\n<p>With regard to the robust construction and the use of weatherproof materials our active antennas can be used under extreme environmental conditions<\/p>\n<p>[\/et_pb_text][\/et_pb_column][\/et_pb_row][et_pb_row column_structure=&#8220;1_2,1_2&#8243; _builder_version=&#8220;4.8.2&#8243; _module_preset=&#8220;default&#8220;][et_pb_column type=&#8220;1_2&#8243; _builder_version=&#8220;4.8.2&#8243; _module_preset=&#8220;default&#8220;][et_pb_button button_url=&#8220;https:\/\/aas.marketing.sh\/wp-content\/uploads\/2021\/02\/ura-1_1_12_EN.pdf&#8220; button_text=&#8220;Produkt Informationen&#8220; _builder_version=&#8220;4.8.2&#8243; _module_preset=&#8220;default&#8220;][\/et_pb_button][\/et_pb_column][et_pb_column type=&#8220;1_2&#8243; _builder_version=&#8220;4.8.2&#8243; _module_preset=&#8220;default&#8220;][\/et_pb_column][\/et_pb_row][et_pb_row column_structure=&#8220;1_2,1_2&#8243; _builder_version=&#8220;4.8.2&#8243; _module_preset=&#8220;default&#8220;][et_pb_column type=&#8220;1_2&#8243; _builder_version=&#8220;4.8.2&#8243; _module_preset=&#8220;default&#8220;][et_pb_text _builder_version=&#8220;4.8.2&#8243; _module_preset=&#8220;default&#8220;]<\/p>\n<p><strong>For further information please contact<\/strong><\/p>\n<p>aas.tech GmbH &amp; Co. KG<br \/> Gutenbergring 53<br \/> 22848 Norderstedt<br \/> Germany<\/p>\n<p>E-Mail: <a href=\"mailto:sales@aastech.de\">sales@aastech.de<\/a><\/p>\n<p>[\/et_pb_text][\/et_pb_column][et_pb_column type=&#8220;1_2&#8243; _builder_version=&#8220;4.8.2&#8243; _module_preset=&#8220;default&#8220;][\/et_pb_column][\/et_pb_row][\/et_pb_section]<\/p>","protected":false},"excerpt":{"rendered":"<p>AVA Serie, AMC Serie, AVS Serie, ASM SerieAktive Empfangsantenne URA 30-500Diese aktive Monopolantenne wird als Empfangsantenne mit omnidirektionaler Charakteristik verwendet. Die Antenne deckt den Frequenzbereich von 30 &#8211; 500 MHz ab. Aufgrund ihrer geringen Abmessung und der sehr geringen Strahlungskopplung eignet sich diese aktive Antenne besonders f\u00fcr mobile und station\u00e4re Anwendungen an ung\u00fcnstigen Orten. Eine [&hellip;]<\/p>","protected":false},"author":5,"featured_media":0,"parent":0,"menu_order":0,"comment_status":"closed","ping_status":"closed","template":"","meta":{"_et_pb_use_builder":"on","_et_pb_old_content":"","_et_gb_content_width":"","footnotes":""},"_links":{"self":[{"href":"https:\/\/aas.marketing.sh\/en\/wp-json\/wp\/v2\/pages\/3396"}],"collection":[{"href":"https:\/\/aas.marketing.sh\/en\/wp-json\/wp\/v2\/pages"}],"about":[{"href":"https:\/\/aas.marketing.sh\/en\/wp-json\/wp\/v2\/types\/page"}],"author":[{"embeddable":true,"href":"https:\/\/aas.marketing.sh\/en\/wp-json\/wp\/v2\/users\/5"}],"replies":[{"embeddable":true,"href":"https:\/\/aas.marketing.sh\/en\/wp-json\/wp\/v2\/comments?post=3396"}],"version-history":[{"count":8,"href":"https:\/\/aas.marketing.sh\/en\/wp-json\/wp\/v2\/pages\/3396\/revisions"}],"predecessor-version":[{"id":3876,"href":"https:\/\/aas.marketing.sh\/en\/wp-json\/wp\/v2\/pages\/3396\/revisions\/3876"}],"wp:attachment":[{"href":"https:\/\/aas.marketing.sh\/en\/wp-json\/wp\/v2\/media?parent=3396"}],"curies":[{"name":"wp","href":"https:\/\/api.w.org\/{rel}","templated":true}]}}