{"id":3430,"date":"2021-02-17T13:16:29","date_gmt":"2021-02-17T13:16:29","guid":{"rendered":"https:\/\/aas.marketing.sh\/?page_id=3430"},"modified":"2021-02-26T11:26:51","modified_gmt":"2021-02-26T11:26:51","slug":"ersatzteile","status":"publish","type":"page","link":"https:\/\/aas.marketing.sh\/en\/ersatzteile\/","title":{"rendered":"Spare Parts"},"content":{"rendered":"<p>[et_pb_section fb_built=&#8220;1&#8243; fullwidth=&#8220;on&#8220; _builder_version=&#8220;4.8.2&#8243; _module_preset=&#8220;default&#8220; height_tablet=&#8220;&#8220; height_phone=&#8220;&#8220; height_last_edited=&#8220;on|phone&#8220; saved_tabs=&#8220;all&#8220; locked=&#8220;off&#8220;][et_pb_fullwidth_slider _builder_version=&#8220;4.8.2&#8243; _module_preset=&#8220;default&#8220; header_font=&#8220;|700|||||||&#8220; header_font_size=&#8220;70px&#8220; body_font_size=&#8220;30px&#8220; height=&#8220;743px&#8220; height_tablet=&#8220;&#8220; height_phone=&#8220;&#8220; height_last_edited=&#8220;on|phone&#8220; header_text_shadow_style=&#8220;preset1&#8243; header_text_shadow_vertical_length=&#8220;0.07em&#8220; header_text_shadow_blur_strength=&#8220;0.11em&#8220; locked=&#8220;off&#8220;][et_pb_slide heading=&#8220;Dienstleistungen&#8220; use_bg_overlay=&#8220;on&#8220; bg_overlay_color=&#8220;rgba(12,38,112,0.83)&#8220; content_tablet=&#8220;&#8220; content_phone=&#8220;<\/p>\n<p>Spare Parts, Repair Service, Application Notes<\/p>\n<p>&#8220; content_last_edited=&#8220;on|phone&#8220; _builder_version=&#8220;4.8.2&#8243; _module_preset=&#8220;default&#8220; header_level=&#8220;h1&#8243; body_font_size=&#8220;20px&#8220; body_line_height=&#8220;3em&#8220; background_color=&#8220;RGBA(0,0,0,0)&#8220; background_enable_color=&#8220;on&#8220; background_image=&#8220;https:\/\/aas.marketing.sh\/wp-content\/uploads\/2021\/02\/antenna-systems-header-category.jpg&#8220; background_enable_image=&#8220;on&#8220; header_font_size_tablet=&#8220;&#8220; header_font_size_phone=&#8220;30px&#8220; header_font_size_last_edited=&#8220;on|phone&#8220; body_line_height_tablet=&#8220;&#8220; body_line_height_phone=&#8220;1.5em&#8220; body_line_height_last_edited=&#8220;on|phone&#8220; locked=&#8220;off&#8220; sticky_transition=&#8220;on&#8220;]<\/p>\n<p>AVA, AMC, AVS, ASM Systems<\/p>\n<p>[\/et_pb_slide][\/et_pb_fullwidth_slider][\/et_pb_section][et_pb_section fb_built=&#8220;1&#8243; _builder_version=&#8220;4.8.2&#8243; _module_preset=&#8220;default&#8220;][et_pb_row column_structure=&#8220;1_2,1_2&#8243; _builder_version=&#8220;4.8.2&#8243; _module_preset=&#8220;default&#8220;][et_pb_column type=&#8220;1_2&#8243; _builder_version=&#8220;4.8.2&#8243; _module_preset=&#8220;default&#8220;][et_pb_image src=&#8220;https:\/\/aas.marketing.sh\/wp-content\/uploads\/2021\/02\/ava.jpg&#8220; title_text=&#8220;ava&#8220; _builder_version=&#8220;4.8.2&#8243; _module_preset=&#8220;default&#8220;][\/et_pb_image][et_pb_text _builder_version=&#8220;4.8.2&#8243; _module_preset=&#8220;default&#8220; text_orientation=&#8220;center&#8220; custom_margin=&#8220;-3px||||false|false&#8220;]<\/p>\n<h2>Antenna Distribution System AVA Series<\/h2>\n<p><strong>Spare Parts AVA<\/strong><\/p>\n<p>[\/et_pb_text][et_pb_button button_url=&#8220;https:\/\/aas.marketing.sh\/ersatzteile-fuer-ava-serie\/&#8220; button_text=&#8220;Weiterlesen&#8220; button_alignment=&#8220;center&#8220; _builder_version=&#8220;4.8.2&#8243; _module_preset=&#8220;default&#8220; custom_margin=&#8220;-9px||||false|false&#8220;][\/et_pb_button][\/et_pb_column][et_pb_column type=&#8220;1_2&#8243; _builder_version=&#8220;4.8.2&#8243; _module_preset=&#8220;default&#8220;][et_pb_image src=&#8220;https:\/\/aas.marketing.sh\/wp-content\/uploads\/2021\/02\/ava.jpg&#8220; title_text=&#8220;ava&#8220; _builder_version=&#8220;4.8.2&#8243; _module_preset=&#8220;default&#8220;][\/et_pb_image][et_pb_text _builder_version=&#8220;4.8.2&#8243; _module_preset=&#8220;default&#8220; text_orientation=&#8220;center&#8220; custom_margin=&#8220;-3px||||false|false&#8220; locked=&#8220;off&#8220;]<\/p>\n<h2>Spare Parts for AVB Series<\/h2>\n<p>Applicable for AVB 10 and AVB 20 Series<\/p>\n<p>[\/et_pb_text][et_pb_button button_url=&#8220;https:\/\/aas.marketing.sh\/ersatzteile-fuer-avb-serie\/&#8220; button_text=&#8220;Weiterlesen&#8220; button_alignment=&#8220;center&#8220; _builder_version=&#8220;4.8.2&#8243; _module_preset=&#8220;default&#8220; custom_margin=&#8220;-9px||||false|false&#8220; locked=&#8220;off&#8220;][\/et_pb_button][\/et_pb_column][\/et_pb_row][et_pb_row column_structure=&#8220;1_2,1_2&#8243; _builder_version=&#8220;4.8.2&#8243; _module_preset=&#8220;default&#8220;][et_pb_column type=&#8220;1_2&#8243; _builder_version=&#8220;4.8.2&#8243; _module_preset=&#8220;default&#8220;][et_pb_image src=&#8220;https:\/\/aas.marketing.sh\/wp-content\/uploads\/2021\/02\/avs.jpg&#8220; title_text=&#8220;avs&#8220; _builder_version=&#8220;4.8.2&#8243; _module_preset=&#8220;default&#8220;][\/et_pb_image][et_pb_text _builder_version=&#8220;4.8.2&#8243; _module_preset=&#8220;default&#8220; text_orientation=&#8220;center&#8220; custom_margin=&#8220;-3px||||false|false&#8220;]<\/p>\n<h2>Spare Parts for AVS Series<\/h2>\n<p>Applicable for AVS Series<\/p>\n<p>[\/et_pb_text][et_pb_button button_url=&#8220;https:\/\/aas.marketing.sh\/ersatzteile-fuer-avs-serie\/&#8220; button_text=&#8220;Weiterlesen&#8220; button_alignment=&#8220;center&#8220; _builder_version=&#8220;4.8.2&#8243; _module_preset=&#8220;default&#8220; custom_margin=&#8220;-9px||||false|false&#8220;][\/et_pb_button][\/et_pb_column][et_pb_column type=&#8220;1_2&#8243; _builder_version=&#8220;4.8.2&#8243; _module_preset=&#8220;default&#8220;][et_pb_image src=&#8220;https:\/\/aas.marketing.sh\/wp-content\/uploads\/2021\/02\/amc.jpg&#8220; title_text=&#8220;amc&#8220; _builder_version=&#8220;4.8.2&#8243; _module_preset=&#8220;default&#8220;][\/et_pb_image][et_pb_text _builder_version=&#8220;4.8.2&#8243; _module_preset=&#8220;default&#8220; text_orientation=&#8220;center&#8220; custom_margin=&#8220;-3px||||false|false&#8220; locked=&#8220;off&#8220;]<\/p>\n<h2>Spare Parts for AMC Series<\/h2>\n<p>Applicable for AVA 10 and AVA 20 Series<\/p>\n<p>[\/et_pb_text][et_pb_button button_url=&#8220;https:\/\/aas.marketing.sh\/spare-parts-for-amc-series\/&#8220; button_text=&#8220;Weiterlesen&#8220; button_alignment=&#8220;center&#8220; _builder_version=&#8220;4.8.2&#8243; _module_preset=&#8220;default&#8220; custom_margin=&#8220;-9px||||false|false&#8220; locked=&#8220;off&#8220;][\/et_pb_button][\/et_pb_column][\/et_pb_row][et_pb_row column_structure=&#8220;1_2,1_2&#8243; _builder_version=&#8220;4.8.2&#8243; _module_preset=&#8220;default&#8220;][et_pb_column type=&#8220;1_2&#8243; _builder_version=&#8220;4.8.2&#8243; _module_preset=&#8220;default&#8220;][et_pb_image src=&#8220;https:\/\/aas.marketing.sh\/wp-content\/uploads\/2021\/02\/avb.jpg&#8220; title_text=&#8220;avb&#8220; _builder_version=&#8220;4.8.2&#8243; _module_preset=&#8220;default&#8220;][\/et_pb_image][et_pb_text _builder_version=&#8220;4.8.2&#8243; _module_preset=&#8220;default&#8220; text_orientation=&#8220;center&#8220; custom_margin=&#8220;-3px||||false|false&#8220;]<\/p>\n<h2>Spare Parts for ADS Series<\/h2>\n<p>Applicable for ADS Series<\/p>\n<p>[\/et_pb_text][et_pb_button button_url=&#8220;https:\/\/aas.marketing.sh\/spare-parts-for-ads-series\/&#8220; button_text=&#8220;Weiterlesen&#8220; button_alignment=&#8220;center&#8220; _builder_version=&#8220;4.8.2&#8243; _module_preset=&#8220;default&#8220; custom_margin=&#8220;-9px||||false|false&#8220;][\/et_pb_button][\/et_pb_column][et_pb_column type=&#8220;1_2&#8243; _builder_version=&#8220;4.8.2&#8243; _module_preset=&#8220;default&#8220;][et_pb_image src=&#8220;https:\/\/aas.marketing.sh\/wp-content\/uploads\/2021\/02\/asm.jpg&#8220; title_text=&#8220;asm&#8220; _builder_version=&#8220;4.8.2&#8243; _module_preset=&#8220;default&#8220;][\/et_pb_image][et_pb_text _builder_version=&#8220;4.8.2&#8243; _module_preset=&#8220;default&#8220; text_orientation=&#8220;center&#8220; custom_margin=&#8220;-3px||||false|false&#8220; locked=&#8220;off&#8220;]<\/p>\n<h2>Audio Switch Matrix ASM Series<\/h2>\n<p><strong>Spare Parts<\/strong><\/p>\n<p>[\/et_pb_text][et_pb_button button_url=&#8220;https:\/\/aas.marketing.sh\/ersatzteile-fuer-asm-serie\/&#8220; button_text=&#8220;Weiterlesen&#8220; button_alignment=&#8220;center&#8220; _builder_version=&#8220;4.8.2&#8243; _module_preset=&#8220;default&#8220; custom_margin=&#8220;-9px||||false|false&#8220; locked=&#8220;off&#8220;][\/et_pb_button][\/et_pb_column][\/et_pb_row][et_pb_row column_structure=&#8220;1_2,1_2&#8243; _builder_version=&#8220;4.8.2&#8243; _module_preset=&#8220;default&#8220; locked=&#8220;off&#8220;][et_pb_column type=&#8220;1_2&#8243; _builder_version=&#8220;4.8.2&#8243; _module_preset=&#8220;default&#8220;][et_pb_image src=&#8220;https:\/\/aas.marketing.sh\/wp-content\/uploads\/2021\/02\/header_monopoles-1.jpg&#8220; title_text=&#8220;header_monopoles&#8220; _builder_version=&#8220;4.8.2&#8243; _module_preset=&#8220;default&#8220;][\/et_pb_image][et_pb_text _builder_version=&#8220;4.8.2&#8243; _module_preset=&#8220;default&#8220; text_orientation=&#8220;center&#8220; custom_margin=&#8220;-3px||||false|false&#8220;]<\/p>\n<h2>Spare Parts for STA 10 A\/D Series<\/h2>\n<p>Applicable for<\/p>\n<p>STA 2.5 A\/D\/&#8230;<br \/> STA 5 A\/D\/&#8230;<br \/> STA 10 A\/D\/&#8230;<br \/> STA 20 A\/D\/&#8230;<\/p>\n<p>[\/et_pb_text][et_pb_button button_url=&#8220;https:\/\/aas.marketing.sh\/spare-parts-for-sta-10-a-d-series\/&#8220; button_text=&#8220;Weiterlesen&#8220; button_alignment=&#8220;center&#8220; _builder_version=&#8220;4.8.2&#8243; _module_preset=&#8220;default&#8220; custom_margin=&#8220;-9px||||false|false&#8220;][\/et_pb_button][\/et_pb_column][et_pb_column type=&#8220;1_2&#8243; _builder_version=&#8220;4.8.2&#8243; _module_preset=&#8220;default&#8220;][et_pb_image src=&#8220;https:\/\/aas.marketing.sh\/wp-content\/uploads\/2021\/02\/header_combinationantenna.jpg&#8220; title_text=&#8220;header_combinationantenna&#8220; _builder_version=&#8220;4.8.2&#8243; _module_preset=&#8220;default&#8220;][\/et_pb_image][et_pb_text _builder_version=&#8220;4.8.2&#8243; _module_preset=&#8220;default&#8220; text_orientation=&#8220;center&#8220; custom_margin=&#8220;-9px||||false|false&#8220; locked=&#8220;off&#8220; button_alignment=&#8220;center&#8220;]<\/p>\n<h2>Spare Parts for HD Series<\/h2>\n<p>Applicable for<\/p>\n<p>Dipoles<br \/> Combination Antennas<\/p>\n<p>[\/et_pb_text][et_pb_button button_url=&#8220;https:\/\/aas.marketing.sh\/spare-parts-for-hd-series\/&#8220; button_text=&#8220;Weiterlesen&#8220; button_alignment=&#8220;center&#8220; _builder_version=&#8220;4.8.2&#8243; _module_preset=&#8220;default&#8220; custom_margin=&#8220;-9px||||false|false&#8220; locked=&#8220;off&#8220;][\/et_pb_button][\/et_pb_column][\/et_pb_row][et_pb_row column_structure=&#8220;1_2,1_2&#8243; _builder_version=&#8220;4.8.2&#8243; _module_preset=&#8220;default&#8220; locked=&#8220;off&#8220;][et_pb_column type=&#8220;1_2&#8243; _builder_version=&#8220;4.8.2&#8243; _module_preset=&#8220;default&#8220;][et_pb_image src=&#8220;https:\/\/aas.marketing.sh\/wp-content\/uploads\/2021\/02\/header_dipoles-1.jpg&#8220; title_text=&#8220;header_dipoles&#8220; _builder_version=&#8220;4.8.2&#8243; _module_preset=&#8220;default&#8220;][\/et_pb_image][et_pb_text _builder_version=&#8220;4.8.2&#8243; _module_preset=&#8220;default&#8220; text_orientation=&#8220;center&#8220; custom_margin=&#8220;-3px||||false|false&#8220;]<\/p>\n<h2>Spare Parts for Active Dipoles<\/h2>\n<p>Applicable for<\/p>\n<p>[\/et_pb_text][et_pb_button button_url=&#8220;https:\/\/aas.marketing.sh\/spare-parts-for-active-dipoles\/&#8220; button_text=&#8220;Weiterlesen&#8220; button_alignment=&#8220;center&#8220; _builder_version=&#8220;4.8.2&#8243; _module_preset=&#8220;default&#8220; custom_margin=&#8220;-9px||||false|false&#8220;][\/et_pb_button][\/et_pb_column][et_pb_column type=&#8220;1_2&#8243; _builder_version=&#8220;4.8.2&#8243; _module_preset=&#8220;default&#8220;][et_pb_image src=&#8220;https:\/\/aas.marketing.sh\/wp-content\/uploads\/2021\/02\/header_wireantenna.jpg&#8220; title_text=&#8220;header_wireantenna&#8220; _builder_version=&#8220;4.8.2&#8243; _module_preset=&#8220;default&#8220;][\/et_pb_image][et_pb_text _builder_version=&#8220;4.8.2&#8243; _module_preset=&#8220;default&#8220; text_orientation=&#8220;center&#8220; custom_margin=&#8220;-3px||||false|false&#8220; locked=&#8220;off&#8220;]<\/p>\n<h2>Spare Parts for Wire Antennas<\/h2>\n<p>Applicable for wire antennas<\/p>\n<p>[\/et_pb_text][et_pb_button button_url=&#8220;https:\/\/aas.marketing.sh\/spare-parts-for-wire-antennas\/&#8220; button_text=&#8220;Weiterlesen&#8220; button_alignment=&#8220;center&#8220; _builder_version=&#8220;4.8.2&#8243; _module_preset=&#8220;default&#8220; custom_margin=&#8220;-9px||||false|false&#8220; locked=&#8220;off&#8220;][\/et_pb_button][\/et_pb_column][\/et_pb_row][et_pb_row column_structure=&#8220;1_2,1_2&#8243; _builder_version=&#8220;4.8.2&#8243; _module_preset=&#8220;default&#8220; locked=&#8220;off&#8220;][et_pb_column type=&#8220;1_2&#8243; _builder_version=&#8220;4.8.2&#8243; _module_preset=&#8220;default&#8220;][et_pb_image src=&#8220;https:\/\/aas.marketing.sh\/wp-content\/uploads\/2021\/02\/amc_01.jpg&#8220; title_text=&#8220;amc_01&#8243; _builder_version=&#8220;4.8.2&#8243; _module_preset=&#8220;default&#8220;][\/et_pb_image][et_pb_text _builder_version=&#8220;4.8.2&#8243; _module_preset=&#8220;default&#8220; text_orientation=&#8220;center&#8220; custom_margin=&#8220;-3px||||false|false&#8220;]<\/p>\n<h2>Spare Parts for AMC Series<\/h2>\n<p>Applicable for AMC -A, -A1, -A2, -B, -B1, -D, -E, -F Series<\/p>\n<p>[\/et_pb_text][et_pb_button button_url=&#8220;https:\/\/aas.marketing.sh\/spare-parts-for-amc-series-2\/&#8220; button_text=&#8220;Weiterlesen&#8220; button_alignment=&#8220;center&#8220; _builder_version=&#8220;4.8.2&#8243; _module_preset=&#8220;default&#8220; custom_margin=&#8220;-9px||||false|false&#8220;][\/et_pb_button][\/et_pb_column][et_pb_column type=&#8220;1_2&#8243; _builder_version=&#8220;4.8.2&#8243; _module_preset=&#8220;default&#8220;][\/et_pb_column][\/et_pb_row][\/et_pb_section]<\/p>","protected":false},"excerpt":{"rendered":"<p>AVA Serie, AMC Serie, AVS Serie, ASM SerieAntennenverteilsystem AVA Serie Ersatzteile AVAErsatzteile f\u00fcr AVB Serie Anwendbar f\u00fcr die Serien AVB 10 und AVB 20Ersatzteile AVS Serie Anwendbar f\u00fcr die Serie AVSErsatzteile AMC Serie Anwendbar f\u00fcr die Serien AVA 10 und AVA 20Ersatzteile ADS Serie Anwendbar f\u00fcr die ADS SerieAudio Switch Matrix ASM Serie ErsatzteileErsatzteile STA [&hellip;]<\/p>","protected":false},"author":5,"featured_media":0,"parent":0,"menu_order":0,"comment_status":"closed","ping_status":"closed","template":"","meta":{"_et_pb_use_builder":"on","_et_pb_old_content":"","_et_gb_content_width":"","footnotes":""},"_links":{"self":[{"href":"https:\/\/aas.marketing.sh\/en\/wp-json\/wp\/v2\/pages\/3430"}],"collection":[{"href":"https:\/\/aas.marketing.sh\/en\/wp-json\/wp\/v2\/pages"}],"about":[{"href":"https:\/\/aas.marketing.sh\/en\/wp-json\/wp\/v2\/types\/page"}],"author":[{"embeddable":true,"href":"https:\/\/aas.marketing.sh\/en\/wp-json\/wp\/v2\/users\/5"}],"replies":[{"embeddable":true,"href":"https:\/\/aas.marketing.sh\/en\/wp-json\/wp\/v2\/comments?post=3430"}],"version-history":[{"count":15,"href":"https:\/\/aas.marketing.sh\/en\/wp-json\/wp\/v2\/pages\/3430\/revisions"}],"predecessor-version":[{"id":3854,"href":"https:\/\/aas.marketing.sh\/en\/wp-json\/wp\/v2\/pages\/3430\/revisions\/3854"}],"wp:attachment":[{"href":"https:\/\/aas.marketing.sh\/en\/wp-json\/wp\/v2\/media?parent=3430"}],"curies":[{"name":"wp","href":"https:\/\/api.w.org\/{rel}","templated":true}]}}