{"id":2815,"date":"2021-02-15T14:58:40","date_gmt":"2021-02-15T14:58:40","guid":{"rendered":"https:\/\/aas.marketing.sh\/?page_id=2815"},"modified":"2021-02-23T09:38:43","modified_gmt":"2021-02-23T09:38:43","slug":"ueber-aas-tech","status":"publish","type":"page","link":"https:\/\/aas.marketing.sh\/es\/ueber-aas-tech\/","title":{"rendered":"Sobre aas.tech"},"content":{"rendered":"<p>[et_pb_section fb_built=&#8220;1&#8243; _builder_version=&#8220;3.22&#8243;][et_pb_row _builder_version=&#8220;4.8.2&#8243; _module_preset=&#8220;default&#8220;][et_pb_column type=&#8220;4_4&#8243; _builder_version=&#8220;4.8.2&#8243; _module_preset=&#8220;default&#8220;][et_pb_image src=&#8220;https:\/\/aas.marketing.sh\/wp-content\/uploads\/2021\/02\/ueber_uns.jpg&#8220; title_text=&#8220;ueber_uns&#8220; _builder_version=&#8220;4.8.2&#8243; _module_preset=&#8220;default&#8220;][\/et_pb_image][\/et_pb_column][\/et_pb_row][et_pb_row _builder_version=&#8220;4.8.2&#8243; _module_preset=&#8220;default&#8220;][et_pb_column type=&#8220;4_4&#8243; _builder_version=&#8220;4.8.2&#8243; _module_preset=&#8220;default&#8220;][et_pb_text _builder_version=&#8220;4.8.2&#8243; _module_preset=&#8220;default&#8220; text_font=&#8220;|600|||||||&#8220; text_text_color=&#8220;#000000&#8243; text_font_size=&#8220;30px&#8220;]<\/p>\n<p>Sobre aas.tech<\/p>\n<p>[\/et_pb_text][\/et_pb_column][\/et_pb_row][et_pb_row column_structure=&#8220;1_2,1_2&#8243; _builder_version=&#8220;4.8.2&#8243; _module_preset=&#8220;default&#8220; custom_margin=&#8220;-25px||||false|false&#8220;][et_pb_column type=&#8220;1_2&#8243; _builder_version=&#8220;4.8.2&#8243; _module_preset=&#8220;default&#8220;][et_pb_text _builder_version=&#8220;4.8.2&#8243; _module_preset=&#8220;default&#8220; hover_enabled=&#8220;0&#8243; sticky_enabled=&#8220;0&#8243;]<\/p>\n<p><span>aas.tech es un proveedor de tecnolog\u00eda de transmisi\u00f3n y sistemas de comunicaci\u00f3n con un enfoque en antenas activas y pasivas, tecnolog\u00eda de recepci\u00f3n y transmisi\u00f3n. El espectro cubre el dise\u00f1o, desarrollo, fabricaci\u00f3n, compra, venta, gesti\u00f3n de proyectos, instalaci\u00f3n, puesta en marcha, formaci\u00f3n y servicios el\u00e9ctricos y mec\u00e1nicos.<\/span><\/p>\n<p><span>Ahora miramos hacia atr\u00e1s en m\u00e1s de 40 a\u00f1os de experiencia. La historia de la compa\u00f1\u00eda est\u00e1 acompa\u00f1ada de \u00e9xitos, pero tambi\u00e9n se han superado con \u00e9xito momentos dif\u00edciles como la actual crisis de Corona.<\/span><\/p>\n<p>Las ra\u00edces se remontan a Diekmann &amp; Klapper Ger\u00e4tebau GmbH (DUK) en los a\u00f1os 80, para cuyos productos todav\u00eda podemos ofrecer servicios en la actualidad. A trav\u00e9s de Active Antenna Systems AAS GmbH, la empresa se ha convertido en un proveedor de sistemas y una empresa de servicios.<\/p>\n<p>Desarrollamos, dise\u00f1amos y fabricamos sistemas de control y transmisi\u00f3n, as\u00ed como equipos de comunicaci\u00f3n por radio y datos para aplicaciones terrestres y mar\u00edtimas.<\/p>\n<p>&nbsp;<\/p>\n<p>[\/et_pb_text][\/et_pb_column][et_pb_column type=&#8220;1_2&#8243; _builder_version=&#8220;4.8.2&#8243; _module_preset=&#8220;default&#8220;][et_pb_text _builder_version=&#8220;4.8.2&#8243; _module_preset=&#8220;default&#8220;]<\/p>\n<p>Adem\u00e1s de las soluciones de sistemas t\u00e9cnicos, ofrecemos servicios como gesti\u00f3n de proyectos, integraci\u00f3n de productos de terceros, servicio, log\u00edstica integrada, tecnolog\u00eda de medici\u00f3n, productos software, gesti\u00f3n de verificaci\u00f3n y documentaci\u00f3n.<\/p>\n<p>La mayor\u00eda de nuestros clientes son usuarios e integradores de sistemas para sistemas de comunicaci\u00f3n y defensa complejos e integrados. Como especialistas, cumplimos con sus requisitos comerciales y militares para aplicaciones mar\u00edtimas, m\u00f3viles y terrestres con nuestros sistemas y productos de alta calidad. Nuestros sistemas y productos se adaptan a las necesidades especiales del cliente y estamos preparados para implementar requisitos individuales.<\/p>\n<p>Realizamos env\u00edos a todos los continentes y nuestros clientes de todo el mundo se benefician de nuestro conocimiento como socio profesional para sus necesidades.<\/p>\n<p>Nuestro mandato es que valoramos su confianza y actuemos en consecuencia.<\/p>\n<p>\u00bfQu\u00e9 podemos hacer por usted?<\/p>\n<p>[\/et_pb_text][\/et_pb_column][\/et_pb_row][\/et_pb_section]<\/p>","protected":false},"excerpt":{"rendered":"<p>\u00dcber aas.techaas.tech ist ein Anbieter f\u00fcr \u00dcbertragungstechnik und Kommunikationssysteme mit den Schwerpunkten aktive und passive Antennensysteme, Empfangs- und Sendetechnik. Das Leistungsspektrum umfasst Design, Entwicklung, Konstruktion, Herstellung, Verkauf, Projektmanagement, Installation, Inbetriebnahme, Schulung und Dienstleistungen. Inzwischen blicken wir auf \u00fcber 40 Jahre Erfahrung zur\u00fcck. Die Unternehmensgeschichte ist begleitet von Erfolgen, aber auch schwierige Zeiten wie die aktuelle [&hellip;]<\/p>","protected":false},"author":5,"featured_media":0,"parent":0,"menu_order":0,"comment_status":"closed","ping_status":"closed","template":"","meta":{"_et_pb_use_builder":"on","_et_pb_old_content":"","_et_gb_content_width":"","footnotes":""},"_links":{"self":[{"href":"https:\/\/aas.marketing.sh\/es\/wp-json\/wp\/v2\/pages\/2815"}],"collection":[{"href":"https:\/\/aas.marketing.sh\/es\/wp-json\/wp\/v2\/pages"}],"about":[{"href":"https:\/\/aas.marketing.sh\/es\/wp-json\/wp\/v2\/types\/page"}],"author":[{"embeddable":true,"href":"https:\/\/aas.marketing.sh\/es\/wp-json\/wp\/v2\/users\/5"}],"replies":[{"embeddable":true,"href":"https:\/\/aas.marketing.sh\/es\/wp-json\/wp\/v2\/comments?post=2815"}],"version-history":[{"count":7,"href":"https:\/\/aas.marketing.sh\/es\/wp-json\/wp\/v2\/pages\/2815\/revisions"}],"predecessor-version":[{"id":3651,"href":"https:\/\/aas.marketing.sh\/es\/wp-json\/wp\/v2\/pages\/2815\/revisions\/3651"}],"wp:attachment":[{"href":"https:\/\/aas.marketing.sh\/es\/wp-json\/wp\/v2\/media?parent=2815"}],"curies":[{"name":"wp","href":"https:\/\/api.w.org\/{rel}","templated":true}]}}