{"id":2848,"date":"2021-02-15T14:57:52","date_gmt":"2021-02-15T14:57:52","guid":{"rendered":"https:\/\/aas.marketing.sh\/?page_id=2848"},"modified":"2021-04-28T13:55:40","modified_gmt":"2021-04-28T13:55:40","slug":"ava-serie","status":"publish","type":"page","link":"https:\/\/aas.marketing.sh\/es\/ava-serie\/","title":{"rendered":"Serie AVA"},"content":{"rendered":"<p>[et_pb_section fb_built=&#8220;1&#8243; fullwidth=&#8220;on&#8220; _builder_version=&#8220;4.8.2&#8243; _module_preset=&#8220;default&#8220; global_module=&#8220;2953&#8243; saved_tabs=&#8220;all&#8220;][et_pb_fullwidth_slider _builder_version=&#8220;4.8.2&#8243; _module_preset=&#8220;default&#8220; header_font=&#8220;|700|||||||&#8220; header_font_size=&#8220;70px&#8220; body_font_size=&#8220;30px&#8220; height=&#8220;743px&#8220; height_tablet=&#8220;&#8220; height_phone=&#8220;&#8220; height_last_edited=&#8220;on|phone&#8220; header_text_shadow_style=&#8220;preset1&#8243; header_text_shadow_vertical_length=&#8220;0.07em&#8220; header_text_shadow_blur_strength=&#8220;0.11em&#8220; locked=&#8220;off&#8220;][et_pb_slide heading=&#8220;Verteilsysteme&#8220; use_bg_overlay=&#8220;on&#8220; bg_overlay_color=&#8220;rgba(12,38,112,0.83)&#8220; content_tablet=&#8220;&#8220; content_phone=&#8220;<\/p>\n<p>AVA Serie, AMC Serie, <br \/>AVS Serie, ASM Serie<\/p>\n<p>&#8220; content_last_edited=&#8220;on|phone&#8220; _builder_version=&#8220;4.8.2&#8243; _module_preset=&#8220;default&#8220; body_font_size=&#8220;20px&#8220; body_line_height=&#8220;3em&#8220; background_color=&#8220;RGBA(0,0,0,0)&#8220; background_enable_color=&#8220;on&#8220; background_image=&#8220;https:\/\/aas.marketing.sh\/wp-content\/uploads\/2021\/02\/antenna-systems-header-category.jpg&#8220; background_enable_image=&#8220;on&#8220; header_font_size_tablet=&#8220;&#8220; header_font_size_phone=&#8220;36px&#8220; header_font_size_last_edited=&#8220;on|phone&#8220; body_line_height_tablet=&#8220;&#8220; body_line_height_phone=&#8220;1.5em&#8220; body_line_height_last_edited=&#8220;on|phone&#8220; locked=&#8220;off&#8220; sticky_transition=&#8220;on&#8220;]<\/p>\n<p>Serie AVA, Serie AMC, Serie AVS, Serie ASM<\/p>\n<p>[\/et_pb_slide][\/et_pb_fullwidth_slider][\/et_pb_section][et_pb_section fb_built=&#8220;1&#8243; _builder_version=&#8220;4.8.2&#8243; _module_preset=&#8220;default&#8220;][et_pb_row _builder_version=&#8220;4.8.2&#8243; _module_preset=&#8220;default&#8220;][et_pb_column type=&#8220;4_4&#8243; _builder_version=&#8220;4.8.2&#8243; _module_preset=&#8220;default&#8220;][et_pb_image src=&#8220;https:\/\/aas.marketing.sh\/wp-content\/uploads\/2021\/02\/ava.jpg&#8220; title_text=&#8220;ava&#8220; _builder_version=&#8220;4.8.2&#8243; _module_preset=&#8220;default&#8220;][\/et_pb_image][\/et_pb_column][\/et_pb_row][et_pb_row _builder_version=&#8220;4.8.2&#8243; _module_preset=&#8220;default&#8220;][et_pb_column type=&#8220;4_4&#8243; _builder_version=&#8220;4.8.2&#8243; _module_preset=&#8220;default&#8220;][et_pb_text _builder_version=&#8220;4.8.2&#8243; _module_preset=&#8220;default&#8220; text_font=&#8220;|600|||||||&#8220; text_text_color=&#8220;#000000&#8243; text_font_size=&#8220;30px&#8220; custom_margin=&#8220;||-21px||false|false&#8220;]<\/p>\n<p>Serie AVA<\/p>\n<p>[\/et_pb_text][\/et_pb_column][\/et_pb_row][et_pb_row column_structure=&#8220;1_2,1_2&#8243; _builder_version=&#8220;4.8.2&#8243; _module_preset=&#8220;default&#8220;][et_pb_column type=&#8220;1_2&#8243; _builder_version=&#8220;4.8.2&#8243; _module_preset=&#8220;default&#8220;][et_pb_text _builder_version=&#8220;4.9.0&#8243; _module_preset=&#8220;default&#8220; hover_enabled=&#8220;0&#8243; sticky_enabled=&#8220;0&#8243;]<\/p>\n<p>El sistema de distribuci\u00f3n de antena AVA es una soluci\u00f3n de distribuci\u00f3n muy flexible para aplicaciones de comunicaci\u00f3n de onda corta.<\/p>\n<p>La serie AVA est\u00e1 equipada en una sola unidad deslizante de 19 pulgadas y 2 HU, por lo que su tama\u00f1o reducido permite una integraci\u00f3n flexible en el entorno de la aplicaci\u00f3n.<\/p>\n<p>La serie AVA cubre el rango de frecuencia de 10 kHz a 30 MHz proporcionando la distribuci\u00f3n de conmutaci\u00f3n sin bloqueo de hasta 4 entradas de antena a un m\u00e1ximo de 20 salidas de receptor.<\/p>\n<p>La serie AVA se puede alimentar con una fuente de alimentaci\u00f3n est\u00e1ndar de CA y \/ o CC (bater\u00eda).<\/p>\n<p>La <strong>AVA 10-Serie<\/strong> est\u00e1 disponible en varias configuraciones con 1 - 4 entradas y hasta 10 salidas.<\/p>\n<p>La <strong>AVA 20-Serie<\/strong> est\u00e1 disponible en varias configuraciones con 1 - 4 entradas y hasta 20 salidas.<\/p>\n<p>No existen restricciones sobre la asignaci\u00f3n de antenas a los receptores. Todos los receptores tambi\u00e9n se pueden asignar a una antena sin reducci\u00f3n de potencia.<\/p>\n<p>El sistema de distribuci\u00f3n de antena se controla y monitorea en operaci\u00f3n local desde el panel frontal y en operaci\u00f3n remota a trav\u00e9s de una interfaz LAN. Tambi\u00e9n est\u00e1 disponible una interfaz de control remoto en serie.<\/p>\n<p>[\/et_pb_text][\/et_pb_column][et_pb_column type=&#8220;1_2&#8243; _builder_version=&#8220;4.8.2&#8243; _module_preset=&#8220;default&#8220;][et_pb_text _builder_version=&#8220;4.8.2&#8243; _module_preset=&#8220;default&#8220;]<\/p>\n<p>Una unidad de control integrada monitorea el sistema de distribuci\u00f3n. <br \/>La configuraci\u00f3n de la antena \/ receptor se almacena de modo que despu\u00e9s de un fallo de red o despu\u00e9s de apagar el sistema se restablezcan autom\u00e1ticamente las condiciones de conmutaci\u00f3n anteriores.<\/p>\n<p>Una opci\u00f3n de derivaci\u00f3n pasiva permite la recepci\u00f3n ininterrumpida de una se\u00f1al de antena en caso de p\u00e9rdida de energ\u00eda.<\/p>\n<p>Configuraci\u00f3n flexible para satisfacer las necesidades de la aplicaci\u00f3n<\/p>\n<p>Cambio r\u00e1pido de entrada a salida<\/p>\n<p>tenuador de entrada conmutable (autom\u00e1tico - 0dB - 6dB - 20dB)<\/p>\n<p>Protecci\u00f3n de entrada 2 kV 50 us<\/p>\n<p>Compatible con alimentaci\u00f3n de energ\u00eda remota de antenas activas<\/p>\n<p>Monitorizaci\u00f3n de antenas activas, preamplificadores y amplificadores de canal<\/p>\n<p>N\u00famero de entradas y salidas seg\u00fan requerimiento del cliente<\/p>\n<p>Preamplificadores especiales disponibles para la limitaci\u00f3n del rango de frecuencia, bypass pasivo, otras aplicaciones<\/p>\n<p>No hay restricciones en la selecci\u00f3n de la antena.<\/p>\n<p>[\/et_pb_text][\/et_pb_column][\/et_pb_row][et_pb_row column_structure=&#8220;1_2,1_2&#8243; _builder_version=&#8220;4.8.2&#8243; _module_preset=&#8220;default&#8220;][et_pb_column type=&#8220;1_2&#8243; _builder_version=&#8220;4.8.2&#8243; _module_preset=&#8220;default&#8220;][et_pb_button button_url=&#8220;https:\/\/aas.marketing.sh\/wp-content\/uploads\/2021\/04\/2_1_56_EN.pdf&#8220; button_text=&#8220;Produkt Informationen&#8220; _builder_version=&#8220;4.9.0&#8243; _module_preset=&#8220;default&#8220;][\/et_pb_button][\/et_pb_column][et_pb_column type=&#8220;1_2&#8243; _builder_version=&#8220;4.8.2&#8243; _module_preset=&#8220;default&#8220;][\/et_pb_column][\/et_pb_row][et_pb_row column_structure=&#8220;1_2,1_2&#8243; _builder_version=&#8220;4.8.2&#8243; _module_preset=&#8220;default&#8220;][et_pb_column type=&#8220;1_2&#8243; _builder_version=&#8220;4.8.2&#8243; _module_preset=&#8220;default&#8220;][et_pb_text _builder_version=&#8220;4.8.2&#8243; _module_preset=&#8220;default&#8220; custom_margin=&#8220;-25px||||false|false&#8220;]<\/p>\n<p><a href=\"https:\/\/aas.marketing.sh\/es\/ersatzteile-fuer-ava-serie\/\">Enlace a los repuestos<\/a><\/p>\n<p>[\/et_pb_text][\/et_pb_column][et_pb_column type=&#8220;1_2&#8243; _builder_version=&#8220;4.8.2&#8243; _module_preset=&#8220;default&#8220;][\/et_pb_column][\/et_pb_row][\/et_pb_section]<\/p>","protected":false},"excerpt":{"rendered":"<p>AVA Serie, AMC Serie, AVS Serie, ASM SerieAVA SerieDas Antennenverteilungssystem AVA ist eine sehr flexible Verteilerl\u00f6sung f\u00fcr die Kurzwellenkommunikation in Empfangsrichtung. Die AVA-Serie ist in einer einzigen 19-Zoll-2-HE-Einschubeinheit untergebracht, sodass der geringe Platzbedarf eine flexible Integration in die Anwendungsumgebung erm\u00f6glicht. Die AVA-Serie deckt den Frequenzbereich von 10 kHz bis 30 MHz ab und bietet die [&hellip;]<\/p>","protected":false},"author":5,"featured_media":0,"parent":0,"menu_order":0,"comment_status":"closed","ping_status":"closed","template":"","meta":{"_et_pb_use_builder":"on","_et_pb_old_content":"","_et_gb_content_width":"","footnotes":""},"_links":{"self":[{"href":"https:\/\/aas.marketing.sh\/es\/wp-json\/wp\/v2\/pages\/2848"}],"collection":[{"href":"https:\/\/aas.marketing.sh\/es\/wp-json\/wp\/v2\/pages"}],"about":[{"href":"https:\/\/aas.marketing.sh\/es\/wp-json\/wp\/v2\/types\/page"}],"author":[{"embeddable":true,"href":"https:\/\/aas.marketing.sh\/es\/wp-json\/wp\/v2\/users\/5"}],"replies":[{"embeddable":true,"href":"https:\/\/aas.marketing.sh\/es\/wp-json\/wp\/v2\/comments?post=2848"}],"version-history":[{"count":22,"href":"https:\/\/aas.marketing.sh\/es\/wp-json\/wp\/v2\/pages\/2848\/revisions"}],"predecessor-version":[{"id":3982,"href":"https:\/\/aas.marketing.sh\/es\/wp-json\/wp\/v2\/pages\/2848\/revisions\/3982"}],"wp:attachment":[{"href":"https:\/\/aas.marketing.sh\/es\/wp-json\/wp\/v2\/media?parent=2848"}],"curies":[{"name":"wp","href":"https:\/\/api.w.org\/{rel}","templated":true}]}}