{"id":2900,"date":"2021-02-15T15:43:50","date_gmt":"2021-02-15T15:43:50","guid":{"rendered":"https:\/\/aas.marketing.sh\/?page_id=2900"},"modified":"2021-04-23T09:56:56","modified_gmt":"2021-04-23T09:56:56","slug":"avs-serie","status":"publish","type":"page","link":"https:\/\/aas.marketing.sh\/es\/avs-serie\/","title":{"rendered":"Serie AVS"},"content":{"rendered":"<p>[et_pb_section fb_built=&#8220;1&#8243; fullwidth=&#8220;on&#8220; _builder_version=&#8220;4.8.2&#8243; _module_preset=&#8220;default&#8220; global_module=&#8220;2942&#8243; saved_tabs=&#8220;all&#8220;][et_pb_fullwidth_slider _builder_version=&#8220;4.8.2&#8243; _module_preset=&#8220;default&#8220; header_font=&#8220;|700|||||||&#8220; header_font_size=&#8220;70px&#8220; body_font_size=&#8220;30px&#8220; height=&#8220;743px&#8220; height_tablet=&#8220;&#8220; height_phone=&#8220;&#8220; height_last_edited=&#8220;on|phone&#8220; header_text_shadow_style=&#8220;preset1&#8243; header_text_shadow_vertical_length=&#8220;0.07em&#8220; header_text_shadow_blur_strength=&#8220;0.11em&#8220;][et_pb_slide heading=&#8220;Verteilsysteme&#8220; use_bg_overlay=&#8220;on&#8220; bg_overlay_color=&#8220;rgba(12,38,112,0.83)&#8220; content_tablet=&#8220;&#8220; content_phone=&#8220;<\/p>\n<p>AVA Serie, AMC Serie, <br \/>AVS Serie, ASM Serie<\/p>\n<p>&#8220; content_last_edited=&#8220;on|phone&#8220; _builder_version=&#8220;4.8.2&#8243; _module_preset=&#8220;default&#8220; body_font_size=&#8220;20px&#8220; body_line_height=&#8220;3em&#8220; background_color=&#8220;RGBA(0,0,0,0)&#8220; background_enable_color=&#8220;on&#8220; background_image=&#8220;https:\/\/aas.marketing.sh\/wp-content\/uploads\/2021\/02\/antenna-systems-header-category.jpg&#8220; background_enable_image=&#8220;on&#8220; header_font_size_tablet=&#8220;&#8220; header_font_size_phone=&#8220;36px&#8220; header_font_size_last_edited=&#8220;on|phone&#8220; body_line_height_tablet=&#8220;&#8220; body_line_height_phone=&#8220;1.5em&#8220; body_line_height_last_edited=&#8220;on|phone&#8220; sticky_transition=&#8220;on&#8220;]<\/p>\n<p>Serie AVA, Serie AMC, Serie AVS, Serie ASM<\/p>\n<p>[\/et_pb_slide][\/et_pb_fullwidth_slider][\/et_pb_section][et_pb_section fb_built=&#8220;1&#8243; _builder_version=&#8220;4.8.2&#8243; _module_preset=&#8220;default&#8220;][et_pb_row _builder_version=&#8220;4.8.2&#8243; _module_preset=&#8220;default&#8220;][et_pb_column type=&#8220;4_4&#8243; _builder_version=&#8220;4.8.2&#8243; _module_preset=&#8220;default&#8220;][et_pb_image src=&#8220;https:\/\/aas.marketing.sh\/wp-content\/uploads\/2021\/02\/avs.jpg&#8220; title_text=&#8220;avs&#8220; _builder_version=&#8220;4.8.2&#8243; _module_preset=&#8220;default&#8220;][\/et_pb_image][\/et_pb_column][\/et_pb_row][et_pb_row _builder_version=&#8220;4.8.2&#8243; _module_preset=&#8220;default&#8220;][et_pb_column type=&#8220;4_4&#8243; _builder_version=&#8220;4.8.2&#8243; _module_preset=&#8220;default&#8220;][et_pb_text _builder_version=&#8220;4.8.2&#8243; _module_preset=&#8220;default&#8220; text_font=&#8220;|600|||||||&#8220; text_text_color=&#8220;#000000&#8243; text_font_size=&#8220;30px&#8220; custom_margin=&#8220;||-21px||false|false&#8220;]<\/p>\n<p>Serie AVS<\/p>\n<p>[\/et_pb_text][\/et_pb_column][\/et_pb_row][et_pb_row column_structure=&#8220;1_2,1_2&#8243; _builder_version=&#8220;4.8.2&#8243; _module_preset=&#8220;default&#8220;][et_pb_column type=&#8220;1_2&#8243; _builder_version=&#8220;4.8.2&#8243; _module_preset=&#8220;default&#8220;][et_pb_text _builder_version=&#8220;4.8.2&#8243; _module_preset=&#8220;default&#8220;]<\/p>\n<p>El sistema de distribuci\u00f3n de antena AVS es una soluci\u00f3n de distribuci\u00f3n muy flexible para aplicaciones de comunicaci\u00f3n de onda corta.<\/p>\n<p>Las versiones est\u00e1ndar incluidas en una sola unidad deslizante de 19 pulgadas y 4 HU proporcionan la distribuci\u00f3n de conmutaci\u00f3n sin bloqueo de hasta 8 entradas de antena y hasta 40 salidas de receptor.<\/p>\n<p>El sistema se puede ampliar para proporcionar la distribuci\u00f3n de hasta 16 antenas a 120 receptores.<\/p>\n<p><strong>La serie AVS A est\u00e1ndar admite el rango de frecuencia de 10 kHz a 30 MHz.<\/strong><\/p>\n<p><strong>La serie AVS B est\u00e1ndar admite el rango de frecuencia de 1,5 MHz kHz a 30 MHz.<\/strong><\/p>\n<p>Dicho sistema consta de una unidad maestra (8 entradas y 40 salidas), a la que se a\u00f1aden unidades esclavas, pre-distribuidores y \/ o matrices de rel\u00e9s dependiendo de la etapa de extensi\u00f3n. Una unidad de control integrada monitorea el sistema y establece la conexi\u00f3n con la computadora a trav\u00e9s de la red o interfaz RS232 \/ RS422<\/p>\n<p>Se agregan matrices de rel\u00e9s si se requieren m\u00e1s de 8 entradas.<\/p>\n<p>Se aplican pre-distribuidores activos si se requieren m\u00e1s de 40 salidas. Distribuyen en cada caso 8 entradas a nx8 salidas para poder conectar m\u00e1s distribuidores de antena en paralelo.<\/p>\n<p>El sistema se configurar\u00e1 seg\u00fan las necesidades del cliente.<\/p>\n<p>[\/et_pb_text][\/et_pb_column][et_pb_column type=&#8220;1_2&#8243; _builder_version=&#8220;4.8.2&#8243; _module_preset=&#8220;default&#8220;][et_pb_text _builder_version=&#8220;4.8.2&#8243; _module_preset=&#8220;default&#8220;]<\/p>\n<p><strong>Caracter\u00edsticas Espec\u00edficas<br \/><\/strong>La unidad de operaci\u00f3n \/ control integrada monitorea el sistema y proporciona operaci\u00f3n local o remota del sistema de distribuci\u00f3n de antena.<\/p>\n<p>Control remoto mediante interfaz de red (est\u00e1ndar) o interfaz serial RS232 \/ RS422\u00a0<span style=\"font-size: 14px;\">Debido a la alta flexibilidad del sistema AVS, el usuario tiene la posibilidad de determinar el n\u00famero de entradas entre 4 y 16 (en pasos de 4) y el n\u00famero de salidas entre 10 y 120 (en pasos de 10).<\/span><\/p>\n<p>Las condiciones de conmutaci\u00f3n preconfiguradas se almacenan de modo que despu\u00e9s de un fallo de red o despu\u00e9s de apagar el sistema se restablecen autom\u00e1ticamente las condiciones de conmutaci\u00f3n anteriores.<\/p>\n<p><strong>Opciones<br \/><\/strong>El rango de frecuencia del sistema de distribuci\u00f3n de antena suele ser de 1,5 a 30 MHz. Sin embargo, es posible extender algunas o todas las entradas al rango de frecuencia de 10 kHz - 30 MHz resp. para estrechar el rango de frecuencia a trav\u00e9s de filtros adicionales.<\/p>\n<p>Un sistema de alimentaci\u00f3n de energ\u00eda remota (AAN 800) est\u00e1 disponible para alimentar un voltaje de CC a las antenas activas conectadas.\u00a0<span style=\"font-size: 14px;\">Se encuentran disponibles sistemas de distribuci\u00f3n con m\u00e1s de 16 entradas o m\u00e1s de 120 salidas.<\/span><\/p>\n<p>Para aumentar la fiabilidad operativa, el control del sistema y \/ o la fuente de alimentaci\u00f3n se pueden proporcionar de forma redundante.<\/p>\n<p>El sistema distribuidor de antenas tambi\u00e9n se puede entregar montado en un Rack de 19 \u201d, listo para funcionar.<\/p>\n<p>[\/et_pb_text][\/et_pb_column][\/et_pb_row][et_pb_row column_structure=&#8220;1_2,1_2&#8243; _builder_version=&#8220;4.8.2&#8243; _module_preset=&#8220;default&#8220;][et_pb_column type=&#8220;1_2&#8243; _builder_version=&#8220;4.8.2&#8243; _module_preset=&#8220;default&#8220;][et_pb_button button_url=&#8220;https:\/\/aas.marketing.sh\/wp-content\/uploads\/2021\/04\/2_4_3_EN.pdf&#8220; button_text=&#8220;Produkt Informationen&#8220; _builder_version=&#8220;4.9.0&#8243; _module_preset=&#8220;default&#8220; hover_enabled=&#8220;0&#8243; sticky_enabled=&#8220;0&#8243;][\/et_pb_button][\/et_pb_column][et_pb_column type=&#8220;1_2&#8243; _builder_version=&#8220;4.8.2&#8243; _module_preset=&#8220;default&#8220;][\/et_pb_column][\/et_pb_row][et_pb_row column_structure=&#8220;1_2,1_2&#8243; _builder_version=&#8220;4.8.2&#8243; _module_preset=&#8220;default&#8220;][et_pb_column type=&#8220;1_2&#8243; _builder_version=&#8220;4.8.2&#8243; _module_preset=&#8220;default&#8220;][et_pb_text _builder_version=&#8220;4.8.2&#8243; _module_preset=&#8220;default&#8220; custom_margin=&#8220;-25px||||false|false&#8220;]<\/p>\n<p><a href=\"https:\/\/aas.marketing.sh\/es\/ersatzteile-fuer-avs-serie\/\">Enlace a los repuestos<\/a><\/p>\n<p>[\/et_pb_text][\/et_pb_column][et_pb_column type=&#8220;1_2&#8243; _builder_version=&#8220;4.8.2&#8243; _module_preset=&#8220;default&#8220;][\/et_pb_column][\/et_pb_row][\/et_pb_section]<\/p>","protected":false},"excerpt":{"rendered":"<p>AVA Serie, AMC Serie, AVS Serie, ASM SerieAVS SerieDas Antennenverteilungssystem AVS ist eine sehr flexible Verteilungsl\u00f6sung Kommunikationsanwendungen im Kurzwellenbereich. Die Standardversionen, die in einer einzelnen 19-Zoll-4-HE-Einschubeinheit integriert sind, bieten die nicht blockierende Schaltverteilung von bis zu 8 Antenneneing\u00e4ngen auf bis zu 40 Empf\u00e4ngerausg\u00e4ngen. Das System kann erweitert werden um die Verteilung von bis zu 16 [&hellip;]<\/p>","protected":false},"author":5,"featured_media":0,"parent":0,"menu_order":0,"comment_status":"closed","ping_status":"closed","template":"","meta":{"_et_pb_use_builder":"on","_et_pb_old_content":"","_et_gb_content_width":"","footnotes":""},"_links":{"self":[{"href":"https:\/\/aas.marketing.sh\/es\/wp-json\/wp\/v2\/pages\/2900"}],"collection":[{"href":"https:\/\/aas.marketing.sh\/es\/wp-json\/wp\/v2\/pages"}],"about":[{"href":"https:\/\/aas.marketing.sh\/es\/wp-json\/wp\/v2\/types\/page"}],"author":[{"embeddable":true,"href":"https:\/\/aas.marketing.sh\/es\/wp-json\/wp\/v2\/users\/5"}],"replies":[{"embeddable":true,"href":"https:\/\/aas.marketing.sh\/es\/wp-json\/wp\/v2\/comments?post=2900"}],"version-history":[{"count":15,"href":"https:\/\/aas.marketing.sh\/es\/wp-json\/wp\/v2\/pages\/2900\/revisions"}],"predecessor-version":[{"id":3914,"href":"https:\/\/aas.marketing.sh\/es\/wp-json\/wp\/v2\/pages\/2900\/revisions\/3914"}],"wp:attachment":[{"href":"https:\/\/aas.marketing.sh\/es\/wp-json\/wp\/v2\/media?parent=2900"}],"curies":[{"name":"wp","href":"https:\/\/api.w.org\/{rel}","templated":true}]}}