{"id":3019,"date":"2021-02-16T08:08:56","date_gmt":"2021-02-16T08:08:56","guid":{"rendered":"https:\/\/aas.marketing.sh\/?page_id=3019"},"modified":"2021-04-29T07:00:55","modified_gmt":"2021-04-29T07:00:55","slug":"amc-e-serie-20-mhz-2-ghz","status":"publish","type":"page","link":"https:\/\/aas.marketing.sh\/es\/amc-e-serie-20-mhz-2-ghz\/","title":{"rendered":"AMC E Series (20 MHz \u2013 2 GHz)"},"content":{"rendered":"<p>[et_pb_section fb_built=&#8220;1&#8243; fullwidth=&#8220;on&#8220; _builder_version=&#8220;4.8.2&#8243; _module_preset=&#8220;default&#8220; global_module=&#8220;2942&#8243; saved_tabs=&#8220;all&#8220;][et_pb_fullwidth_slider _builder_version=&#8220;4.8.2&#8243; _module_preset=&#8220;default&#8220; header_font=&#8220;|700|||||||&#8220; header_font_size=&#8220;70px&#8220; body_font_size=&#8220;30px&#8220; height=&#8220;743px&#8220; height_tablet=&#8220;&#8220; height_phone=&#8220;&#8220; height_last_edited=&#8220;on|phone&#8220; header_text_shadow_style=&#8220;preset1&#8243; header_text_shadow_vertical_length=&#8220;0.07em&#8220; header_text_shadow_blur_strength=&#8220;0.11em&#8220;][et_pb_slide heading=&#8220;Verteilsysteme&#8220; use_bg_overlay=&#8220;on&#8220; bg_overlay_color=&#8220;rgba(12,38,112,0.83)&#8220; content_tablet=&#8220;&#8220; content_phone=&#8220;<\/p>\n<p>AVA Serie, AMC Serie, <br \/>AVS Serie, ASM Serie<\/p>\n<p>&#8220; content_last_edited=&#8220;on|phone&#8220; _builder_version=&#8220;4.8.2&#8243; _module_preset=&#8220;default&#8220; body_font_size=&#8220;20px&#8220; body_line_height=&#8220;3em&#8220; background_color=&#8220;RGBA(0,0,0,0)&#8220; background_enable_color=&#8220;on&#8220; background_image=&#8220;https:\/\/aas.marketing.sh\/wp-content\/uploads\/2021\/02\/antenna-systems-header-category.jpg&#8220; background_enable_image=&#8220;on&#8220; header_font_size_tablet=&#8220;&#8220; header_font_size_phone=&#8220;36px&#8220; header_font_size_last_edited=&#8220;on|phone&#8220; body_line_height_tablet=&#8220;&#8220; body_line_height_phone=&#8220;1.5em&#8220; body_line_height_last_edited=&#8220;on|phone&#8220; sticky_transition=&#8220;on&#8220;]<\/p>\n<p>Serie AVA, Serie AMC, Serie AVS, Serie ASM<\/p>\n<p>[\/et_pb_slide][\/et_pb_fullwidth_slider][\/et_pb_section][et_pb_section fb_built=&#8220;1&#8243; _builder_version=&#8220;4.8.2&#8243; _module_preset=&#8220;default&#8220;][et_pb_row _builder_version=&#8220;4.8.2&#8243; _module_preset=&#8220;default&#8220;][et_pb_column type=&#8220;4_4&#8243; _builder_version=&#8220;4.8.2&#8243; _module_preset=&#8220;default&#8220;][et_pb_image src=&#8220;https:\/\/aas.marketing.sh\/wp-content\/uploads\/2021\/02\/amc.jpg&#8220; title_text=&#8220;amc&#8220; _builder_version=&#8220;4.8.2&#8243; _module_preset=&#8220;default&#8220;][\/et_pb_image][\/et_pb_column][\/et_pb_row][et_pb_row _builder_version=&#8220;4.8.2&#8243; _module_preset=&#8220;default&#8220;][et_pb_column type=&#8220;4_4&#8243; _builder_version=&#8220;4.8.2&#8243; _module_preset=&#8220;default&#8220;][et_pb_text _builder_version=&#8220;4.9.0&#8243; _module_preset=&#8220;default&#8220; text_font=&#8220;|600|||||||&#8220; text_text_color=&#8220;#000000&#8243; text_font_size=&#8220;30px&#8220; header_2_font=&#8220;|600|||||||&#8220; custom_margin=&#8220;||-21px||false|false&#8220; hover_enabled=&#8220;0&#8243; header_2_font_size_tablet=&#8220;&#8220; header_2_font_size_phone=&#8220;27px&#8220; header_2_font_size_last_edited=&#8220;on|phone&#8220; header_2_line_height_tablet=&#8220;&#8220; header_2_line_height_phone=&#8220;1.3em&#8220; header_2_line_height_last_edited=&#8220;on|phone&#8220; sticky_enabled=&#8220;0&#8243;]<\/p>\n<h2>Distribuidor de antenas \u2013 Serie AMC E (20 MHz \u2013 2000 MHz)<\/h2>\n<p>[\/et_pb_text][\/et_pb_column][\/et_pb_row][et_pb_row column_structure=&#8220;1_2,1_2&#8243; _builder_version=&#8220;4.8.2&#8243; _module_preset=&#8220;default&#8220;][et_pb_column type=&#8220;1_2&#8243; _builder_version=&#8220;4.8.2&#8243; _module_preset=&#8220;default&#8220;][et_pb_text _builder_version=&#8220;4.9.0&#8243; _module_preset=&#8220;default&#8220; hover_enabled=&#8220;0&#8243; sticky_enabled=&#8220;0&#8243;]<\/p>\n<p>La serie AMC es una soluci\u00f3n de distribuci\u00f3n de antena flexible para aplicaciones de comunicaci\u00f3n en la ruta de recepci\u00f3n. Est\u00e1 disponible para varios rangos de frecuencia de 10 kHz a 3,6 GHz.<\/p>\n<p>La serie AMC E cubre el rango de frecuencia de 20 MHz a 2000 MHz.<\/p>\n<p>De acuerdo con los requisitos del proyecto, se pueden proporcionar 4, 8, 12 o 16 salidas. Se encuentran disponibles conectores de salida de tipo est\u00e1ndar BNC, N o SMA. Se pueden considerar otros requisitos del cliente.<\/p>\n<p>La serie AMC est\u00e1 equipada en una sola unidad deslizante de 19 pulgadas y 1 HU, por lo que su tama\u00f1o reducido permite una integraci\u00f3n flexible en el entorno de la aplicaci\u00f3n.<\/p>\n<p>La serie AMC se puede alimentar con una fuente de alimentaci\u00f3n est\u00e1ndar de CA y \/ o CC (bater\u00eda).<\/p>\n<p>[\/et_pb_text][\/et_pb_column][et_pb_column type=&#8220;1_2&#8243; _builder_version=&#8220;4.8.2&#8243; _module_preset=&#8220;default&#8220;][et_pb_text _builder_version=&#8220;4.9.0&#8243; _module_preset=&#8220;default&#8220; hover_enabled=&#8220;0&#8243; sticky_enabled=&#8220;0&#8243;]<\/p>\n<p>Configuraci\u00f3n flexible para satisfacer las necesidades de la aplicaci\u00f3n<\/p>\n<p>Distribuci\u00f3n de una se\u00f1al de antena a 4, 8, 12 o 16 salidas<\/p>\n<p>Protecci\u00f3n de entrada 2 kV 50 us<\/p>\n<p>Compatible con alimentaci\u00f3n de energ\u00eda remota de antenas activas<\/p>\n<p>Fuente de alimentaci\u00f3n de CA compatible<\/p>\n<p>Fuente de alimentaci\u00f3n de CC (bater\u00eda) compatible<\/p>\n<p>[\/et_pb_text][\/et_pb_column][\/et_pb_row][et_pb_row column_structure=&#8220;1_2,1_2&#8243; _builder_version=&#8220;4.8.2&#8243; _module_preset=&#8220;default&#8220;][et_pb_column type=&#8220;1_2&#8243; _builder_version=&#8220;4.8.2&#8243; _module_preset=&#8220;default&#8220;][et_pb_button button_url=&#8220;https:\/\/aas.marketing.sh\/wp-content\/uploads\/2021\/02\/amc-2_8_7_EN.pdf&#8220; button_text=&#8220;Produkt Informationen&#8220; _builder_version=&#8220;4.8.2&#8243; _module_preset=&#8220;default&#8220;][\/et_pb_button][\/et_pb_column][et_pb_column type=&#8220;1_2&#8243; _builder_version=&#8220;4.8.2&#8243; _module_preset=&#8220;default&#8220;][\/et_pb_column][\/et_pb_row][\/et_pb_section]<\/p>","protected":false},"excerpt":{"rendered":"<p>AVA Serie, AMC Serie, AVS Serie, ASM SerieVerteilsysteme AMC \u2013 E Serie (20 \u2013 2000 MHz)Die AMC-Serie ist eine flexible Antennenverteilungsl\u00f6sung f\u00fcr Kommunikationsanwendungen im Empfangspfad. Die Serie ist f\u00fcr verschiedene Frequenzbereiche von 10 kHz bis 3,6 GHz erh\u00e4ltlich. Die AMC E Serie deckt den Frequenzbereich von 20 MHz bis 2000 MHz ab. Entsprechend den Anforderungen [&hellip;]<\/p>","protected":false},"author":5,"featured_media":0,"parent":0,"menu_order":0,"comment_status":"closed","ping_status":"closed","template":"","meta":{"_et_pb_use_builder":"on","_et_pb_old_content":"","_et_gb_content_width":"","footnotes":""},"_links":{"self":[{"href":"https:\/\/aas.marketing.sh\/es\/wp-json\/wp\/v2\/pages\/3019"}],"collection":[{"href":"https:\/\/aas.marketing.sh\/es\/wp-json\/wp\/v2\/pages"}],"about":[{"href":"https:\/\/aas.marketing.sh\/es\/wp-json\/wp\/v2\/types\/page"}],"author":[{"embeddable":true,"href":"https:\/\/aas.marketing.sh\/es\/wp-json\/wp\/v2\/users\/5"}],"replies":[{"embeddable":true,"href":"https:\/\/aas.marketing.sh\/es\/wp-json\/wp\/v2\/comments?post=3019"}],"version-history":[{"count":8,"href":"https:\/\/aas.marketing.sh\/es\/wp-json\/wp\/v2\/pages\/3019\/revisions"}],"predecessor-version":[{"id":4005,"href":"https:\/\/aas.marketing.sh\/es\/wp-json\/wp\/v2\/pages\/3019\/revisions\/4005"}],"wp:attachment":[{"href":"https:\/\/aas.marketing.sh\/es\/wp-json\/wp\/v2\/media?parent=3019"}],"curies":[{"name":"wp","href":"https:\/\/api.w.org\/{rel}","templated":true}]}}