{"id":3074,"date":"2021-02-16T09:02:46","date_gmt":"2021-02-16T09:02:46","guid":{"rendered":"https:\/\/aas.marketing.sh\/?page_id=3074"},"modified":"2021-04-29T07:07:43","modified_gmt":"2021-04-29T07:07:43","slug":"amc-serie","status":"publish","type":"page","link":"https:\/\/aas.marketing.sh\/es\/amc-serie\/","title":{"rendered":"Serie AMC"},"content":{"rendered":"<p>[et_pb_section fb_built=&#8220;1&#8243; fullwidth=&#8220;on&#8220; _builder_version=&#8220;4.8.2&#8243; _module_preset=&#8220;default&#8220; global_module=&#8220;2942&#8243; saved_tabs=&#8220;all&#8220;][et_pb_fullwidth_slider _builder_version=&#8220;4.8.2&#8243; _module_preset=&#8220;default&#8220; header_font=&#8220;|700|||||||&#8220; header_font_size=&#8220;70px&#8220; body_font_size=&#8220;30px&#8220; height=&#8220;743px&#8220; height_tablet=&#8220;&#8220; height_phone=&#8220;&#8220; height_last_edited=&#8220;on|phone&#8220; header_text_shadow_style=&#8220;preset1&#8243; header_text_shadow_vertical_length=&#8220;0.07em&#8220; header_text_shadow_blur_strength=&#8220;0.11em&#8220;][et_pb_slide heading=&#8220;Verteilsysteme&#8220; use_bg_overlay=&#8220;on&#8220; bg_overlay_color=&#8220;rgba(12,38,112,0.83)&#8220; content_tablet=&#8220;&#8220; content_phone=&#8220;<\/p>\n<p>AVA Serie, AMC Serie, <br \/>AVS Serie, ASM Serie<\/p>\n<p>&#8220; content_last_edited=&#8220;on|phone&#8220; _builder_version=&#8220;4.8.2&#8243; _module_preset=&#8220;default&#8220; body_font_size=&#8220;20px&#8220; body_line_height=&#8220;3em&#8220; background_color=&#8220;RGBA(0,0,0,0)&#8220; background_enable_color=&#8220;on&#8220; background_image=&#8220;https:\/\/aas.marketing.sh\/wp-content\/uploads\/2021\/02\/antenna-systems-header-category.jpg&#8220; background_enable_image=&#8220;on&#8220; header_font_size_tablet=&#8220;&#8220; header_font_size_phone=&#8220;36px&#8220; header_font_size_last_edited=&#8220;on|phone&#8220; body_line_height_tablet=&#8220;&#8220; body_line_height_phone=&#8220;1.5em&#8220; body_line_height_last_edited=&#8220;on|phone&#8220; sticky_transition=&#8220;on&#8220;]<\/p>\n<p>Serie AVA, Serie AMC, Serie AVS, Serie ASM<\/p>\n<p>[\/et_pb_slide][\/et_pb_fullwidth_slider][\/et_pb_section][et_pb_section fb_built=&#8220;1&#8243; _builder_version=&#8220;4.8.2&#8243; _module_preset=&#8220;default&#8220;][et_pb_row column_structure=&#8220;1_2,1_2&#8243; _builder_version=&#8220;4.8.2&#8243; _module_preset=&#8220;default&#8220; custom_margin=&#8220;-9px||||false|false&#8220;][et_pb_column type=&#8220;1_2&#8243; _builder_version=&#8220;4.8.2&#8243; _module_preset=&#8220;default&#8220;][et_pb_image src=&#8220;https:\/\/aas.marketing.sh\/wp-content\/uploads\/2021\/02\/amc.jpg&#8220; title_text=&#8220;amc&#8220; _builder_version=&#8220;4.8.2&#8243; _module_preset=&#8220;default&#8220;][\/et_pb_image][et_pb_text _builder_version=&#8220;4.9.0&#8243; _module_preset=&#8220;default&#8220; text_orientation=&#8220;center&#8220; custom_margin=&#8220;-3px||||false|false&#8220; header_2_font_size_tablet=&#8220;&#8220; header_2_font_size_phone=&#8220;21px&#8220; header_2_font_size_last_edited=&#8220;on|phone&#8220;]<\/p>\n<h2>Distribuidor de antenas \u2013 Serie AMC A<\/h2>\n<h2>(0,01 &#8211; 30 MHz)<\/h2>\n<p>La serie AMC es una soluci\u00f3n de distribuci\u00f3n de antena flexible para aplicaciones de comunicaci\u00f3n en la ruta de recepci\u00f3n. <br \/>La<strong> Serie AMC A<\/strong> cubre el rango de frecuencia de 10 kHz a 30 MHz.<\/p>\n<p>[\/et_pb_text][et_pb_button button_url=&#8220;https:\/\/aas.marketing.sh\/amc-a-serie-10khz-30-mhz\/&#8220; button_text=&#8220;Weiterlesen&#8220; button_alignment=&#8220;center&#8220; _builder_version=&#8220;4.8.2&#8243; _module_preset=&#8220;default&#8220; custom_margin=&#8220;-9px||||false|false&#8220;][\/et_pb_button][\/et_pb_column][et_pb_column type=&#8220;1_2&#8243; _builder_version=&#8220;4.8.2&#8243; _module_preset=&#8220;default&#8220;][et_pb_image src=&#8220;https:\/\/aas.marketing.sh\/wp-content\/uploads\/2021\/02\/amc.jpg&#8220; title_text=&#8220;amc&#8220; _builder_version=&#8220;4.8.2&#8243; _module_preset=&#8220;default&#8220;][\/et_pb_image][et_pb_text _builder_version=&#8220;4.9.0&#8243; _module_preset=&#8220;default&#8220; text_orientation=&#8220;center&#8220; custom_margin=&#8220;-3px||||false|false&#8220; header_2_font_size_tablet=&#8220;&#8220; header_2_font_size_phone=&#8220;21px&#8220; header_2_font_size_last_edited=&#8220;on|phone&#8220; locked=&#8220;off&#8220;]<\/p>\n<h2>Distribuidor de antenas \u2013 Serie AMC A1<\/h2>\n<h2>(1,6 &#8211; 30 MHz)<\/h2>\n<p>La serie AMC es una soluci\u00f3n de distribuci\u00f3n de antena flexible para aplicaciones de comunicaci\u00f3n en la ruta de recepci\u00f3n. La <strong>Serie AMC A1<\/strong> cubre el rango de frecuencia de 1.6 MHz a 30 MHz.<\/p>\n<p>[\/et_pb_text][et_pb_button button_url=&#8220;https:\/\/aas.marketing.sh\/amc-a1-serie-1-6-khz-30-mhz\/&#8220; button_text=&#8220;Weiterlesen&#8220; button_alignment=&#8220;center&#8220; _builder_version=&#8220;4.8.2&#8243; _module_preset=&#8220;default&#8220; custom_margin=&#8220;-9px||||false|false&#8220; locked=&#8220;off&#8220;][\/et_pb_button][\/et_pb_column][\/et_pb_row][et_pb_row column_structure=&#8220;1_2,1_2&#8243; _builder_version=&#8220;4.8.2&#8243; _module_preset=&#8220;default&#8220;][et_pb_column type=&#8220;1_2&#8243; _builder_version=&#8220;4.8.2&#8243; _module_preset=&#8220;default&#8220;][et_pb_image src=&#8220;https:\/\/aas.marketing.sh\/wp-content\/uploads\/2021\/02\/amc.jpg&#8220; title_text=&#8220;amc&#8220; _builder_version=&#8220;4.8.2&#8243; _module_preset=&#8220;default&#8220;][\/et_pb_image][et_pb_text _builder_version=&#8220;4.9.0&#8243; _module_preset=&#8220;default&#8220; text_orientation=&#8220;center&#8220; custom_margin=&#8220;-3px||||false|false&#8220; header_2_font_size_tablet=&#8220;&#8220; header_2_font_size_phone=&#8220;21px&#8220; header_2_font_size_last_edited=&#8220;on|phone&#8220;]<\/p>\n<h2>Distribuidor de antenas \u2013 Serie AMC B<\/h2>\n<h2>(20 &#8211; 3000 MHz)<\/h2>\n<p>La serie AMC es una soluci\u00f3n de distribuci\u00f3n de antena flexible para aplicaciones de comunicaci\u00f3n en la ruta de recepci\u00f3n. La <strong>Serie AMC B<\/strong> cubre el rango de frecuencia de 20 MHz a 3000 MHz.<\/p>\n<p>[\/et_pb_text][et_pb_button button_url=&#8220;https:\/\/aas.marketing.sh\/amc-b-serie-20-mhz-30-ghz\/&#8220; button_text=&#8220;Weiterlesen&#8220; button_alignment=&#8220;center&#8220; _builder_version=&#8220;4.8.2&#8243; _module_preset=&#8220;default&#8220; custom_margin=&#8220;-9px||||false|false&#8220;][\/et_pb_button][\/et_pb_column][et_pb_column type=&#8220;1_2&#8243; _builder_version=&#8220;4.8.2&#8243; _module_preset=&#8220;default&#8220;][et_pb_image src=&#8220;https:\/\/aas.marketing.sh\/wp-content\/uploads\/2021\/02\/amc.jpg&#8220; title_text=&#8220;amc&#8220; _builder_version=&#8220;4.8.2&#8243; _module_preset=&#8220;default&#8220;][\/et_pb_image][et_pb_text _builder_version=&#8220;4.9.0&#8243; _module_preset=&#8220;default&#8220; text_orientation=&#8220;center&#8220; custom_margin=&#8220;-3px||||false|false&#8220; header_2_font_size_tablet=&#8220;&#8220; header_2_font_size_phone=&#8220;21px&#8220; header_2_font_size_last_edited=&#8220;on|phone&#8220; locked=&#8220;off&#8220;]<\/p>\n<h2>Distribuidor de antenas \u2013 Serie AMC B1<\/h2>\n<h2>(20 &#8211; 3600 MHz)<\/h2>\n<p>La serie AMC es una soluci\u00f3n de distribuci\u00f3n de antena flexible para aplicaciones de comunicaci\u00f3n en la ruta de recepci\u00f3n. La <strong>serie AMC B1<\/strong> cubre el rango de frecuencia de 20 MHz a 3600 MHz.<\/p>\n<p>[\/et_pb_text][et_pb_button button_url=&#8220;https:\/\/aas.marketing.sh\/amc-b1-serie-20-mhz-3-6-ghz\/&#8220; button_text=&#8220;Weiterlesen&#8220; button_alignment=&#8220;center&#8220; _builder_version=&#8220;4.8.2&#8243; _module_preset=&#8220;default&#8220; custom_margin=&#8220;-9px||||false|false&#8220; locked=&#8220;off&#8220;][\/et_pb_button][\/et_pb_column][\/et_pb_row][et_pb_row column_structure=&#8220;1_2,1_2&#8243; _builder_version=&#8220;4.8.2&#8243; _module_preset=&#8220;default&#8220;][et_pb_column type=&#8220;1_2&#8243; _builder_version=&#8220;4.8.2&#8243; _module_preset=&#8220;default&#8220;][et_pb_image src=&#8220;https:\/\/aas.marketing.sh\/wp-content\/uploads\/2021\/02\/amc.jpg&#8220; title_text=&#8220;amc&#8220; _builder_version=&#8220;4.8.2&#8243; _module_preset=&#8220;default&#8220;][\/et_pb_image][et_pb_text _builder_version=&#8220;4.9.0&#8243; _module_preset=&#8220;default&#8220; text_orientation=&#8220;center&#8220; custom_margin=&#8220;-3px||||false|false&#8220; header_2_font_size_tablet=&#8220;&#8220; header_2_font_size_phone=&#8220;21px&#8220; header_2_font_size_last_edited=&#8220;on|phone&#8220;]<\/p>\n<h2>Distribuidor de antenas \u2013 Serie AMC D<\/h2>\n<h2>(20 &#8211; 500 MHz)<\/h2>\n<p>La serie AMC es una soluci\u00f3n de distribuci\u00f3n de antena flexible para aplicaciones de comunicaci\u00f3n en la ruta de recepci\u00f3n. La <strong>serie AMC D<\/strong> cubre el rango de frecuencia de 20 MHz a 500 MHz.<\/p>\n<p>[\/et_pb_text][et_pb_button button_url=&#8220;https:\/\/aas.marketing.sh\/amc-d-serie-20-mhz-500-mhz\/&#8220; button_text=&#8220;Weiterlesen&#8220; button_alignment=&#8220;center&#8220; _builder_version=&#8220;4.8.2&#8243; _module_preset=&#8220;default&#8220; custom_margin=&#8220;-9px||||false|false&#8220;][\/et_pb_button][\/et_pb_column][et_pb_column type=&#8220;1_2&#8243; _builder_version=&#8220;4.8.2&#8243; _module_preset=&#8220;default&#8220;][et_pb_image src=&#8220;https:\/\/aas.marketing.sh\/wp-content\/uploads\/2021\/02\/amc_02.jpg&#8220; title_text=&#8220;amc_02&#8243; _builder_version=&#8220;4.8.2&#8243; _module_preset=&#8220;default&#8220;][\/et_pb_image][et_pb_text _builder_version=&#8220;4.9.0&#8243; _module_preset=&#8220;default&#8220; text_orientation=&#8220;center&#8220; custom_margin=&#8220;-3px||||false|false&#8220; header_2_font_size_tablet=&#8220;&#8220; header_2_font_size_phone=&#8220;21px&#8220; header_2_font_size_last_edited=&#8220;on|phone&#8220; locked=&#8220;off&#8220;]<\/p>\n<h2>Distribuidor de antenas \u2013 Serie AMC E<\/h2>\n<h2>(20 &#8211; 2000 MHz)<\/h2>\n<p>La serie AMC es una soluci\u00f3n de distribuci\u00f3n de antena flexible para aplicaciones de comunicaci\u00f3n en la ruta de recepci\u00f3n. La <strong>serie AMC E<\/strong> cubre el rango de frecuencia de 20 MHz a 2000 MHz.<\/p>\n<p>[\/et_pb_text][et_pb_button button_url=&#8220;https:\/\/aas.marketing.sh\/amc-e-serie-20-mhz-2-ghz\/&#8220; button_text=&#8220;Weiterlesen&#8220; button_alignment=&#8220;center&#8220; _builder_version=&#8220;4.8.2&#8243; _module_preset=&#8220;default&#8220; custom_margin=&#8220;-9px||||false|false&#8220; locked=&#8220;off&#8220;][\/et_pb_button][\/et_pb_column][\/et_pb_row][et_pb_row column_structure=&#8220;1_2,1_2&#8243; _builder_version=&#8220;4.8.2&#8243; _module_preset=&#8220;default&#8220;][et_pb_column type=&#8220;1_2&#8243; _builder_version=&#8220;4.8.2&#8243; _module_preset=&#8220;default&#8220;][et_pb_image src=&#8220;https:\/\/aas.marketing.sh\/wp-content\/uploads\/2021\/02\/amc_02.jpg&#8220; title_text=&#8220;amc_02&#8243; _builder_version=&#8220;4.8.2&#8243; _module_preset=&#8220;default&#8220;][\/et_pb_image][et_pb_text _builder_version=&#8220;4.9.0&#8243; _module_preset=&#8220;default&#8220; text_orientation=&#8220;center&#8220; custom_margin=&#8220;-3px||||false|false&#8220; hover_enabled=&#8220;0&#8243; header_2_font_size_tablet=&#8220;&#8220; header_2_font_size_phone=&#8220;21px&#8220; header_2_font_size_last_edited=&#8220;on|phone&#8220; locked=&#8220;off&#8220; sticky_enabled=&#8220;0&#8243;]<\/p>\n<h2>Distribuidor de antenas \u2013 Serie AMC F<\/h2>\n<h2>(1000 &#8211; 3000 MHz)<\/h2>\n<p>La serie AMC es una soluci\u00f3n de distribuci\u00f3n de antena flexible para aplicaciones de comunicaci\u00f3n en la ruta de recepci\u00f3n. La <strong>serie AMC F<\/strong> cubre el rango de frecuencia de 1000 MHz a 3000 MHz.<\/p>\n<p>[\/et_pb_text][et_pb_button button_url=&#8220;https:\/\/aas.marketing.sh\/amc-f-serie-1-ghz-3-ghz\/&#8220; button_text=&#8220;Weiterlesen&#8220; button_alignment=&#8220;center&#8220; _builder_version=&#8220;4.8.2&#8243; _module_preset=&#8220;default&#8220; custom_margin=&#8220;-9px||||false|false&#8220; locked=&#8220;off&#8220;][\/et_pb_button][\/et_pb_column][et_pb_column type=&#8220;1_2&#8243; disabled_on=&#8220;on|on|on&#8220; _builder_version=&#8220;4.9.0&#8243; _module_preset=&#8220;default&#8220; disabled=&#8220;on&#8220;][et_pb_image src=&#8220;https:\/\/aas.marketing.sh\/wp-content\/uploads\/2021\/02\/amc.jpg&#8220; title_text=&#8220;amc&#8220; _builder_version=&#8220;4.8.2&#8243; _module_preset=&#8220;default&#8220;][\/et_pb_image][et_pb_text _builder_version=&#8220;4.8.2&#8243; _module_preset=&#8220;default&#8220; text_orientation=&#8220;center&#8220; custom_margin=&#8220;-3px||||false|false&#8220; header_2_font_size_tablet=&#8220;&#8220; header_2_font_size_phone=&#8220;21px&#8220; header_2_font_size_last_edited=&#8220;on|phone&#8220;]<\/p>\n<h2>Distribuidor de antenas \u2013 Serie AMC E<\/h2>\n<h2>(20 &#8211; 2000 MHz)<\/h2>\n<p>La serie AMC es una soluci\u00f3n de distribuci\u00f3n de antena flexible para aplicaciones de comunicaci\u00f3n en la ruta de recepci\u00f3n. Est\u00e1 disponible para varios rangos de frecuencia de 10 kHz a 3,6 GHz.<\/p>\n<p>[\/et_pb_text][et_pb_button button_url=&#8220;https:\/\/aas.marketing.sh\/amc-e-serie-20-mhz-2-ghz\/&#8220; button_text=&#8220;Weiterlesen&#8220; button_alignment=&#8220;center&#8220; _builder_version=&#8220;4.8.2&#8243; _module_preset=&#8220;default&#8220; custom_margin=&#8220;-9px||||false|false&#8220;][\/et_pb_button][\/et_pb_column][\/et_pb_row][\/et_pb_section]<\/p>","protected":false},"excerpt":{"rendered":"<p>AVA Serie, AMC Serie, AVS Serie, ASM SerieVerteilsysteme AMC &#8211; A Serie (0,01 &#8211; 30 MHz) Die AMC-Serie ist eine flexible Antennenverteilungsl\u00f6sung f\u00fcr Kommunikationsanwendungen im Empfangspfad. Die AMC A Serie deckt den Frequenzbereich von 10 kHz bis 30 MHz ab.Verteilsysteme AMC &#8211; A1 Serie (1,6 &#8211; 30 MHz) Die AMC-Serie ist eine flexible Antennenverteilungsl\u00f6sung f\u00fcr [&hellip;]<\/p>","protected":false},"author":5,"featured_media":0,"parent":0,"menu_order":0,"comment_status":"closed","ping_status":"closed","template":"","meta":{"_et_pb_use_builder":"on","_et_pb_old_content":"","_et_gb_content_width":"","footnotes":""},"_links":{"self":[{"href":"https:\/\/aas.marketing.sh\/es\/wp-json\/wp\/v2\/pages\/3074"}],"collection":[{"href":"https:\/\/aas.marketing.sh\/es\/wp-json\/wp\/v2\/pages"}],"about":[{"href":"https:\/\/aas.marketing.sh\/es\/wp-json\/wp\/v2\/types\/page"}],"author":[{"embeddable":true,"href":"https:\/\/aas.marketing.sh\/es\/wp-json\/wp\/v2\/users\/5"}],"replies":[{"embeddable":true,"href":"https:\/\/aas.marketing.sh\/es\/wp-json\/wp\/v2\/comments?post=3074"}],"version-history":[{"count":20,"href":"https:\/\/aas.marketing.sh\/es\/wp-json\/wp\/v2\/pages\/3074\/revisions"}],"predecessor-version":[{"id":4007,"href":"https:\/\/aas.marketing.sh\/es\/wp-json\/wp\/v2\/pages\/3074\/revisions\/4007"}],"wp:attachment":[{"href":"https:\/\/aas.marketing.sh\/es\/wp-json\/wp\/v2\/media?parent=3074"}],"curies":[{"name":"wp","href":"https:\/\/api.w.org\/{rel}","templated":true}]}}