{"id":3124,"date":"2021-02-16T13:42:49","date_gmt":"2021-02-16T13:42:49","guid":{"rendered":"https:\/\/aas.marketing.sh\/?page_id=3124"},"modified":"2021-04-29T09:37:07","modified_gmt":"2021-04-29T09:37:07","slug":"management-system","status":"publish","type":"page","link":"https:\/\/aas.marketing.sh\/es\/management-system\/","title":{"rendered":"Sistema de administraci\u00f3n"},"content":{"rendered":"<p>[et_pb_section fb_built=&#8220;1&#8243; _builder_version=&#8220;3.22&#8243;][et_pb_row _builder_version=&#8220;4.8.2&#8243; _module_preset=&#8220;default&#8220;][et_pb_column type=&#8220;4_4&#8243; _builder_version=&#8220;4.8.2&#8243; _module_preset=&#8220;default&#8220;][et_pb_image src=&#8220;https:\/\/aas.marketing.sh\/wp-content\/uploads\/2021\/04\/AdobeStock_86324478-scaled.jpeg&#8220; title_text=&#8220;Quality management system&#8220; _builder_version=&#8220;4.9.0&#8243; _module_preset=&#8220;default&#8220; height=&#8220;717px&#8220;][\/et_pb_image][\/et_pb_column][\/et_pb_row][et_pb_row _builder_version=&#8220;4.8.2&#8243; _module_preset=&#8220;default&#8220;][et_pb_column type=&#8220;4_4&#8243; _builder_version=&#8220;4.8.2&#8243; _module_preset=&#8220;default&#8220;][et_pb_text _builder_version=&#8220;4.8.2&#8243; _module_preset=&#8220;default&#8220; text_font=&#8220;|600|||||||&#8220; text_text_color=&#8220;#000000&#8243; text_font_size=&#8220;30px&#8220; text_font_size_tablet=&#8220;&#8220; text_font_size_phone=&#8220;24px&#8220; text_font_size_last_edited=&#8220;on|phone&#8220;]<\/p>\n<p>Sistema de administraci\u00f3n<\/p>\n<p>[\/et_pb_text][\/et_pb_column][\/et_pb_row][et_pb_row column_structure=&#8220;1_2,1_2&#8243; _builder_version=&#8220;4.8.2&#8243; _module_preset=&#8220;default&#8220; custom_margin=&#8220;-25px||||false|false&#8220;][et_pb_column type=&#8220;1_2&#8243; _builder_version=&#8220;4.8.2&#8243; _module_preset=&#8220;default&#8220;][et_pb_text _builder_version=&#8220;4.8.2&#8243; _module_preset=&#8220;default&#8220;]<\/p>\n<p><strong>DIN EN ISO 9001:2015<\/strong><\/p>\n<p>aas.tech ha establecido un sistema de gesti\u00f3n de calidad eficaz.<\/p>\n<p>En aas.tech, definimos la calidad en t\u00e9rminos de satisfacci\u00f3n del cliente con un producto o servicio. Depende de la gesti\u00f3n de la calidad reconocer que logramos este objetivo. Hacemos esto al haber establecido una cultura de calidad que se establece en un conjunto de reglas. De esta forma, la gesti\u00f3n de la calidad asegura que la elaboraci\u00f3n de un producto y \/ o la prestaci\u00f3n de un servicio cumple con todos nuestros criterios de calidad. Contiene estructuras organizativas, responsabilidades, procesos, procedimientos y recursos.<\/p>\n<p>En todas nuestras actividades, nos esforzamos continuamente por mejorar nuestros servicios y procesos. El sistema de gesti\u00f3n aas.tech garantiza que nuestros servicios cumplan tanto con las especificaciones de calidad acordadas con los clientes como con los est\u00e1ndares de calidad establecidos en nuestras normas y reglamentos internos. Esto nos permite alcanzar un alto grado de sostenibilidad, eficiencia econ\u00f3mica y eficacia en el trabajo que realizamos.<\/p>\n<p>[\/et_pb_text][\/et_pb_column][et_pb_column type=&#8220;1_2&#8243; _builder_version=&#8220;4.8.2&#8243; _module_preset=&#8220;default&#8220;][et_pb_text _builder_version=&#8220;4.8.2&#8243; _module_preset=&#8220;default&#8220;]<\/p>\n<p>&nbsp;<\/p>\n<p>Como parte de nuestro proceso de gesti\u00f3n de la calidad, hablamos con nuestros clientes. Con este di\u00e1logo obtenemos una impresi\u00f3n basada en la evidencia de la forma en que nuestros clientes nos ven.<\/p>\n<p>\"La calidad es cuando el cliente regresa y no el producto\".<\/p>\n<p>Fiel a este lema, la calidad en aas.tech se define de la siguiente manera: Todos los servicios se gestionan de forma eficiente, se entregan de forma econ\u00f3mica, est\u00e1n orientados a resultados y son sostenibles.<br \/> Esto captura la esencia de la gesti\u00f3n de la calidad en aas.tech. Est\u00e1 estrechamente relacionado con el seguimiento orientado a resultados, que utilizamos continuamente para obtener datos sobre los resultados de nuestros proyectos. Para que podamos proporcionar pruebas fiables, cre\u00edbles e independientes de los resultados y logros de nuestro trabajo, evaluamos peri\u00f3dicamente nuestros productos y procedimientos.<\/p>\n<p>El Sistema de Gesti\u00f3n <a href=\"https:\/\/aas.marketing.sh\/wp-content\/uploads\/2021\/02\/zertifikat_tu\u0308v-nord.pdf\">DIN EN ISO 9001: 2015<\/a> wird kontinuierlich \u00fcberpr\u00fcft durch<\/p>\n<p>[\/et_pb_text][\/et_pb_column][\/et_pb_row][et_pb_row _builder_version=&#8220;4.8.2&#8243; _module_preset=&#8220;default&#8220;][et_pb_column type=&#8220;4_4&#8243; _builder_version=&#8220;4.8.2&#8243; _module_preset=&#8220;default&#8220;][et_pb_image src=&#8220;https:\/\/aas.marketing.sh\/wp-content\/uploads\/2021\/02\/tuvnord.png&#8220; title_text=&#8220;tuvnord&#8220; align=&#8220;center&#8220; _builder_version=&#8220;4.8.2&#8243; _module_preset=&#8220;default&#8220;][\/et_pb_image][\/et_pb_column][\/et_pb_row][et_pb_row _builder_version=&#8220;4.8.2&#8243; _module_preset=&#8220;default&#8220;][et_pb_column type=&#8220;4_4&#8243; _builder_version=&#8220;4.8.2&#8243; _module_preset=&#8220;default&#8220;][et_pb_button button_url=&#8220;https:\/\/aas.marketing.sh\/wp-content\/uploads\/2021\/02\/zertifikat_tu\u0308v-nord.pdf&#8220; url_new_window=&#8220;on&#8220; button_text=&#8220;PDF Download: Zertifikat DIN EN ISO 9001:2015&#8243; button_alignment=&#8220;center&#8220; _builder_version=&#8220;4.9.0&#8243; _module_preset=&#8220;default&#8220; custom_button=&#8220;on&#8220; custom_margin=&#8220;-22px||||false|false&#8220; hover_enabled=&#8220;0&#8243; sticky_enabled=&#8220;0&#8243;][\/et_pb_button][et_pb_button button_url=&#8220;https:\/\/aas.marketing.sh\/wp-content\/uploads\/2021\/04\/960286-en.pdf&#8220; url_new_window=&#8220;on&#8220; button_text=&#8220;PDF Download: Certificate DIN EN ISO 9001:2015&#8243; button_alignment=&#8220;center&#8220; _builder_version=&#8220;4.9.0&#8243; _module_preset=&#8220;default&#8220; custom_button=&#8220;on&#8220; custom_margin=&#8220;-22px||||false|false&#8220; hover_enabled=&#8220;0&#8243; sticky_enabled=&#8220;0&#8243;][\/et_pb_button][\/et_pb_column][\/et_pb_row][\/et_pb_section]<\/p>","protected":false},"excerpt":{"rendered":"<p>Management SystemDIN EN ISO 9001:2015 aas.tech hat ein effektives Qualit\u00e4tsmanagementsystem eingerichtet. Bei aas.tech definieren wir Qualit\u00e4t als Zufriedenheit des Kunden mit einem Produkt oder einer Dienstleistung. Durch unser Managementsystem erkennen wir, dass wir dieses Ziel erreichen. Wir haben eine Qualit\u00e4tskultur etabliert, die in einer Reihe von Regeln festgelegt ist. Auf diese Weise stellt das Qualit\u00e4tsmanagement [&hellip;]<\/p>","protected":false},"author":5,"featured_media":0,"parent":0,"menu_order":0,"comment_status":"closed","ping_status":"closed","template":"","meta":{"_et_pb_use_builder":"on","_et_pb_old_content":"","_et_gb_content_width":"","footnotes":""},"_links":{"self":[{"href":"https:\/\/aas.marketing.sh\/es\/wp-json\/wp\/v2\/pages\/3124"}],"collection":[{"href":"https:\/\/aas.marketing.sh\/es\/wp-json\/wp\/v2\/pages"}],"about":[{"href":"https:\/\/aas.marketing.sh\/es\/wp-json\/wp\/v2\/types\/page"}],"author":[{"embeddable":true,"href":"https:\/\/aas.marketing.sh\/es\/wp-json\/wp\/v2\/users\/5"}],"replies":[{"embeddable":true,"href":"https:\/\/aas.marketing.sh\/es\/wp-json\/wp\/v2\/comments?post=3124"}],"version-history":[{"count":16,"href":"https:\/\/aas.marketing.sh\/es\/wp-json\/wp\/v2\/pages\/3124\/revisions"}],"predecessor-version":[{"id":4051,"href":"https:\/\/aas.marketing.sh\/es\/wp-json\/wp\/v2\/pages\/3124\/revisions\/4051"}],"wp:attachment":[{"href":"https:\/\/aas.marketing.sh\/es\/wp-json\/wp\/v2\/media?parent=3124"}],"curies":[{"name":"wp","href":"https:\/\/api.w.org\/{rel}","templated":true}]}}