{"id":3200,"date":"2021-02-17T07:56:08","date_gmt":"2021-02-17T07:56:08","guid":{"rendered":"https:\/\/aas.marketing.sh\/?page_id=3200"},"modified":"2021-05-03T08:01:29","modified_gmt":"2021-05-03T08:01:29","slug":"mitarbeiter-ingenieur-techniker-fuer-entwicklung-und-pruefung","status":"publish","type":"page","link":"https:\/\/aas.marketing.sh\/es\/mitarbeiter-ingenieur-techniker-fuer-entwicklung-und-pruefung\/","title":{"rendered":"Ingeniero \/ T\u00e9cnico de la Rama de Desarrollo y Pruebas"},"content":{"rendered":"<p>[et_pb_section fb_built=&#8220;1&#8243; _builder_version=&#8220;3.22&#8243;][et_pb_row _builder_version=&#8220;4.8.2&#8243; _module_preset=&#8220;default&#8220;][et_pb_column type=&#8220;4_4&#8243; _builder_version=&#8220;4.8.2&#8243; _module_preset=&#8220;default&#8220;][et_pb_image src=&#8220;https:\/\/aas.marketing.sh\/wp-content\/uploads\/2021\/05\/AdobeStock_239248469-scaled.jpeg&#8220; title_text=&#8220;Technologie &#8211; K\u00fcnstliche Intelligenz&#8220; _builder_version=&#8220;4.9.0&#8243; _module_preset=&#8220;default&#8220; hover_enabled=&#8220;0&#8243; sticky_enabled=&#8220;0&#8243;][\/et_pb_image][\/et_pb_column][\/et_pb_row][et_pb_row _builder_version=&#8220;4.8.2&#8243; _module_preset=&#8220;default&#8220;][et_pb_column type=&#8220;4_4&#8243; _builder_version=&#8220;4.8.2&#8243; _module_preset=&#8220;default&#8220;][et_pb_text _builder_version=&#8220;4.8.2&#8243; _module_preset=&#8220;default&#8220; text_font=&#8220;|600|||||||&#8220; text_text_color=&#8220;#000000&#8243; text_font_size=&#8220;30px&#8220; text_line_height_tablet=&#8220;&#8220; text_line_height_phone=&#8220;1.2em&#8220; text_line_height_last_edited=&#8220;on|phone&#8220;]<\/p>\n<p>Ingeniero \/ T\u00e9cnico de la Rama de Desarrollo y Pruebas<\/p>\n<p>[\/et_pb_text][\/et_pb_column][\/et_pb_row][et_pb_row _builder_version=&#8220;4.8.2&#8243; _module_preset=&#8220;default&#8220;][et_pb_column type=&#8220;4_4&#8243; _builder_version=&#8220;4.8.2&#8243; _module_preset=&#8220;default&#8220;][et_pb_text _builder_version=&#8220;4.8.2&#8243; _module_preset=&#8220;default&#8220;]<\/p>\n<p>aas.tech es un proveedor de tecnolog\u00eda de transmisi\u00f3n y sistemas de comunicaci\u00f3n con un enfoque en antenas activas y pasivas, tecnolog\u00eda de recepci\u00f3n y transmisi\u00f3n. El espectro cubre el dise\u00f1o, desarrollo, fabricaci\u00f3n, compra, venta, gesti\u00f3n de proyectos, instalaci\u00f3n, puesta en marcha, formaci\u00f3n y servicios el\u00e9ctricos y mec\u00e1nicos.<\/p>\n<p>Mediante el desarrollo de productos innovadores cuidamos y ampliamos nuestra cartera de productos. Nos orientamos tanto a las necesidades de nuestros clientes como a las nuevas tecnolog\u00edas y tendencias futuras del mercado. Los servicios de desarrollo innovadores dise\u00f1ados a medida en las \u00e1reas de desarrollo de sistemas \/ funciones \/ software, as\u00ed como aplicaciones de antenas y sistemas de distribuci\u00f3n de antenas para diferentes campos de aplicaci\u00f3n, est\u00e1n en el foco.<\/p>\n<p>[\/et_pb_text][\/et_pb_column][\/et_pb_row][et_pb_row column_structure=&#8220;1_2,1_2&#8243; _builder_version=&#8220;4.8.2&#8243; _module_preset=&#8220;default&#8220;][et_pb_column type=&#8220;1_2&#8243; _builder_version=&#8220;4.8.2&#8243; _module_preset=&#8220;default&#8220;][et_pb_text _builder_version=&#8220;4.8.2&#8243; _module_preset=&#8220;default&#8220; header_5_font=&#8220;|600|||||||&#8220; header_5_font_size=&#8220;19px&#8220;]<\/p>\n<h5>Tareas<\/h5>\n<p><strong><\/strong><\/p>\n<ul>\n<li>Usted es responsable del dise\u00f1o el\u00e9ctrico y mec\u00e1nico de antenas de transmisi\u00f3n \/ recepci\u00f3n, circuitos de emparejamiento y amplificaci\u00f3n, sistemas de distribuci\u00f3n y dispositivos perif\u00e9ricos desde la idea del producto sobre el dise\u00f1o de prototipos, soporte de producci\u00f3n en serie, ejecuci\u00f3n de pruebas hasta su lanzamiento exitoso al mercado.<\/li>\n<li>Usted define y aclara los requisitos con los clientes y otras personas involucradas en el proyecto, coordina la elecci\u00f3n de equipos y componentes, apoya la planificaci\u00f3n del contenido y la programaci\u00f3n de los desarrollos e interpreta los equipos y sistemas del proyecto de desarrollo respectivo.<\/li>\n<li>Realiza controles de calidad y gestiona los documentos adjuntos.<\/li>\n<li>Usted apoya el proceso de cotizaci\u00f3n y planificaci\u00f3n de paquetes de trabajo.<\/li>\n<\/ul>\n<p>[\/et_pb_text][\/et_pb_column][et_pb_column type=&#8220;1_2&#8243; _builder_version=&#8220;4.8.2&#8243; _module_preset=&#8220;default&#8220;][et_pb_text _builder_version=&#8220;4.8.2&#8243; _module_preset=&#8220;default&#8220; header_5_font=&#8220;|600|||||||&#8220; header_5_font_size=&#8220;19px&#8220; locked=&#8220;off&#8220;]<\/p>\n<h5>Perfil<\/h5>\n<ul>\n<li>Ingeniero en tecnolog\u00eda de la informaci\u00f3n, ingenier\u00eda de alta frecuencia o educaci\u00f3n comparable con una experiencia profesional correspondiente<\/li>\n<li>Experiencia en el \u00e1rea de ingenier\u00eda de alta frecuencia, dise\u00f1o de circuitos de RF y conocimiento de las t\u00e9cnicas de medici\u00f3n correspondientes.<\/li>\n<li>Buen conocimiento de los sistemas CAD Estamos usando AutoCAD (dise\u00f1o mec\u00e1nico), Pulsonix (dise\u00f1o)<\/li>\n<li>Capacidad de trabajo en equipo y comunicaci\u00f3n, pensamiento emprendedor, independiente, forma de trabajar eficiente y concienzuda<\/li>\n<\/ul>\n<p>[\/et_pb_text][\/et_pb_column][\/et_pb_row][et_pb_row _builder_version=&#8220;4.8.2&#8243; _module_preset=&#8220;default&#8220;][et_pb_column type=&#8220;4_4&#8243; _builder_version=&#8220;4.8.2&#8243; _module_preset=&#8220;default&#8220;][et_pb_text _builder_version=&#8220;4.8.2&#8243; _module_preset=&#8220;default&#8220;]<\/p>\n<p>Te ofrecemos un puesto variado con atractivas condiciones laborales y un salario acorde al desempe\u00f1o.<br \/> Si desea trabajar en nuestro ambicioso entorno y no rehuye las altas exigencias tecnol\u00f3gicas, entonces encontrar\u00e1 su puesto con nosotros.<\/p>\n<p>Esperamos su solicitud detallada indicando sus expectativas salariales y su fecha de inicio m\u00e1s temprana posible.<\/p>\n<p>Env\u00ede su solicitud en formato PDF a <a href=\"mailto:kontakt@aastech.de\">contact@aastech.de<\/a>.<\/p>\n<p>[\/et_pb_text][\/et_pb_column][\/et_pb_row][\/et_pb_section]<\/p>","protected":false},"excerpt":{"rendered":"<p>Mitarbeiter Ingenieur\/ Techniker f\u00fcr Entwicklung und Pr\u00fcfungaas.tech ist ein Anbieter f\u00fcr \u00dcbertragungstechnik und Kommunikationssysteme mit den Schwerpunkten aktive und passive Antennensysteme, Empfangs- und Sendetechnik. Das Leistungsspektrum umfasst Design, Entwicklung, Konstruktion, Herstellung, Verkauf, Projektmanagement, Installation, Inbetriebnahme, Schulung und Dienstleistungen. Durch innovative Produktentwicklungen pflegen und erweitern wir unser Produktportfolio. Dabei orientieren wir uns sowohl an den Bed\u00fcrfnissen [&hellip;]<\/p>","protected":false},"author":5,"featured_media":0,"parent":0,"menu_order":0,"comment_status":"closed","ping_status":"closed","template":"","meta":{"_et_pb_use_builder":"on","_et_pb_old_content":"","_et_gb_content_width":"","footnotes":""},"_links":{"self":[{"href":"https:\/\/aas.marketing.sh\/es\/wp-json\/wp\/v2\/pages\/3200"}],"collection":[{"href":"https:\/\/aas.marketing.sh\/es\/wp-json\/wp\/v2\/pages"}],"about":[{"href":"https:\/\/aas.marketing.sh\/es\/wp-json\/wp\/v2\/types\/page"}],"author":[{"embeddable":true,"href":"https:\/\/aas.marketing.sh\/es\/wp-json\/wp\/v2\/users\/5"}],"replies":[{"embeddable":true,"href":"https:\/\/aas.marketing.sh\/es\/wp-json\/wp\/v2\/comments?post=3200"}],"version-history":[{"count":8,"href":"https:\/\/aas.marketing.sh\/es\/wp-json\/wp\/v2\/pages\/3200\/revisions"}],"predecessor-version":[{"id":4065,"href":"https:\/\/aas.marketing.sh\/es\/wp-json\/wp\/v2\/pages\/3200\/revisions\/4065"}],"wp:attachment":[{"href":"https:\/\/aas.marketing.sh\/es\/wp-json\/wp\/v2\/media?parent=3200"}],"curies":[{"name":"wp","href":"https:\/\/api.w.org\/{rel}","templated":true}]}}