{"id":3207,"date":"2021-02-17T08:00:17","date_gmt":"2021-02-17T08:00:17","guid":{"rendered":"https:\/\/aas.marketing.sh\/?page_id=3207"},"modified":"2021-05-03T08:02:55","modified_gmt":"2021-05-03T08:02:55","slug":"mitarbeiter-fuer-den-versand","status":"publish","type":"page","link":"https:\/\/aas.marketing.sh\/es\/mitarbeiter-fuer-den-versand\/","title":{"rendered":"Personal de Despacho"},"content":{"rendered":"<p>[et_pb_section fb_built=&#8220;1&#8243; _builder_version=&#8220;3.22&#8243;][et_pb_row _builder_version=&#8220;4.8.2&#8243; _module_preset=&#8220;default&#8220;][et_pb_column type=&#8220;4_4&#8243; _builder_version=&#8220;4.8.2&#8243; _module_preset=&#8220;default&#8220;][et_pb_image src=&#8220;https:\/\/aas.marketing.sh\/wp-content\/uploads\/2021\/05\/AdobeStock_384632360-scaled.jpeg&#8220; title_text=&#8220;Female seller scanning ecommerce shipping box in dropshipping warehouse.&#8220; _builder_version=&#8220;4.9.0&#8243; _module_preset=&#8220;default&#8220; hover_enabled=&#8220;0&#8243; sticky_enabled=&#8220;0&#8243;][\/et_pb_image][\/et_pb_column][\/et_pb_row][et_pb_row _builder_version=&#8220;4.8.2&#8243; _module_preset=&#8220;default&#8220;][et_pb_column type=&#8220;4_4&#8243; _builder_version=&#8220;4.8.2&#8243; _module_preset=&#8220;default&#8220;][et_pb_text _builder_version=&#8220;4.8.2&#8243; _module_preset=&#8220;default&#8220; text_font=&#8220;|600|||||||&#8220; text_text_color=&#8220;#000000&#8243; text_font_size=&#8220;30px&#8220; text_line_height_tablet=&#8220;&#8220; text_line_height_phone=&#8220;1.2em&#8220; text_line_height_last_edited=&#8220;on|phone&#8220;]<\/p>\n<p>Personal de Despacho<\/p>\n<p>[\/et_pb_text][\/et_pb_column][\/et_pb_row][et_pb_row _builder_version=&#8220;4.8.2&#8243; _module_preset=&#8220;default&#8220;][et_pb_column type=&#8220;4_4&#8243; _builder_version=&#8220;4.8.2&#8243; _module_preset=&#8220;default&#8220;][et_pb_text _builder_version=&#8220;4.8.2&#8243; _module_preset=&#8220;default&#8220;]<\/p>\n<p>aas.tech es un proveedor de tecnolog\u00eda de transmisi\u00f3n y sistemas de comunicaci\u00f3n con un enfoque en antenas activas y pasivas, tecnolog\u00eda de recepci\u00f3n y transmisi\u00f3n. El espectro cubre el dise\u00f1o, desarrollo, fabricaci\u00f3n, compra, venta, gesti\u00f3n de proyectos, instalaci\u00f3n, puesta en marcha, formaci\u00f3n y servicios el\u00e9ctricos y mec\u00e1nicos.<\/p>\n<p>Mediante el desarrollo de productos innovadores cuidamos y ampliamos nuestra cartera de productos. Nos orientamos tanto a las necesidades de nuestros clientes como a las nuevas tecnolog\u00edas y tendencias futuras del mercado. Los servicios de desarrollo innovadores dise\u00f1ados a medida en las \u00e1reas de desarrollo de sistemas \/ funciones \/ software, as\u00ed como aplicaciones de antenas y sistemas de distribuci\u00f3n de antenas para diferentes campos de aplicaci\u00f3n, est\u00e1n en el foco.<\/p>\n<p>[\/et_pb_text][\/et_pb_column][\/et_pb_row][et_pb_row column_structure=&#8220;1_2,1_2&#8243; _builder_version=&#8220;4.8.2&#8243; _module_preset=&#8220;default&#8220;][et_pb_column type=&#8220;1_2&#8243; _builder_version=&#8220;4.8.2&#8243; _module_preset=&#8220;default&#8220;][et_pb_text _builder_version=&#8220;4.8.2&#8243; _module_preset=&#8220;default&#8220; header_5_font=&#8220;|600|||||||&#8220; header_5_font_size=&#8220;19px&#8220;]<\/p>\n<h5>Tareas<\/h5>\n<p><strong><\/strong><\/p>\n<ul>\n<li>Despu\u00e9s de la familiarizaci\u00f3n, ser\u00e1 responsable de todas las actividades relacionadas con el env\u00edo de dispositivos y otro material. Env\u00edos con un peso de aprox. Deben manipularse solos de 10 kg a 20 kg.<\/li>\n<li>Usted verifica y empaca el material a enviar, crea los documentos de env\u00edo en nuestro sistema EDP y prepara los env\u00edos para su recogida.<\/li>\n<li>Registra la recogida con el transportista y rastrea el env\u00edo.<\/li>\n<li>Usted gestiona el material de embalaje y env\u00edo.<\/li>\n<li>Realizas controles de calidad y documentos relacionados con la calidad.<\/li>\n<\/ul>\n<p>[\/et_pb_text][\/et_pb_column][et_pb_column type=&#8220;1_2&#8243; _builder_version=&#8220;4.8.2&#8243; _module_preset=&#8220;default&#8220;][et_pb_text _builder_version=&#8220;4.8.2&#8243; _module_preset=&#8220;default&#8220; header_5_font=&#8220;|600|||||||&#8220; header_5_font_size=&#8220;19px&#8220; locked=&#8220;off&#8220;]<\/p>\n<h5>Perfil<\/h5>\n<ul>\n<li>Capacidad de trabajo en equipo y comunicaci\u00f3n, pensamiento emprendedor, independiente, forma de trabajar eficiente y concienzuda<\/li>\n<li>Buen conocimiento del idioma alem\u00e1n, hablado y escrito, El conocimiento del idioma ingl\u00e9s es una ventaja<\/li>\n<\/ul>\n<p>[\/et_pb_text][\/et_pb_column][\/et_pb_row][et_pb_row _builder_version=&#8220;4.8.2&#8243; _module_preset=&#8220;default&#8220;][et_pb_column type=&#8220;4_4&#8243; _builder_version=&#8220;4.8.2&#8243; _module_preset=&#8220;default&#8220;][et_pb_text _builder_version=&#8220;4.8.2&#8243; _module_preset=&#8220;default&#8220;]<\/p>\n<p>Te ofrecemos un puesto variado con atractivas condiciones laborales. El puesto es particularmente adecuado para empleos marginales con horas de trabajo de alrededor de 7 a 10 horas por semana.<\/p>\n<p>Esperamos su carta informativa indicando su fecha de inicio m\u00e1s temprana posible.<\/p>\n<p>Env\u00ede su solicitud en formato PDF a <a href=\"mailto:kontakt@aastech.de\">contact@aastech.de<\/a>.<\/p>\n<p>[\/et_pb_text][\/et_pb_column][\/et_pb_row][\/et_pb_section]<\/p>","protected":false},"excerpt":{"rendered":"<p>Mitarbeiter (m\/w\/d) f\u00fcr den Versandaas.tech ist ein Anbieter f\u00fcr \u00dcbertragungstechnik und Kommunikationssysteme mit den Schwerpunkten aktive und passive Antennensysteme, Empfangs- und Sendetechnik. Das Leistungsspektrum umfasst Design, Entwicklung, Konstruktion, Herstellung, Verkauf, Projektmanagement, Installation, Inbetriebnahme, Schulung und Dienstleistungen. Durch innovative Produktentwicklungen pflegen und erweitern wir unser Produktportfolio. Dabei orientieren wir uns sowohl an den Bed\u00fcrfnissen unserer Kunden [&hellip;]<\/p>","protected":false},"author":5,"featured_media":0,"parent":0,"menu_order":0,"comment_status":"closed","ping_status":"closed","template":"","meta":{"_et_pb_use_builder":"on","_et_pb_old_content":"","_et_gb_content_width":"","footnotes":""},"_links":{"self":[{"href":"https:\/\/aas.marketing.sh\/es\/wp-json\/wp\/v2\/pages\/3207"}],"collection":[{"href":"https:\/\/aas.marketing.sh\/es\/wp-json\/wp\/v2\/pages"}],"about":[{"href":"https:\/\/aas.marketing.sh\/es\/wp-json\/wp\/v2\/types\/page"}],"author":[{"embeddable":true,"href":"https:\/\/aas.marketing.sh\/es\/wp-json\/wp\/v2\/users\/5"}],"replies":[{"embeddable":true,"href":"https:\/\/aas.marketing.sh\/es\/wp-json\/wp\/v2\/comments?post=3207"}],"version-history":[{"count":7,"href":"https:\/\/aas.marketing.sh\/es\/wp-json\/wp\/v2\/pages\/3207\/revisions"}],"predecessor-version":[{"id":4068,"href":"https:\/\/aas.marketing.sh\/es\/wp-json\/wp\/v2\/pages\/3207\/revisions\/4068"}],"wp:attachment":[{"href":"https:\/\/aas.marketing.sh\/es\/wp-json\/wp\/v2\/media?parent=3207"}],"curies":[{"name":"wp","href":"https:\/\/api.w.org\/{rel}","templated":true}]}}