{"id":3241,"date":"2021-02-17T08:35:13","date_gmt":"2021-02-17T08:35:13","guid":{"rendered":"https:\/\/aas.marketing.sh\/?page_id=3241"},"modified":"2021-04-30T10:01:40","modified_gmt":"2021-04-30T10:01:40","slug":"datenschutzerklaerung","status":"publish","type":"page","link":"https:\/\/aas.marketing.sh\/es\/datenschutzerklaerung\/","title":{"rendered":"Protecci\u00f3n de datos"},"content":{"rendered":"<p>[et_pb_section fb_built=&#8220;1&#8243; _builder_version=&#8220;3.22&#8243;][et_pb_row _builder_version=&#8220;4.8.2&#8243; _module_preset=&#8220;default&#8220;][et_pb_column type=&#8220;4_4&#8243; _builder_version=&#8220;4.8.2&#8243; _module_preset=&#8220;default&#8220;][et_pb_image src=&#8220;https:\/\/aas.marketing.sh\/wp-content\/uploads\/2021\/02\/header_datenschutzerkla\u0308rung.jpg&#8220; title_text=&#8220;header_datenschutzerkla\u0308rung&#8220; _builder_version=&#8220;4.8.2&#8243; _module_preset=&#8220;default&#8220;][\/et_pb_image][\/et_pb_column][\/et_pb_row][et_pb_row _builder_version=&#8220;4.8.2&#8243; _module_preset=&#8220;default&#8220;][et_pb_column type=&#8220;4_4&#8243; _builder_version=&#8220;4.8.2&#8243; _module_preset=&#8220;default&#8220;][et_pb_text _builder_version=&#8220;4.8.2&#8243; _module_preset=&#8220;default&#8220; text_font=&#8220;|600|||||||&#8220; text_text_color=&#8220;#000000&#8243; text_font_size=&#8220;30px&#8220; text_font_size_tablet=&#8220;&#8220; text_font_size_phone=&#8220;24px&#8220; text_font_size_last_edited=&#8220;on|phone&#8220;]<\/p>\n<p>Protecci\u00f3n de datos<\/p>\n<p>[\/et_pb_text][\/et_pb_column][\/et_pb_row][et_pb_row _builder_version=&#8220;4.8.2&#8243; _module_preset=&#8220;default&#8220;][et_pb_column type=&#8220;4_4&#8243; _builder_version=&#8220;4.8.2&#8243; _module_preset=&#8220;default&#8220;][et_pb_text _builder_version=&#8220;4.9.0&#8243; _module_preset=&#8220;default&#8220; header_5_font=&#8220;|600|||||||&#8220; header_5_text_color=&#8220;#6d6d6d&#8220; custom_margin=&#8220;-30px||||false|false&#8220; hover_enabled=&#8220;0&#8243; sticky_enabled=&#8220;0&#8243;]<\/p>\n<h5>1. Pre\u00e1mbulo<\/h5>\n<p>aas.tech GmbH und Co. KG (en adelante \"aas.tech\") respeta y protege la confidencialidad de sus datos. A continuaci\u00f3n, informaremos c\u00f3mo aas.tech maneja sus datos recopilados en los sitios web de aas.tech y c\u00f3mo se procesan. Tambi\u00e9n explicamos c\u00f3mo puede influir en la recopilaci\u00f3n y el uso de su informaci\u00f3n personal.<\/p>\n<p>Esta declaraci\u00f3n de protecci\u00f3n de datos se aplica en general a aas.tech, as\u00ed como a la presencia en Internet (sitios web) operados por nosotros, que se refiere o hace referencia a esta gu\u00eda. Esta pauta de protecci\u00f3n de datos se aplica independientemente de c\u00f3mo se comunique con nosotros e independientemente del dispositivo (computadora, tel\u00e9fono m\u00f3vil, tableta, otro dispositivo) al que acceda a nuestro sitio web.<\/p>\n<p>&nbsp;<\/p>\n<h5>2. Delegado de Protecci\u00f3n de Datos<\/h5>\n<table width=\"319\" height=\"47\" style=\"background-color: transparent; font-size: 14px; color: #666666; font-weight: 500;\">\n<tbody>\n<tr>\n<td style=\"width: 99px;\">Timo Maa\u00dfen<\/td>\n<td style=\"width: 99px;\">aas.tech GmbH &amp; Co. KG<br \/> Gutenbergring 53<br \/> 22848 Norderstedt<br \/> Alemania<\/td>\n<td style=\"width: 99px;\">\n<p>Telefon: +49 40 8836 42200<\/p>\n<p>Correo electr\u00f3nico: <a href=\"mailto:kontakt@aastech.de\">contact@aastech.de<\/a><\/p>\n<\/td>\n<\/tr>\n<\/tbody>\n<\/table>\n<p>&nbsp;<\/p>\n<h5>3. Recopilaci\u00f3n, Uso y Procesamiento de Datos<\/h5>\n<p>3.1 Datos de Acceso<\/p>\n<p>Nosotros, como operadores de nuestro sitio web, recopilamos datos sobre el acceso a nuestro sitio web debido a nuestro inter\u00e9s leg\u00edtimo y los guardamos en el servidor del sitio web.<\/p>\n<p>Los siguientes datos se registran de esta manera:<\/p>\n<ul>\n<li><span style=\"font-size: 14px;\">N\u00famero de visitas a art\u00edculos individuales (sitios web individuales) en nuestro sitio web<br \/> <\/span><span style=\"font-size: 14px;\"><br \/> <\/span><\/li>\n<\/ul>\n<p>No recopilamos los siguientes datos:<\/p>\n<ul>\n<li>Sitio web visitado<\/li>\n<li>Hora del acceso<\/li>\n<li>Cantidad de datos enviados<\/li>\n<li>Fuente \/ referencia desde la que lleg\u00f3 a nuestro sitio<\/li>\n<li>Navegador utilizado<\/li>\n<li>Configuraci\u00f3n de su navegador<\/li>\n<li>Sistema operativo utilizado<\/li>\n<li>direcci\u00f3n IP utilizada<\/li>\n<\/ul>\n<p>Como operador de nuestro sitio web, proporcionamos un \u00e1rea web de acceso general \u00fanicamente con fines informativos. Puede visitar nuestro sitio web sin proporcionar ninguna informaci\u00f3n personal.<\/p>\n<p>3.2 Cookies<br \/> Las cookies son peque\u00f1os archivos que se almacenan en su dispositivo. Su navegador accede a estos archivos. Las cookies se utilizan para controlar el funcionamiento de un sitio web..<\/p>\n<p>No utilizamos cookies en nuestro sitio web.<\/p>\n<p>3.3 Analytics<br \/> No utilizamos ninguna tecnolog\u00eda de an\u00e1lisis como \"Google Analytics\", \"Adobe Analytics\" u otros servicios en nuestro sitio web.<\/p>\n<p>3.4 Comentarios y contribuciones<br \/> No puede dejar comentarios o contribuciones en nuestro sitio web.<\/p>\n<p>3.5 Redes Sociales<br \/> No utilizamos ning\u00fan enlace a servicios de redes sociales como Facebook, Twitter u otros en nuestro sitio web.<\/p>\n<p>Tampoco operamos p\u00e1ginas en servicios de redes sociales como Facebook, Twitter u otros.<\/p>\n<p>3.6 Boletin Informativo<br \/> No distribuimos un bolet\u00edn de noticias y no ofrecemos un bolet\u00edn de noticias.<\/p>\n<p>3.7 Informaci\u00f3n\/DatosPpersonal<br \/> Los datos personales incluyen toda la informaci\u00f3n que se utiliza para identificar a su persona y que se puede rastrear hasta usted, por ejemplo, su nombre, su direcci\u00f3n de correo electr\u00f3nico, su n\u00famero de tel\u00e9fono o su direcci\u00f3n IP.<\/p>\n<p>No recopilamos ning\u00fan dato personal en nuestro sitio web.<\/p>\n<p>&nbsp;<\/p>\n<h5>4. Informaci\u00f3n, cambio, eliminaci\u00f3n de datos<\/h5>\n<p>Puede ver, corregir o eliminar los datos personales recopilados en el sitio web aas.tech en cualquier momento. Tambi\u00e9n puede contradecir el uso posterior de estos datos y revocar el consentimiento que nos ha dado.<\/p>\n<p>Para hacer esto, simplemente env\u00ede un correo electr\u00f3nico a la direcci\u00f3n: contact@aastech.de o comun\u00edquese con el oficial de protecci\u00f3n de datos.<\/p>\n<p>Para el procesamiento de sus datos personales, usted es un sujeto de datos en el sentido del GDPR y tiene los derechos correspondientes frente a la persona responsable.<\/p>\n<p>4.1 Derecho a Proporcionar Informaci\u00f3n<br \/> Puede solicitar una confirmaci\u00f3n a la persona responsable de si los datos personales que le conciernen est\u00e1n siendo procesados por nosotros.<\/p>\n<p>Si este es el caso, puede solicitar informaci\u00f3n sobre estos datos personales al responsable.<\/p>\n<p>Tambi\u00e9n puede solicitar la siguiente informaci\u00f3n al responsable:<\/p>\n<p>a. los fines para los que se procesan los datos personales,<\/p>\n<p>b. las categor\u00edas de datos personales que se procesan,<\/p>\n<p>c. los destinatarios o las categor\u00edas de destinatarios a los que se han comunicado o a\u00fan se est\u00e1n divulgando los datos personales que le conciernen,<\/p>\n<p>d. la duraci\u00f3n prevista del almacenamiento de sus datos personales o, si no se dispone de informaci\u00f3n espec\u00edfica, los criterios para determinar la duraci\u00f3n del almacenamiento,<\/p>\n<p>e. la existencia de un derecho a la correcci\u00f3n o eliminaci\u00f3n de sus datos personales, un derecho a restringir el procesamiento por parte del controlador o un derecho a oponerse a este procesamiento,<\/p>\n<p>f. la existencia de un derecho de apelaci\u00f3n ante una autoridad supervisora,<\/p>\n<p>g. toda la informaci\u00f3n de derechos sobre el origen de los datos, si los datos personales no est\u00e1n con la persona personal,<\/p>\n<p>h. la existencia de una toma de decisiones automatizada, incluida la elaboraci\u00f3n de perfiles de conformidad con el art. 22 p\u00e1rr. 1 y 4 GDPR y, al menos en estos casos, informaci\u00f3n significativa sobre la l\u00f3gica involucrada y el alcance y los efectos previstos de dicho procesamiento para la persona interesada.<\/p>\n<p>Tiene derecho a solicitar informaci\u00f3n sobre si los datos personales que le conciernen se transmiten a un tercer pa\u00eds oa una organizaci\u00f3n internacional. En este contexto, puede solicitar ser informado sobre las garant\u00edas oportunas de acuerdo con. Arte. 46 GDPR para ser informado en relaci\u00f3n con la transferencia.<\/p>\n<p>4.2 Derecho de Rectificaci\u00f3n<br \/> Tiene derecho a correcci\u00f3n y \/ o finalizaci\u00f3n frente al responsable si los datos personales procesados que le conciernen son incorrectos o incompletos. El responsable realizar\u00e1 la correcci\u00f3n de inmediato.<\/p>\n<p>4.3 Derecho a la Restricci\u00f3n del Procesamiento<br \/> Puede solicitar la restricci\u00f3n del tratamiento de sus datos personales en las siguientes condiciones:<\/p>\n<p>a. si impugna la exactitud de los datos personales que le conciernen durante un per\u00edodo de tiempo que permite al responsable comprobar la exactitud de los datos personales,<\/p>\n<p>b. el procesamiento es ilegal y usted se niega a eliminar los datos personales y, en su lugar, solicita que se restrinja el uso de los datos personales;<\/p>\n<p>c. el controlador ya no necesita los datos personales para fines de procesamiento, pero usted los necesita para hacer valer, ejercer o defender reclamaciones legales, o<\/p>\n<p>d. si ha presentado una objeci\u00f3n al procesamiento de acuerdo con el Art. 21 P\u00e1rrafo 1 del RGPD y a\u00fan no se ha determinado si las razones leg\u00edtimas de la persona responsable superan sus razones.<\/p>\n<p>Si se ha restringido el tratamiento de sus datos personales, estos datos, adem\u00e1s de su almacenamiento, solo podr\u00e1n ser utilizados con su consentimiento o para el establecimiento, ejercicio o defensa de reclamaciones legales o para la protecci\u00f3n de los derechos de otra persona f\u00edsica o jur\u00eddica. o por motivos de inter\u00e9s p\u00fablico importante tramitados por la Uni\u00f3n o un Estado miembro.<\/p>\n<p>Si la restricci\u00f3n de procesamiento se ha restringido de acuerdo con las condiciones anteriores, la persona responsable le informar\u00e1 antes de que se levante la restricci\u00f3n.<\/p>\n<p>4.4 Derecho de Supresi\u00f3n<\/p>\n<p>4.4.1 Supresi\u00f3n<br \/> Puede solicitar al responsable que elimine los datos personales que le conciernen de inmediato, y el responsable est\u00e1 obligado a eliminar estos datos de inmediato si se da alguno de los siguientes motivos:<\/p>\n<p>a. Los datos personales relacionados con usted ya no son necesarios para los fines para los que fueron recopilados o procesados.<\/p>\n<p>b. Revoca su consentimiento en el que se bas\u00f3 el procesamiento seg\u00fan. Arte. 6 p\u00e1rr. 1 encendido. a o Art. 9 p\u00e1rr. 2 encendidos. un GDPR y no existe otra base legal para el procesamiento.<\/p>\n<p>c. Seg\u00fan el art. 21 p\u00e1rr. 1 GDPR objeci\u00f3n al procesamiento y no existen razones leg\u00edtimas imperiosas para el procesamiento, o que usted env\u00ede de acuerdo con. Arte. 21 p\u00e1rr. 2 GDPR objeci\u00f3n al procesamiento.<\/p>\n<p>d. Los datos personales que le conciernen han sido tratados ilegalmente.<\/p>\n<p>e. La eliminaci\u00f3n de sus datos personales es necesaria para cumplir con una obligaci\u00f3n legal en virtud de la legislaci\u00f3n de la Uni\u00f3n o de los Estados miembros a los que est\u00e1 sujeto el responsable.<\/p>\n<p>f. Los datos personales que le conciernen se recopilaron en relaci\u00f3n con los servicios de la sociedad de la informaci\u00f3n ofrecidos de acuerdo con el art. 8 p\u00e1rr. 1 del RGPD.<\/p>\n<p>4.4.2 Obligaci\u00f3n de Informaci\u00f3n<br \/> Si el responsable ha hecho p\u00fablicos sus datos personales y est\u00e1 de acuerdo. Arte. 17 p\u00e1rr. 1 GDPR para eliminarlos, tomar\u00e1 las medidas adecuadas, incluidas las medidas t\u00e9cnicas, teniendo en cuenta la tecnolog\u00eda disponible y los costos de implementaci\u00f3n, para informar a los responsables del procesamiento de datos que procesan los datos personales que usted, como interesado, ha solicitado que elimine. todos los enlaces a estos datos personales o copias o r\u00e9plicas de estos datos personales.<\/p>\n<p>4.4.3 Procesamiento Requerido<br \/> El derecho de eliminaci\u00f3n mencionado en la Secci\u00f3n 4.4.1 anterior y la obligaci\u00f3n de informaci\u00f3n mencionada en la Secci\u00f3n 4.4.2 no existen si el procesamiento es necesario<\/p>\n<p>a. ejercer el derecho a la libertad de expresi\u00f3n e informaci\u00f3n,<\/p>\n<p>b. para satisfacer una obligaci\u00f3n legal que requiera tratamiento conforme a la legislaci\u00f3n de la Uni\u00f3n o de los Estados miembros a los que est\u00e9 sujeto el responsable, o para realizar una tarea que sea de inter\u00e9s p\u00fablico o en el ejercicio de una autoridad oficial que haya sido transferida a la persona responsable,<\/p>\n<p>c. por razones de inter\u00e9s p\u00fablico en el \u00e1mbito de la salud p\u00fablica de conformidad con el art. 9 p\u00e1rr. 2 encendidos. hyi as\u00ed como el art. 9 p\u00e1rr. 3 del RGPD,<\/p>\n<p>d. para fines de archivo en inter\u00e9s p\u00fablico, con fines de investigaci\u00f3n cient\u00edfica o hist\u00f3rica o con fines estad\u00edsticos seg\u00fan. Arte. 89 p\u00e1rr. 1 GDPR, en la medida en que la ley mencionada en el p\u00e1rr. 1 es probable que haga imposible la realizaci\u00f3n de los objetivos de este tratamiento o lo perjudique gravemente, o<\/p>\n<p>e. para el establecimiento, ejercicio o defensa de reclamaciones legales.<\/p>\n<p>4.5 Derecho a ser Informado<br \/> Si ha hecho valer el derecho de correcci\u00f3n, supresi\u00f3n o restricci\u00f3n del procesamiento contra la persona responsable, la persona responsable est\u00e1 obligada a notificar a todos los destinatarios a los que se hayan comunicado los datos personales que le conciernen de esta correcci\u00f3n o supresi\u00f3n de los datos o restricci\u00f3n del procesamiento. , a menos que resulte imposible o implique un esfuerzo desproporcionado.<\/p>\n<p>Tiene derecho a ser informado sobre estos destinatarios por parte del responsable.<\/p>\n<p>4.6 Derecho a la Portabilidad de Datos<br \/> Tiene derecho a recibir los datos personales que le conciernen, que haya facilitado al responsable, en un formato estructurado, com\u00fan y legible por m\u00e1quina. Adem\u00e1s, tiene derecho a ceder estos datos a otro responsable sin impedimento del responsable a quien se le facilitaron los datos personales, siempre que<\/p>\n<p>a. el procesamiento en un consentimiento acc. Arte. 6 p\u00e1rr. 1 encendido. a GDPR o art. 9 p\u00e1rr. 2 encendidos. un GDPR o en un contrato de acuerdo con. Arte. 6 p\u00e1rr. 1 encendido. b GDPR se basa y<\/p>\n<p>b. el procesamiento se lleva a cabo mediante procedimientos automatizados.<\/p>\n<p>En el ejercicio de este derecho, tambi\u00e9n tiene derecho a que sus datos personales se transmitan directamente de un responsable a otro, en la medida en que sea t\u00e9cnicamente posible. Esto no debe menoscabar las libertades y los derechos de otras personas.<\/p>\n<p>El derecho a la portabilidad de datos no se aplica al tratamiento de datos personales que sea necesario para el desempe\u00f1o de una tarea de inter\u00e9s p\u00fablico o que tenga lugar en el ejercicio de una autoridad oficial que haya sido transferida al responsable.<\/p>\n<p>4.7 Derecho de Contradicci\u00f3n<br \/> Tiene derecho por motivos que surjan de su situaci\u00f3n particular a contradecir en cualquier momento el tratamiento de sus datos personales, que se basa en el Art. 6 p\u00e1rr. 1 encendido. eof GDPR tiene lugar para objetar; esto tambi\u00e9n se aplica a la elaboraci\u00f3n de perfiles basados en estas disposiciones.<\/p>\n<p>El responsable dejar\u00e1 de tratar los datos personales que le conciernen salvo que demuestre motivos leg\u00edtimos imperiosos para el tratamiento que superen sus intereses, derechos y libertades, o el tratamiento sirva para hacer valer, ejercitar o defender reclamaciones legales.<\/p>\n<p>Si los datos personales que le conciernen se procesan para operar el correo directo, tiene derecho a oponerse en cualquier momento al procesamiento de los datos personales que le conciernen con el fin de dicha publicidad; esto tambi\u00e9n se aplica a la elaboraci\u00f3n de perfiles en la medida en que est\u00e9 asociada con dicha publicidad directa.<\/p>\n<p>Si se opone al procesamiento con fines de marketing directo, sus datos personales ya no se procesar\u00e1n para estos fines.<\/p>\n<p>En relaci\u00f3n con el uso de los servicios de la sociedad de la informaci\u00f3n, independientemente de la Directiva 2002\/58 \/ CE, tiene la opci\u00f3n de ejercer su derecho de oposici\u00f3n mediante procedimientos automatizados que utilizan especificaciones t\u00e9cnicas.<\/p>\n<p>4.8 Derecho a Revocar la Declaraci\u00f3n de Consentimiento en Virtud de la Ley de Protecci\u00f3n de Datos<br \/> Si ha dado su consentimiento, tiene derecho a revocar su declaraci\u00f3n de consentimiento de protecci\u00f3n de datos en cualquier momento. La retirada de su consentimiento no afecta a la licitud del tratamiento realizado en base a su consentimiento hasta el momento de la retirada.<\/p>\n<p>4.9 Decisi\u00f3n automatizada en casos individuales, incluida la elaboraci\u00f3n de perfiles<br \/> Tiene derecho a no estar sujeto a una decisi\u00f3n basada \u00fanicamente en el procesamiento automatizado, incluida la elaboraci\u00f3n de perfiles, que tenga un efecto legal en usted o que lo afecte significativamente de manera similar. Esto no se aplica si la decisi\u00f3n<\/p>\n<p>a. es necesario para la celebraci\u00f3n o ejecuci\u00f3n de un contrato entre usted y la persona responsable,<\/p>\n<p>b. es admisible sobre la base de las disposiciones legales de la Uni\u00f3n o de los Estados miembros a los que est\u00e1 sujeto el responsable y estas disposiciones legales contienen las medidas adecuadas para salvaguardar sus derechos y libertades y sus intereses leg\u00edtimos, o<\/p>\n<p>c. se realiza con su expreso consentimiento.<\/p>\n<p>Sin embargo, estas decisiones no pueden basarse en categor\u00edas especiales de datos personales de acuerdo con el Art. 9 p\u00e1rr. 1 del RGPD a menos que el art. 9 p\u00e1rr. 2 encendidos. se aplica aag y se han tomado las medidas adecuadas para proteger sus derechos y libertades y sus intereses leg\u00edtimos.<\/p>\n<p>Con respecto a los casos en a. y C. el responsable tomar\u00e1 las medidas adecuadas para salvaguardar los derechos y libertades, as\u00ed como sus intereses leg\u00edtimos, incluido al menos el derecho a obtener la intervenci\u00f3n de una persona por parte del responsable, a expresar su propio punto de vista y a impugnar la decisi\u00f3n.<\/p>\n<p>4.10 Derecho a Presentar una Queja ante una Autoridad Supervisora<br \/> Sin perjuicio de cualquier otro recurso administrativo o judicial, tiene derecho a presentar una queja ante una autoridad de control, en particular en el estado miembro de su lugar de residencia, su lugar de trabajo o el lugar de la presunta infracci\u00f3n, si se encuentra Viola la opini\u00f3n de que el tratamiento de sus datos personales es contrario al RGPD.<\/p>\n<p>La autoridad de control a la que se present\u00f3 la denuncia informa al denunciante sobre el estado y los resultados de la denuncia, incluida la posibilidad de un recurso judicial de conformidad con el art. 78 del RGPD.<\/p>\n<p>4.11 Base Legal para el Procesamiento<br \/> En la medida en que obtengamos el consentimiento del interesado para el procesamiento de datos personales, el art\u00edculo 6, p\u00e1rrafo 1 lit. Un Reglamento General de Protecci\u00f3n de Datos de la UE (GDPR) sirve como base legal.<\/p>\n<p>Al procesar datos personales que se requieren para cumplir un contrato en el que el interesado es parte, el Art\u00edculo 6 (1) lit. b GDPR como base legal. Esto tambi\u00e9n se aplica a las operaciones de procesamiento que son necesarias para llevar a cabo medidas precontractuales.<\/p>\n<p>En la medida en que el procesamiento de datos personales sea necesario para satisfacer una obligaci\u00f3n legal a la que est\u00e1 sujeta nuestra empresa, el art\u00edculo 6, p\u00e1rrafo 1 lit. c GDPR como base legal.<\/p>\n<p>En el caso de que los intereses vitales del interesado u otra persona f\u00edsica requieran el procesamiento de datos personales, el art\u00edculo 6, p\u00e1rrafo 1 lit. d GDPR como base legal.<\/p>\n<p>Si el procesamiento es necesario para salvaguardar un inter\u00e9s leg\u00edtimo de nuestra empresa o de un tercero y si los intereses, los derechos fundamentales y las libertades del interesado no superan el inter\u00e9s mencionado en primer lugar, el art\u00edculo 6, p\u00e1rrafo 1 lit. f GDPR como base legal para el procesamiento.<\/p>\n<p>El inter\u00e9s leg\u00edtimo de nuestra empresa radica en la realizaci\u00f3n de nuestras actividades comerciales.<\/p>\n<p>&nbsp;<\/p>\n<h5>5 Enlaces a Sitios Web de Terceros<\/h5>\n<p>El sitio web aas.tech puede contener enlaces a otros sitios web. Si los sigue, abandonar\u00e1 el sitio web aas.tech y, por lo tanto, el alcance de esta declaraci\u00f3n de protecci\u00f3n de datos, que no se extiende a otros sitios web.<\/p>\n<p>aas.tech no puede asumir ninguna responsabilidad, ni por sus m\u00e9todos de protecci\u00f3n de datos ni por el contenido de estos otros sitios web.<\/p>\n<p>&nbsp;<\/p>\n<h5>6 Tr\u00e1fico de Contacto y Correo Electr\u00f3nico (E-Mail)<\/h5>\n<p>No hay ning\u00fan formulario de contacto disponible en el sitio web aas.tech.<\/p>\n<p>Es posible contactarnos por correo electr\u00f3nico. En este caso, los datos personales del usuario transmitidos con el correo electr\u00f3nico se almacenar\u00e1n para que puedan ser utilizados para procesar y responder a su solicitud.<\/p>\n<p>Sus datos personales solo se utilizar\u00e1n para fines de relaciones comerciales con usted o para fines especificados de otro modo (por ejemplo, asesoramiento, informaci\u00f3n sobre productos y servicios, etc.).<\/p>\n<p>&nbsp;<\/p>\n<h5>7 Transferencia de Datos a Terceros<\/h5>\n<p>Puede ser necesario transmitir datos personales a terceros, por ejemplo, proveedores de servicios de aas.tech, para que puedan proporcionar servicios a aas.tech. Esto incluye, entre otras cosas, responder a sus preguntas sobre productos o servicios y procesar ofertas y pedidos.<\/p>\n<p>Los proveedores de servicios utilizados por aas.tech solo reciben la informaci\u00f3n necesaria para el prop\u00f3sito respectivo del proveedor de servicios. Si se requiere su consentimiento para el uso de los datos para fines distintos de los mencionados anteriormente, dicho uso solo se llevar\u00e1 a cabo si ha dado su consentimiento.<\/p>\n<p>&nbsp;<\/p>\n<h5>8 Duraci\u00f3n del Almacenamiento de Datos Personales<\/h5>\n<p>Sus datos personales solo ser\u00e1n almacenados por aas.tech (y, en su caso, sus proveedores de servicios) mientras est\u00e9 permitido, en particular mientras sea necesario para los fines acordados o para cumplir con las obligaciones legales. Una vez que el motivo del almacenamiento ya no se aplica, los datos se eliminan.<\/p>\n<p>&nbsp;<\/p>\n<h5>9 Declaraci\u00f3n de Cambio de Protecci\u00f3n de Datos<\/h5>\n<p>aas.tech se reserva el derecho a realizar cambios en la declaraci\u00f3n de protecci\u00f3n de datos en cualquier momento. Por lo tanto, le pedimos que consulte esta declaraci\u00f3n de protecci\u00f3n de datos con regularidad. Si se realizan cambios significativos, se le informar\u00e1 mediante un aviso en nuestro sitio web.<\/p>\n<p>&nbsp;<\/p>\n<p><em>01.07.2020,<\/em><br \/> <em>aas.tech GmbH &amp; Co. KG<\/em><br \/> <em>Gutenbergring 53<\/em><br \/> <em>22848 Norderstedt<\/em><\/p>\n<p>[\/et_pb_text][\/et_pb_column][\/et_pb_row][\/et_pb_section]<\/p>","protected":false},"excerpt":{"rendered":"<p>Datenschutzerkl\u00e4rung1. Pr\u00e4ambel Die aas.tech GmbH und Co. KG (nachfolgend \u201eaas.tech\u201c) respektiert und sch\u00fctzt die Vertraulichkeit Ihrer Daten. Nachfolgenden informieren wir Sie dar\u00fcber, wie die aas.tech mit Ihren auf den aas.tech Webseiten erhobenen Daten umgeht und wie sie verarbeitet werden. Au\u00dferdem erl\u00e4utern wir, welche Einflussm\u00f6glichkeit Sie selbst auf die Erfassung und Nutzung Ihrer pers\u00f6nlichen Informationen haben. [&hellip;]<\/p>","protected":false},"author":5,"featured_media":0,"parent":0,"menu_order":0,"comment_status":"closed","ping_status":"closed","template":"","meta":{"_et_pb_use_builder":"on","_et_pb_old_content":"","_et_gb_content_width":"","footnotes":""},"_links":{"self":[{"href":"https:\/\/aas.marketing.sh\/es\/wp-json\/wp\/v2\/pages\/3241"}],"collection":[{"href":"https:\/\/aas.marketing.sh\/es\/wp-json\/wp\/v2\/pages"}],"about":[{"href":"https:\/\/aas.marketing.sh\/es\/wp-json\/wp\/v2\/types\/page"}],"author":[{"embeddable":true,"href":"https:\/\/aas.marketing.sh\/es\/wp-json\/wp\/v2\/users\/5"}],"replies":[{"embeddable":true,"href":"https:\/\/aas.marketing.sh\/es\/wp-json\/wp\/v2\/comments?post=3241"}],"version-history":[{"count":15,"href":"https:\/\/aas.marketing.sh\/es\/wp-json\/wp\/v2\/pages\/3241\/revisions"}],"predecessor-version":[{"id":4059,"href":"https:\/\/aas.marketing.sh\/es\/wp-json\/wp\/v2\/pages\/3241\/revisions\/4059"}],"wp:attachment":[{"href":"https:\/\/aas.marketing.sh\/es\/wp-json\/wp\/v2\/media?parent=3241"}],"curies":[{"name":"wp","href":"https:\/\/api.w.org\/{rel}","templated":true}]}}