{"id":3277,"date":"2021-02-17T09:55:39","date_gmt":"2021-02-17T09:55:39","guid":{"rendered":"https:\/\/aas.marketing.sh\/?page_id=3277"},"modified":"2021-04-28T13:12:07","modified_gmt":"2021-04-28T13:12:07","slug":"kontakt","status":"publish","type":"page","link":"https:\/\/aas.marketing.sh\/es\/kontakt\/","title":{"rendered":"Contacto"},"content":{"rendered":"<p>[et_pb_section fb_built=&#8220;1&#8243; _builder_version=&#8220;3.22&#8243;][et_pb_row _builder_version=&#8220;4.8.2&#8243; _module_preset=&#8220;default&#8220;][et_pb_column type=&#8220;4_4&#8243; _builder_version=&#8220;4.8.2&#8243; _module_preset=&#8220;default&#8220;][et_pb_image src=&#8220;https:\/\/aas.marketing.sh\/wp-content\/uploads\/2021\/04\/AdobeStock_152685935-scaled.jpeg&#8220; title_text=&#8220;junge fr\u00f6hliche frau am telefon&#8220; _builder_version=&#8220;4.9.0&#8243; _module_preset=&#8220;default&#8220; hover_enabled=&#8220;0&#8243; sticky_enabled=&#8220;0&#8243;][\/et_pb_image][\/et_pb_column][\/et_pb_row][et_pb_row _builder_version=&#8220;4.8.2&#8243; _module_preset=&#8220;default&#8220;][et_pb_column type=&#8220;4_4&#8243; _builder_version=&#8220;4.8.2&#8243; _module_preset=&#8220;default&#8220;][et_pb_text _builder_version=&#8220;4.8.2&#8243; _module_preset=&#8220;default&#8220; text_font=&#8220;|600|||||||&#8220; text_text_color=&#8220;#000000&#8243; text_font_size=&#8220;30px&#8220;]<\/p>\n<p>Contacto<\/p>\n<p>[\/et_pb_text][\/et_pb_column][\/et_pb_row][et_pb_row _builder_version=&#8220;4.8.2&#8243; _module_preset=&#8220;default&#8220;][et_pb_column type=&#8220;4_4&#8243; _builder_version=&#8220;4.8.2&#8243; _module_preset=&#8220;default&#8220;][et_pb_text _builder_version=&#8220;4.8.2&#8243; _module_preset=&#8220;default&#8220; header_5_font=&#8220;|600|||||||&#8220; header_5_font_size=&#8220;19px&#8220;]<\/p>\n<h5>Nosotras somos accesibles para usted<\/h5>\n<p>En aas.tech agradecemos sus pensamientos, comentarios, preguntas y comentarios.<\/p>\n<p>Siempre estamos aqu\u00ed para ayudar cuando nos necesite.<\/p>\n<p>&nbsp;<\/p>\n<h5>Citas personales<\/h5>\n<p>La crisis de la corona tiene un impacto en nuestras actividades comerciales. Debido a esta situaci\u00f3n seguimos sin ofrecer citas personales con nuestro equipo. Sin embargo, puede contactarnos como de costumbre por tel\u00e9fono y correo electr\u00f3nico.<\/p>\n<p>Seguimos sin recibir visitas. Nuestra preocupaci\u00f3n m\u00e1s importante en este contexto es su salud, la de nuestros empleados y la suya, la de nuestras familias y los dem\u00e1s seres humanos.<\/p>\n<p>Hasta nuevo aviso, los proveedores y otros visitantes ya no podr\u00e1n ingresar a las instalaciones de la empresa. En la entrada se recibe a proveedores y dem\u00e1s visitantes. Los datos personales se registran para documentar las cadenas de infecci\u00f3n.<\/p>\n<p>Gracias de antemano por su comprensi\u00f3n.<\/p>\n<p>&nbsp;<\/p>\n<h5>Le invitamos a contactamos en<\/h5>\n<table width=\"436\" height=\"134\">\n<tbody>\n<tr>\n<td style=\"width: 210px;\"><img loading=\"lazy\" decoding=\"async\" src=\"https:\/\/aas.marketing.sh\/wp-content\/uploads\/2021\/02\/logo.png\" width=\"122\" height=\"80\" alt=\"\" class=\"wp-image-2830 alignnone size-full\" srcset=\"https:\/\/aas.marketing.sh\/wp-content\/uploads\/2021\/02\/logo.png 122w, https:\/\/aas.marketing.sh\/wp-content\/uploads\/2021\/02\/logo-16x10.png 16w\" sizes=\"(max-width: 122px) 100vw, 122px\" \/><\/td>\n<td style=\"width: 210px;\">\n<p>aas.tech GmbH &amp; Co. KG<\/p>\n<p>Gutenbergring 53<br \/> 22848 Norderstedt<br \/> Alemania<\/p>\n<\/td>\n<td style=\"width: 210px;\">\n<p>Direcci\u00f3n de entrega<br \/> aas.tech GmbH &amp; Co. KG<\/p>\n<p>Gutenbergring 53<br \/> Entrada F<br \/> 22848 Norderstedt<br \/> Alemania<\/p>\n<\/td>\n<\/tr>\n<tr>\n<td style=\"width: 210px;\">Tel\u00e9fono<\/td>\n<td style=\"width: 210px;\">+49 (0) 40 8836 42 200<\/td>\n<td style=\"width: 210px;\"><\/td>\n<\/tr>\n<tr>\n<td style=\"width: 210px;\">E-Mail<\/td>\n<td style=\"width: 210px;\"><a href=\"mailto:kontakt@aastech.de\">contact@aastech.de<\/a><\/td>\n<td style=\"width: 210px;\"><\/td>\n<\/tr>\n<tr>\n<td style=\"width: 210px;\">Internet<\/td>\n<td style=\"width: 210px;\"><a href=\"https:\/\/aas.marketing.sh\/es\/\" target=\"_blank\" rel=\"noopener noreferrer\">www.aastech.de<\/a><\/td>\n<td style=\"width: 210px;\"><\/td>\n<\/tr>\n<tr>\n<td style=\"width: 210px;\">Horas<\/td>\n<td style=\"width: 210px;\">\n<p>Lunes a jueves de 9 a 17 hs.<\/p>\n<p>Viernes de 9 a 13 hs.<\/p>\n<\/td>\n<td style=\"width: 210px;\"><\/td>\n<\/tr>\n<\/tbody>\n<\/table>\n<p>&nbsp;<\/p>\n<h5>Proceso de RMA<\/h5>\n<p>No aceptamos env\u00edos que se nos entreguen sin previo aviso.<\/p>\n<p>Si desea enviarnos mercanc\u00edas, por ejemplo para reparaciones, solicite un n\u00famero RMA antes de envi\u00e1rnoslas a sales@aastech.de.<br \/> Luego le enviaremos la RMA.<\/p>\n<p>&nbsp;<\/p>\n<table width=\"439\" height=\"98\">\n<tbody>\n<tr>\n<td style=\"width: 211px;\">Ventas<\/td>\n<td style=\"width: 212px;\"><a href=\"mailto:sales@aastech.de\" title=\"Correo electr\u00f3nico: sales@aastech.de\">Correo electr\u00f3nico: sales@aastech.de<\/a><\/td>\n<\/tr>\n<tr>\n<td style=\"width: 211px;\">Adquisitivo<\/td>\n<td style=\"width: 212px;\"><a href=\"mailto:purchasing@aastech.de\" title=\"purchasing@aastech.de\">purchasing@aastech.de<\/a><\/td>\n<\/tr>\n<tr>\n<td style=\"width: 211px;\">Facturas<\/td>\n<td style=\"width: 212px;\"><a href=\"mailto:invoice@aastech.de\" title=\"invoice@aastech.de\">invoice@aastech.de<\/a><\/td>\n<\/tr>\n<\/tbody>\n<\/table>\n<p>Esta direcci\u00f3n de correo electr\u00f3nico es solo para recepci\u00f3n.<\/p>\n<p>Utilice en el asunto del correo la palabra \"factura\".<\/p>\n<p>Nos complace recibir su factura en formato de archivo PDF como archivo adjunto a su correo. Por favor, comprenda que no podemos aceptar otros formatos de archivo (por ejemplo, MS Word o Excel).<\/p>\n<p>Utilice correo por separado para cada factura.<\/p>\n<p>Por favor, comprenda que los correos que no cumplan con estas reglas se eliminan directamente de nuestro sistema.<\/p>\n<p>[\/et_pb_text][\/et_pb_column][\/et_pb_row][\/et_pb_section]<\/p>","protected":false},"excerpt":{"rendered":"<p>KontaktWir sind erreichbar Wir, bei aas.tech, freuen wir uns \u00fcber Ihre Gedanken, Kommentare, Fragen und R\u00fcckmeldungen. Wir sind f\u00fcr Sie da, wenn Sie uns brauchen. &nbsp; Pers\u00f6nliche Termine mit uns Die Corona-Krise beeinflusst unsere Gesch\u00e4ftst\u00e4tigkeit. Wir bieten aus diesem Grund keine pers\u00f6nlichen Termine mit unserem Team an. Sie k\u00f6nnen uns aber wie gewohnt per Telefon [&hellip;]<\/p>","protected":false},"author":5,"featured_media":0,"parent":0,"menu_order":0,"comment_status":"closed","ping_status":"closed","template":"","meta":{"_et_pb_use_builder":"on","_et_pb_old_content":"","_et_gb_content_width":"","footnotes":""},"_links":{"self":[{"href":"https:\/\/aas.marketing.sh\/es\/wp-json\/wp\/v2\/pages\/3277"}],"collection":[{"href":"https:\/\/aas.marketing.sh\/es\/wp-json\/wp\/v2\/pages"}],"about":[{"href":"https:\/\/aas.marketing.sh\/es\/wp-json\/wp\/v2\/types\/page"}],"author":[{"embeddable":true,"href":"https:\/\/aas.marketing.sh\/es\/wp-json\/wp\/v2\/users\/5"}],"replies":[{"embeddable":true,"href":"https:\/\/aas.marketing.sh\/es\/wp-json\/wp\/v2\/comments?post=3277"}],"version-history":[{"count":8,"href":"https:\/\/aas.marketing.sh\/es\/wp-json\/wp\/v2\/pages\/3277\/revisions"}],"predecessor-version":[{"id":3969,"href":"https:\/\/aas.marketing.sh\/es\/wp-json\/wp\/v2\/pages\/3277\/revisions\/3969"}],"wp:attachment":[{"href":"https:\/\/aas.marketing.sh\/es\/wp-json\/wp\/v2\/media?parent=3277"}],"curies":[{"name":"wp","href":"https:\/\/api.w.org\/{rel}","templated":true}]}}