{"id":3343,"date":"2021-02-17T10:54:35","date_gmt":"2021-02-17T10:54:35","guid":{"rendered":"https:\/\/aas.marketing.sh\/?page_id=3343"},"modified":"2021-02-26T11:55:54","modified_gmt":"2021-02-26T11:55:54","slug":"hd-2-a","status":"publish","type":"page","link":"https:\/\/aas.marketing.sh\/es\/hd-2-a\/","title":{"rendered":"HD 2 A"},"content":{"rendered":"<p>[et_pb_section fb_built=&#8220;1&#8243; fullwidth=&#8220;on&#8220; _builder_version=&#8220;4.8.2&#8243; _module_preset=&#8220;default&#8220; height_tablet=&#8220;&#8220; height_phone=&#8220;&#8220; height_last_edited=&#8220;on|phone&#8220; saved_tabs=&#8220;all&#8220; locked=&#8220;off&#8220;][et_pb_fullwidth_slider _builder_version=&#8220;4.8.2&#8243; _module_preset=&#8220;default&#8220; header_font=&#8220;|700|||||||&#8220; header_font_size=&#8220;70px&#8220; body_font_size=&#8220;30px&#8220; height=&#8220;743px&#8220; height_tablet=&#8220;&#8220; height_phone=&#8220;&#8220; height_last_edited=&#8220;on|phone&#8220; header_text_shadow_style=&#8220;preset1&#8243; header_text_shadow_vertical_length=&#8220;0.07em&#8220; header_text_shadow_blur_strength=&#8220;0.11em&#8220; locked=&#8220;off&#8220;][et_pb_slide heading=&#8220;Antennensysteme&#8220; use_bg_overlay=&#8220;on&#8220; bg_overlay_color=&#8220;rgba(12,38,112,0.83)&#8220; content_tablet=&#8220;&#8220; content_phone=&#8220;<\/p>\n<p>Monopoles, Dipoles, Antenas combinadas, Antenas especiales<\/p>\n<p>&#8220; content_last_edited=&#8220;on|phone&#8220; _builder_version=&#8220;4.8.2&#8243; _module_preset=&#8220;default&#8220; header_level=&#8220;h1&#8243; body_font_size=&#8220;20px&#8220; body_line_height=&#8220;3em&#8220; background_color=&#8220;RGBA(0,0,0,0)&#8220; background_enable_color=&#8220;on&#8220; background_image=&#8220;https:\/\/aas.marketing.sh\/wp-content\/uploads\/2021\/02\/antenna-systems-header-category.jpg&#8220; background_enable_image=&#8220;on&#8220; header_font_size_tablet=&#8220;&#8220; header_font_size_phone=&#8220;30px&#8220; header_font_size_last_edited=&#8220;on|phone&#8220; body_line_height_tablet=&#8220;&#8220; body_line_height_phone=&#8220;1.5em&#8220; body_line_height_last_edited=&#8220;on|phone&#8220; locked=&#8220;off&#8220; sticky_transition=&#8220;on&#8220;]<\/p>\n<p>Serie AVA, Serie AMC, Serie AVS, Serie ASM<\/p>\n<p>[\/et_pb_slide][\/et_pb_fullwidth_slider][\/et_pb_section][et_pb_section fb_built=&#8220;1&#8243; _builder_version=&#8220;4.8.2&#8243; _module_preset=&#8220;default&#8220;][et_pb_row _builder_version=&#8220;4.8.2&#8243; _module_preset=&#8220;default&#8220;][et_pb_column type=&#8220;4_4&#8243; _builder_version=&#8220;4.8.2&#8243; _module_preset=&#8220;default&#8220;][et_pb_image src=&#8220;https:\/\/aas.marketing.sh\/wp-content\/uploads\/2021\/02\/header_dipoles-2.jpg&#8220; title_text=&#8220;header_dipoles-2&#8243; _builder_version=&#8220;4.8.2&#8243; _module_preset=&#8220;default&#8220;][\/et_pb_image][\/et_pb_column][\/et_pb_row][et_pb_row _builder_version=&#8220;4.8.2&#8243; _module_preset=&#8220;default&#8220;][et_pb_column type=&#8220;4_4&#8243; _builder_version=&#8220;4.8.2&#8243; _module_preset=&#8220;default&#8220;][et_pb_text _builder_version=&#8220;4.8.2&#8243; _module_preset=&#8220;default&#8220; text_font=&#8220;|600|||||||&#8220; text_text_color=&#8220;#000000&#8243; text_font_size=&#8220;30px&#8220; custom_margin=&#8220;||-21px||false|false&#8220; text_line_height_phone=&#8220;1.2em&#8220; text_line_height_last_edited=&#8220;on|phone&#8220;]<\/p>\n<p>Antena Dipolo Cruzado de Receptora Activa HD 2 A<\/p>\n<p>[\/et_pb_text][\/et_pb_column][\/et_pb_row][et_pb_row column_structure=&#8220;1_2,1_2&#8243; _builder_version=&#8220;4.8.2&#8243; _module_preset=&#8220;default&#8220;][et_pb_column type=&#8220;1_2&#8243; _builder_version=&#8220;4.8.2&#8243; _module_preset=&#8220;default&#8220;][et_pb_text _builder_version=&#8220;4.8.2&#8243; _module_preset=&#8220;default&#8220;]<\/p>\n<p>La principal ventaja de la antena dipolo activa HD 2 A es su gran ancho de banda y rango din\u00e1mico. La antena es ideal para aplicaciones que requieren recepci\u00f3n NVIS en un amplio rango de frecuencia (1,5 - 30 MHz).<\/p>\n<p>NVIS (Near Vertical Incidence Skywave) es un m\u00e9todo de propagaci\u00f3n de ondas de radio que proporciona se\u00f1ales utilizables en el rango entre las distancias de la onda terrestre y la onda del cielo. La mayor parte del patr\u00f3n de radiaci\u00f3n de la antena NVIS se encuentra en un \u00e1ngulo extremadamente alto.<\/p>\n<p>NVIS proporciona una excelente comunicaci\u00f3n a distancias de 300 km\u2026 500 km mientras que la aplicaci\u00f3n t\u00edpica se encuentra a distancias de aprox. 50 km a 700 km. Cabe se\u00f1alar que las frecuencias m\u00e1ximas involucradas son de aprox. 2 MHz en malas condiciones y aprox. 15 MHz en muy buenas condiciones.<\/p>\n<p>Las frecuencias utilizables se mueven durante el d\u00eda. Esto es causado por la atenuaci\u00f3n de la capa inferior de la ionosfera para bajas frecuencias durante el d\u00eda. Con respecto a este efecto, la comunicaci\u00f3n NVIS suele tener lugar entre 2 MHz y 4 MHz durante la noche y entre 5 MHz y 8 MHz durante el d\u00eda.<\/p>\n<p>Las dimensiones muy peque\u00f1as y el bajo peso asociado hacen que esta antena sea ideal tanto para aplicaciones estacionarias, donde el espacio es escaso, como para aplicaciones transportables.<\/p>\n<p>[\/et_pb_text][\/et_pb_column][et_pb_column type=&#8220;1_2&#8243; _builder_version=&#8220;4.8.2&#8243; _module_preset=&#8220;default&#8220;][et_pb_text _builder_version=&#8220;4.8.2&#8243; _module_preset=&#8220;default&#8220;]<\/p>\n<p>El sistema se puede ampliar a un sistema de antena receptora para polarizaci\u00f3n vertical y horizontal, si es necesario tambi\u00e9n posteriormente, mediante la combinaci\u00f3n con un monopolo activo de la serie aas.tech STA.<\/p>\n<p>El amplificador de antena para el dipolo horizontal est\u00e1 instalado en una carcasa de aleaci\u00f3n de aluminio fundido herm\u00e9tico y resistente al agua de mar, el cabezal de la antena. Las varillas de la antena est\u00e1n hechas de pl\u00e1stico reforzado con fibra de vidrio y est\u00e1n provistas de conexiones roscadas de acero inoxidable.<\/p>\n<p>El conector del cable se coloca en la parte inferior de la brida inferior del cabezal de la antena. Est\u00e1 protegido contra el medio ambiente por medio de un soporte de montaje en forma de trompeta (el embudo) que se monta en la brida inferior del cabezal de la antena. El extremo opuesto del embudo se ajusta al tama\u00f1o de tubos de soporte de 2 \".<\/p>\n<p>Con respecto a la construcci\u00f3n robusta y el uso de materiales resistentes a la intemperie, nuestras antenas activas se pueden usar en condiciones ambientales extremas.<\/p>\n<p>La tensi\u00f3n de funcionamiento de la antena es de 39 V CC. La serie de fuente de alimentaci\u00f3n AAN o un sistema de distribuci\u00f3n de antena aas.tech se utiliza para alimentar la tensi\u00f3n de funcionamiento al elemento activo a trav\u00e9s del cable coaxial.<\/p>\n<p>[\/et_pb_text][\/et_pb_column][\/et_pb_row][et_pb_row column_structure=&#8220;1_2,1_2&#8243; _builder_version=&#8220;4.8.2&#8243; _module_preset=&#8220;default&#8220;][et_pb_column type=&#8220;1_2&#8243; _builder_version=&#8220;4.8.2&#8243; _module_preset=&#8220;default&#8220;][et_pb_button button_url=&#8220;https:\/\/aas.marketing.sh\/wp-content\/uploads\/2021\/02\/hd2a-1_2_3_en.pdf&#8220; button_text=&#8220;Produkt Informationen&#8220; _builder_version=&#8220;4.8.2&#8243; _module_preset=&#8220;default&#8220;][\/et_pb_button][\/et_pb_column][et_pb_column type=&#8220;1_2&#8243; _builder_version=&#8220;4.8.2&#8243; _module_preset=&#8220;default&#8220;][\/et_pb_column][\/et_pb_row][et_pb_row column_structure=&#8220;1_2,1_2&#8243; _builder_version=&#8220;4.8.2&#8243; _module_preset=&#8220;default&#8220; locked=&#8220;off&#8220;][et_pb_column type=&#8220;1_2&#8243; _builder_version=&#8220;4.8.2&#8243; _module_preset=&#8220;default&#8220;][et_pb_text _builder_version=&#8220;4.8.2&#8243; _module_preset=&#8220;default&#8220;]<\/p>\n<p><strong>Para m\u00e1s informaci\u00f3n p\u00f3ngase en contacto<\/strong><\/p>\n<p>aas.tech GmbH &amp; Co. KG<br \/> Gutenbergring 53<br \/> 22848 Norderstedt<br \/> Alemania<\/p>\n<p>Correo electr\u00f3nico: <a href=\"mailto:contact@aastech.de\">contact@aastech.de<\/a><\/p>\n<p>[\/et_pb_text][\/et_pb_column][et_pb_column type=&#8220;1_2&#8243; _builder_version=&#8220;4.8.2&#8243; _module_preset=&#8220;default&#8220;][\/et_pb_column][\/et_pb_row][\/et_pb_section]<\/p>","protected":false},"excerpt":{"rendered":"<p>AVA Serie, AMC Serie, AVS Serie, ASM SerieAktiver Kreuzdipol f\u00fcr den Empfang HD 2 ADer Hauptvorteil der aktiven Dipolantenne HD 2 A ist ihre extrem gro\u00dfe Bandbreite und ihr Dynamikbereich. Die Antenne ist ideal f\u00fcr Anwendungen, die NVIS-Empfang \u00fcber einen gro\u00dfen Frequenzbereich (1,5 &#8211; 30 MHz) erfordern. NVIS (Near Vertical Incidence Skywave) ist eine Funkwellenausbreitungsmethode, [&hellip;]<\/p>","protected":false},"author":5,"featured_media":0,"parent":0,"menu_order":0,"comment_status":"closed","ping_status":"closed","template":"","meta":{"_et_pb_use_builder":"on","_et_pb_old_content":"","_et_gb_content_width":"","footnotes":""},"_links":{"self":[{"href":"https:\/\/aas.marketing.sh\/es\/wp-json\/wp\/v2\/pages\/3343"}],"collection":[{"href":"https:\/\/aas.marketing.sh\/es\/wp-json\/wp\/v2\/pages"}],"about":[{"href":"https:\/\/aas.marketing.sh\/es\/wp-json\/wp\/v2\/types\/page"}],"author":[{"embeddable":true,"href":"https:\/\/aas.marketing.sh\/es\/wp-json\/wp\/v2\/users\/5"}],"replies":[{"embeddable":true,"href":"https:\/\/aas.marketing.sh\/es\/wp-json\/wp\/v2\/comments?post=3343"}],"version-history":[{"count":7,"href":"https:\/\/aas.marketing.sh\/es\/wp-json\/wp\/v2\/pages\/3343\/revisions"}],"predecessor-version":[{"id":3878,"href":"https:\/\/aas.marketing.sh\/es\/wp-json\/wp\/v2\/pages\/3343\/revisions\/3878"}],"wp:attachment":[{"href":"https:\/\/aas.marketing.sh\/es\/wp-json\/wp\/v2\/media?parent=3343"}],"curies":[{"name":"wp","href":"https:\/\/api.w.org\/{rel}","templated":true}]}}