{"id":3372,"date":"2021-02-17T11:12:16","date_gmt":"2021-02-17T11:12:16","guid":{"rendered":"https:\/\/aas.marketing.sh\/?page_id=3372"},"modified":"2021-02-26T11:48:55","modified_gmt":"2021-02-26T11:48:55","slug":"sta-serie-0-01-100","status":"publish","type":"page","link":"https:\/\/aas.marketing.sh\/es\/sta-serie-0-01-100\/","title":{"rendered":"STA Series 0.01-100"},"content":{"rendered":"<p>[et_pb_section fb_built=&#8220;1&#8243; fullwidth=&#8220;on&#8220; _builder_version=&#8220;4.8.2&#8243; _module_preset=&#8220;default&#8220; height_tablet=&#8220;&#8220; height_phone=&#8220;&#8220; height_last_edited=&#8220;on|phone&#8220; saved_tabs=&#8220;all&#8220; locked=&#8220;off&#8220;][et_pb_fullwidth_slider _builder_version=&#8220;4.8.2&#8243; _module_preset=&#8220;default&#8220; header_font=&#8220;|700|||||||&#8220; header_font_size=&#8220;70px&#8220; body_font_size=&#8220;30px&#8220; height=&#8220;743px&#8220; height_tablet=&#8220;&#8220; height_phone=&#8220;&#8220; height_last_edited=&#8220;on|phone&#8220; header_text_shadow_style=&#8220;preset1&#8243; header_text_shadow_vertical_length=&#8220;0.07em&#8220; header_text_shadow_blur_strength=&#8220;0.11em&#8220; locked=&#8220;off&#8220;][et_pb_slide heading=&#8220;Antennensysteme&#8220; use_bg_overlay=&#8220;on&#8220; bg_overlay_color=&#8220;rgba(12,38,112,0.83)&#8220; content_tablet=&#8220;&#8220; content_phone=&#8220;<\/p>\n<p>Monopoles, Dipoles, Antenas combinadas, Antenas especiales<\/p>\n<p>&#8220; content_last_edited=&#8220;on|phone&#8220; _builder_version=&#8220;4.8.2&#8243; _module_preset=&#8220;default&#8220; header_level=&#8220;h1&#8243; body_font_size=&#8220;20px&#8220; body_line_height=&#8220;3em&#8220; background_color=&#8220;RGBA(0,0,0,0)&#8220; background_enable_color=&#8220;on&#8220; background_image=&#8220;https:\/\/aas.marketing.sh\/wp-content\/uploads\/2021\/02\/antenna-systems-header-category.jpg&#8220; background_enable_image=&#8220;on&#8220; header_font_size_tablet=&#8220;&#8220; header_font_size_phone=&#8220;30px&#8220; header_font_size_last_edited=&#8220;on|phone&#8220; body_line_height_tablet=&#8220;&#8220; body_line_height_phone=&#8220;1.5em&#8220; body_line_height_last_edited=&#8220;on|phone&#8220; locked=&#8220;off&#8220; sticky_transition=&#8220;on&#8220;]<\/p>\n<p>Serie AVA, Serie AMC, Serie AVS, Serie ASM<\/p>\n<p>[\/et_pb_slide][\/et_pb_fullwidth_slider][\/et_pb_section][et_pb_section fb_built=&#8220;1&#8243; _builder_version=&#8220;4.8.2&#8243; _module_preset=&#8220;default&#8220;][et_pb_row _builder_version=&#8220;4.8.2&#8243; _module_preset=&#8220;default&#8220;][et_pb_column type=&#8220;4_4&#8243; _builder_version=&#8220;4.8.2&#8243; _module_preset=&#8220;default&#8220;][et_pb_image src=&#8220;https:\/\/aas.marketing.sh\/wp-content\/uploads\/2021\/02\/header_monopoles.jpg&#8220; title_text=&#8220;header_monopoles&#8220; _builder_version=&#8220;4.8.2&#8243; _module_preset=&#8220;default&#8220;][\/et_pb_image][\/et_pb_column][\/et_pb_row][et_pb_row _builder_version=&#8220;4.8.2&#8243; _module_preset=&#8220;default&#8220;][et_pb_column type=&#8220;4_4&#8243; _builder_version=&#8220;4.8.2&#8243; _module_preset=&#8220;default&#8220;][et_pb_text _builder_version=&#8220;4.8.2&#8243; _module_preset=&#8220;default&#8220; text_font=&#8220;|600|||||||&#8220; text_text_color=&#8220;#000000&#8243; text_font_size=&#8220;30px&#8220; custom_margin=&#8220;||-21px||false|false&#8220; sticky_enabled=&#8220;0&#8243; text_line_height_phone=&#8220;1.2em&#8220; text_line_height_last_edited=&#8220;on|phone&#8220;]<\/p>\n<p>Antena receptora activa STA 5 A\/D\/0.01-100<\/p>\n<p>[\/et_pb_text][\/et_pb_column][\/et_pb_row][et_pb_row column_structure=&#8220;1_2,1_2&#8243; _builder_version=&#8220;4.8.2&#8243; _module_preset=&#8220;default&#8220;][et_pb_column type=&#8220;1_2&#8243; _builder_version=&#8220;4.8.2&#8243; _module_preset=&#8220;default&#8220;][et_pb_text _builder_version=&#8220;4.8.2&#8243; _module_preset=&#8220;default&#8220;]<\/p>\n<p>Esta antena monopolar activa se utiliza como antena receptora con caracter\u00edstica omnidireccional dentro de las bandas de onda larga, media y corta.<\/p>\n<p>La antena cubre el rango de frecuencia de 0.01 - 100 MHz.<\/p>\n<p>Debido a su peque\u00f1a dimensi\u00f3n y al acoplamiento de radiaci\u00f3n muy baja, esta antena activa est\u00e1 particularmente calificada para aplicaciones estacionarias en localidades desfavorables, as\u00ed como aplicaciones m\u00f3viles.<\/p>\n<p>Un circuito amplificador conectado directamente al punto base de la varilla de la antena hace coincidir la alta impedancia de la varilla con la baja impedancia de entrada del receptor o el cable coaxial conectado.<\/p>\n<p>Las antenas receptoras activas de aas.tech est\u00e1n equipadas con amplificadores que proporcionan un alto rango din\u00e1mico de RF para evitar la degradaci\u00f3n de las caracter\u00edsticas del sistema de recepci\u00f3n.<\/p>\n<p>[\/et_pb_text][\/et_pb_column][et_pb_column type=&#8220;1_2&#8243; _builder_version=&#8220;4.8.2&#8243; _module_preset=&#8220;default&#8220;][et_pb_text _builder_version=&#8220;4.8.2&#8243; _module_preset=&#8220;default&#8220;]<\/p>\n<p>Un circuito de protecci\u00f3n de varias etapas en la entrada del elemento activo asegura que la electr\u00f3nica de la antena no se da\u00f1e incluso en caso de que caiga un rayo en las proximidades.<\/p>\n<p>Las barras atornilladas (200 cm, 100 cm, 50 cm, 25 cm) permiten adaptar f\u00e1cilmente la longitud de la barra a una amplia variedad de condiciones de funcionamiento.<\/p>\n<p>El dise\u00f1o de construcci\u00f3n robusto y el uso de materiales resistentes a la intemperie, nuestras antenas activas permiten su uso en condiciones ambientales extremas.<\/p>\n<p>La tensi\u00f3n nominal de funcionamiento de la antena es de 39 V CC. La serie de fuente de alimentaci\u00f3n AAN o un sistema de distribuci\u00f3n de antena aas.tech se utiliza para alimentar la tensi\u00f3n de funcionamiento al elemento activo a trav\u00e9s del cable coaxial.<\/p>\n<p>[\/et_pb_text][\/et_pb_column][\/et_pb_row][et_pb_row column_structure=&#8220;1_2,1_2&#8243; _builder_version=&#8220;4.8.2&#8243; _module_preset=&#8220;default&#8220;][et_pb_column type=&#8220;1_2&#8243; _builder_version=&#8220;4.8.2&#8243; _module_preset=&#8220;default&#8220;][et_pb_button button_url=&#8220;https:\/\/aas.marketing.sh\/wp-content\/uploads\/2021\/02\/sta-1_1_4_EN.pdf&#8220; button_text=&#8220;Produkt Informationen&#8220; _builder_version=&#8220;4.8.2&#8243; _module_preset=&#8220;default&#8220;][\/et_pb_button][\/et_pb_column][et_pb_column type=&#8220;1_2&#8243; _builder_version=&#8220;4.8.2&#8243; _module_preset=&#8220;default&#8220;][\/et_pb_column][\/et_pb_row][et_pb_row column_structure=&#8220;1_2,1_2&#8243; _builder_version=&#8220;4.8.2&#8243; _module_preset=&#8220;default&#8220;][et_pb_column type=&#8220;1_2&#8243; _builder_version=&#8220;4.8.2&#8243; _module_preset=&#8220;default&#8220;][et_pb_text _builder_version=&#8220;4.8.2&#8243; _module_preset=&#8220;default&#8220;]<\/p>\n<p><strong>Para m\u00e1s informaci\u00f3n p\u00f3ngase en contacto<\/strong><\/p>\n<p>aas.tech GmbH &amp; Co. KG<br \/> Gutenbergring 53<br \/> 22848 Norderstedt<br \/> Alemania<\/p>\n<p>Correo electr\u00f3nico: <a href=\"mailto:sales@aastech.de\">Correo electr\u00f3nico: sales@aastech.de<\/a><\/p>\n<p>[\/et_pb_text][\/et_pb_column][et_pb_column type=&#8220;1_2&#8243; _builder_version=&#8220;4.8.2&#8243; _module_preset=&#8220;default&#8220;][\/et_pb_column][\/et_pb_row][\/et_pb_section]<\/p>","protected":false},"excerpt":{"rendered":"<p>AVA Serie, AMC Serie, AVS Serie, ASM SerieAktiver Monopol Empfangsantenne STA 5 A\/D\/0.01-100Diese aktive Monopolantenne wird als Empfangsantenne mit omnidirektionaler Charakteristik im lang-, mittel- und kurzwelligen Band verwendet. Die Antenne deckt den Frequenzbereich von 0,01 &#8211; 100 MHz ab. Aufgrund ihrer geringen Abmessung und sehr geringen Strahlungskopplung eignet sich diese aktive Antenne besonders f\u00fcr station\u00e4re [&hellip;]<\/p>","protected":false},"author":5,"featured_media":0,"parent":0,"menu_order":0,"comment_status":"closed","ping_status":"closed","template":"","meta":{"_et_pb_use_builder":"on","_et_pb_old_content":"","_et_gb_content_width":"","footnotes":""},"_links":{"self":[{"href":"https:\/\/aas.marketing.sh\/es\/wp-json\/wp\/v2\/pages\/3372"}],"collection":[{"href":"https:\/\/aas.marketing.sh\/es\/wp-json\/wp\/v2\/pages"}],"about":[{"href":"https:\/\/aas.marketing.sh\/es\/wp-json\/wp\/v2\/types\/page"}],"author":[{"embeddable":true,"href":"https:\/\/aas.marketing.sh\/es\/wp-json\/wp\/v2\/users\/5"}],"replies":[{"embeddable":true,"href":"https:\/\/aas.marketing.sh\/es\/wp-json\/wp\/v2\/comments?post=3372"}],"version-history":[{"count":7,"href":"https:\/\/aas.marketing.sh\/es\/wp-json\/wp\/v2\/pages\/3372\/revisions"}],"predecessor-version":[{"id":3873,"href":"https:\/\/aas.marketing.sh\/es\/wp-json\/wp\/v2\/pages\/3372\/revisions\/3873"}],"wp:attachment":[{"href":"https:\/\/aas.marketing.sh\/es\/wp-json\/wp\/v2\/media?parent=3372"}],"curies":[{"name":"wp","href":"https:\/\/api.w.org\/{rel}","templated":true}]}}