{"id":3421,"date":"2021-02-17T11:40:56","date_gmt":"2021-02-17T11:40:56","guid":{"rendered":"https:\/\/aas.marketing.sh\/?page_id=3421"},"modified":"2021-02-26T10:53:32","modified_gmt":"2021-02-26T10:53:32","slug":"reperaturservice","status":"publish","type":"page","link":"https:\/\/aas.marketing.sh\/es\/reperaturservice\/","title":{"rendered":"Servicio de reparaci\u00f3n"},"content":{"rendered":"<p>[et_pb_section fb_built=&#8220;1&#8243; fullwidth=&#8220;on&#8220; _builder_version=&#8220;4.8.2&#8243; _module_preset=&#8220;default&#8220; height_tablet=&#8220;&#8220; height_phone=&#8220;&#8220; height_last_edited=&#8220;on|phone&#8220; saved_tabs=&#8220;all&#8220; locked=&#8220;off&#8220;][et_pb_fullwidth_slider _builder_version=&#8220;4.8.2&#8243; _module_preset=&#8220;default&#8220; header_font=&#8220;|700|||||||&#8220; header_font_size=&#8220;70px&#8220; body_font_size=&#8220;30px&#8220; height=&#8220;743px&#8220; height_tablet=&#8220;&#8220; height_phone=&#8220;&#8220; height_last_edited=&#8220;on|phone&#8220; hover_enabled=&#8220;0&#8243; header_text_shadow_style=&#8220;preset1&#8243; header_text_shadow_vertical_length=&#8220;0.07em&#8220; header_text_shadow_blur_strength=&#8220;0.11em&#8220; locked=&#8220;off&#8220; sticky_enabled=&#8220;0&#8243;][et_pb_slide heading=&#8220;Dienstleistungen&#8220; use_bg_overlay=&#8220;on&#8220; bg_overlay_color=&#8220;rgba(12,38,112,0.83)&#8220; content_tablet=&#8220;&#8220; content_phone=&#8220;<\/p>\n<p>Piezas de recambio, servicio de reparaci\u00f3n, notas de aplicaci\u00f3n<\/p>\n<p>&#8220; content_last_edited=&#8220;on|phone&#8220; _builder_version=&#8220;4.8.2&#8243; _module_preset=&#8220;default&#8220; body_font_size=&#8220;20px&#8220; body_line_height=&#8220;3em&#8220; background_color=&#8220;RGBA(0,0,0,0)&#8220; background_enable_color=&#8220;on&#8220; background_image=&#8220;https:\/\/aas.marketing.sh\/wp-content\/uploads\/2021\/02\/antenna-systems-header-category.jpg&#8220; background_enable_image=&#8220;on&#8220; hover_enabled=&#8220;0&#8243; header_font_size_tablet=&#8220;&#8220; header_font_size_phone=&#8220;30px&#8220; header_font_size_last_edited=&#8220;on|phone&#8220; body_line_height_tablet=&#8220;&#8220; body_line_height_phone=&#8220;1.5em&#8220; body_line_height_last_edited=&#8220;on|phone&#8220; locked=&#8220;off&#8220; sticky_transition=&#8220;on&#8220; header_level=&#8220;h1&#8243; sticky_enabled=&#8220;0&#8243;]<\/p>\n<p>Serie AVA, Serie AMC, Serie AVS, Serie ASM<\/p>\n<p>[\/et_pb_slide][\/et_pb_fullwidth_slider][\/et_pb_section][et_pb_section fb_built=&#8220;1&#8243; _builder_version=&#8220;4.8.2&#8243; _module_preset=&#8220;default&#8220;][et_pb_row _builder_version=&#8220;4.8.2&#8243; _module_preset=&#8220;default&#8220;][et_pb_column type=&#8220;4_4&#8243; _builder_version=&#8220;4.8.2&#8243; _module_preset=&#8220;default&#8220;][et_pb_image src=&#8220;https:\/\/aas.marketing.sh\/wp-content\/uploads\/2021\/02\/header_reperatur.jpg&#8220; title_text=&#8220;header_reperatur&#8220; _builder_version=&#8220;4.8.2&#8243; _module_preset=&#8220;default&#8220;][\/et_pb_image][\/et_pb_column][\/et_pb_row][et_pb_row _builder_version=&#8220;4.8.2&#8243; _module_preset=&#8220;default&#8220;][et_pb_column type=&#8220;4_4&#8243; _builder_version=&#8220;4.8.2&#8243; _module_preset=&#8220;default&#8220;][et_pb_text _builder_version=&#8220;4.8.2&#8243; _module_preset=&#8220;default&#8220; text_font=&#8220;|600|||||||&#8220; text_text_color=&#8220;#000000&#8243; text_font_size=&#8220;30px&#8220; custom_margin=&#8220;||-21px||false|false&#8220;]<\/p>\n<p>Servicio de reparaci\u00f3n<\/p>\n<p>[\/et_pb_text][\/et_pb_column][\/et_pb_row][et_pb_row column_structure=&#8220;1_2,1_2&#8243; _builder_version=&#8220;4.8.2&#8243; _module_preset=&#8220;default&#8220;][et_pb_column type=&#8220;1_2&#8243; _builder_version=&#8220;4.8.2&#8243; _module_preset=&#8220;default&#8220;][et_pb_text _builder_version=&#8220;4.8.2&#8243; _module_preset=&#8220;default&#8220;]<\/p>\n<p>En caso de que su producto aas.tech necesite ser reparado o si puede solicitar otro servicio con su producto aas.tech, siga estas instrucciones:<\/p>\n<p><strong>Proceso de RMA<\/strong><\/p>\n<p>Por favor cont\u00e1ctenos con anticipaci\u00f3n con su solicitud.<br \/>No aceptamos env\u00edos que se nos entreguen sin previo aviso.<\/p>\n<p>Si desea enviarnos mercanc\u00edas, por ejemplo para reparaciones, solicite un n\u00famero de RMA a trav\u00e9s de sales@aastech.de antes de envi\u00e1rnoslas.<\/p>\n<p>Por favor proporcione su solicitud:<\/p>\n<ul>\n<li>Tipo de designaci\u00f3n<\/li>\n<li>N\u00famero de pieza (10 d\u00edgitos con \u00edndice \/ indicador de revisi\u00f3n)<\/li>\n<li>N\u00famero de serie impreso en la etiqueta de tipo<\/li>\n<li>Descripci\u00f3n de la falla lo m\u00e1s detallada posible<\/li>\n<\/ul>\n<p>&nbsp;<\/p>\n<p>[\/et_pb_text][\/et_pb_column][et_pb_column type=&#8220;1_2&#8243; _builder_version=&#8220;4.8.2&#8243; _module_preset=&#8220;default&#8220;][et_pb_text _builder_version=&#8220;4.8.2&#8243; _module_preset=&#8220;default&#8220;]<\/p>\n<p>Recibir\u00e1 un documento de autorizaci\u00f3n de devoluci\u00f3n de material con el n\u00famero de RMA por correo electr\u00f3nico.\nAdjunte la hoja de RMA al equipo dentro de la caja de env\u00edo.<\/p>\n<p>Aseg\u00farese de que el material est\u00e9 embalado de forma segura y protectora en una caja de env\u00edo adecuada para que no se produzcan da\u00f1os en el equipo embalado durante el transporte.<\/p>\n<p>El env\u00edo ser\u00e1 organizado por el cliente sin gastos a cargo de aas.tech.<br \/> Si corresponde, aseg\u00farese de que el material llegue a aas.tech completamente autorizado por la aduana.<\/p>\n<p>El material ir\u00e1 acompa\u00f1ado de un albar\u00e1n de entrega y una descripci\u00f3n del fallo.<br \/> Proporcione un punto de contacto (nombre, correo electr\u00f3nico, n\u00famero de tel\u00e9fono).<\/p>\n<p>Despu\u00e9s de la inspecci\u00f3n entrante, nos comunicaremos con usted con los detalles.<\/p>\n<p><span style=\"font-size: 14px;\">Tambi\u00e9n proporcionamos servicio de reparaci\u00f3n para productos que no son de producci\u00f3n DUK o AAS, incluso si el dispositivo proviene de producciones de lotes 2000 o anteriores. En muchos casos podemos ayudar. Por favor cont\u00e1ctenos con anticipaci\u00f3n<\/span><\/p>\n<p>[\/et_pb_text][\/et_pb_column][\/et_pb_row][et_pb_row _builder_version=&#8220;4.8.2&#8243; _module_preset=&#8220;default&#8220;][et_pb_column type=&#8220;4_4&#8243; _builder_version=&#8220;4.8.2&#8243; _module_preset=&#8220;default&#8220;][et_pb_text _builder_version=&#8220;4.8.2&#8243; _module_preset=&#8220;default&#8220;]<\/p>\n<p>Env\u00ede sus solicitudes \/ pedidos de repuestos y reparaciones a:<br \/> <strong><a href=\"mailto:sales@aastech.de\">Correo electr\u00f3nico: sales@aastech.de<\/a><\/strong><\/p>\n<p>&nbsp;<\/p>\n<p>Direcci\u00f3n de entrega<\/p>\n<p><strong>aas.tech GmbH &amp; Co. KG<br \/> <\/strong>Gutenbergring 53<br \/> Entrada F<br \/> 22848 Norderstedt<br \/> Alemania<\/p>\n<p>[\/et_pb_text][\/et_pb_column][\/et_pb_row][\/et_pb_section]<\/p>","protected":false},"excerpt":{"rendered":"<p>AVA Serie, AMC Serie, AVS Serie, ASM SerieReperatur ServiceFalls Ihr aas.tech-Produkt repariert werden muss oder Sie einen anderen Service f\u00fcr Ihr aas.tech-Produkt ben\u00f6tigen, befolgen Sie bitte diese Anweisungen: RMA-Prozess Bitte kontaktieren Sie uns im Voraus mit Ihrer Anfrage.Wir akzeptieren keine Sendungen, die ohne vorherige Ank\u00fcndigung an uns geliefert werden. Wenn Sie uns Waren zum Beispiel [&hellip;]<\/p>","protected":false},"author":5,"featured_media":0,"parent":0,"menu_order":0,"comment_status":"closed","ping_status":"closed","template":"","meta":{"_et_pb_use_builder":"on","_et_pb_old_content":"","_et_gb_content_width":"","footnotes":""},"_links":{"self":[{"href":"https:\/\/aas.marketing.sh\/es\/wp-json\/wp\/v2\/pages\/3421"}],"collection":[{"href":"https:\/\/aas.marketing.sh\/es\/wp-json\/wp\/v2\/pages"}],"about":[{"href":"https:\/\/aas.marketing.sh\/es\/wp-json\/wp\/v2\/types\/page"}],"author":[{"embeddable":true,"href":"https:\/\/aas.marketing.sh\/es\/wp-json\/wp\/v2\/users\/5"}],"replies":[{"embeddable":true,"href":"https:\/\/aas.marketing.sh\/es\/wp-json\/wp\/v2\/comments?post=3421"}],"version-history":[{"count":6,"href":"https:\/\/aas.marketing.sh\/es\/wp-json\/wp\/v2\/pages\/3421\/revisions"}],"predecessor-version":[{"id":3828,"href":"https:\/\/aas.marketing.sh\/es\/wp-json\/wp\/v2\/pages\/3421\/revisions\/3828"}],"wp:attachment":[{"href":"https:\/\/aas.marketing.sh\/es\/wp-json\/wp\/v2\/media?parent=3421"}],"curies":[{"name":"wp","href":"https:\/\/api.w.org\/{rel}","templated":true}]}}