{"id":3635,"date":"2021-02-18T10:43:35","date_gmt":"2021-02-18T10:43:35","guid":{"rendered":"https:\/\/aas.marketing.sh\/?page_id=3635"},"modified":"2021-02-18T10:44:14","modified_gmt":"2021-02-18T10:44:14","slug":"audio-switch-matrix-am-serie","status":"publish","type":"page","link":"https:\/\/aas.marketing.sh\/es\/audio-switch-matrix-am-serie\/","title":{"rendered":"Audio Switch Matrix AM Serie"},"content":{"rendered":"<p>[et_pb_section fb_built=&#8220;1&#8243; fullwidth=&#8220;on&#8220; _builder_version=&#8220;4.8.2&#8243; _module_preset=&#8220;default&#8220; global_module=&#8220;2950&#8243; saved_tabs=&#8220;all&#8220;][et_pb_fullwidth_slider _builder_version=&#8220;4.8.2&#8243; _module_preset=&#8220;default&#8220; header_font=&#8220;|700|||||||&#8220; header_font_size=&#8220;70px&#8220; body_font_size=&#8220;30px&#8220; height=&#8220;743px&#8220; header_text_shadow_style=&#8220;preset1&#8243; header_text_shadow_vertical_length=&#8220;0.07em&#8220; header_text_shadow_blur_strength=&#8220;0.11em&#8220;][et_pb_slide heading=&#8220;Verteilsysteme&#8220; use_bg_overlay=&#8220;on&#8220; bg_overlay_color=&#8220;rgba(12,38,112,0.83)&#8220; _builder_version=&#8220;4.8.2&#8243; _module_preset=&#8220;default&#8220; body_font_size=&#8220;20px&#8220; body_line_height=&#8220;3em&#8220; background_color=&#8220;RGBA(0,0,0,0)&#8220; background_enable_color=&#8220;on&#8220; background_image=&#8220;https:\/\/aas.marketing.sh\/wp-content\/uploads\/2021\/02\/distribution-systems-header-category.jpg&#8220; background_enable_image=&#8220;on&#8220; sticky_transition=&#8220;on&#8220;]<\/p>\n<p>Serie AVA, Serie AMC, Serie AVS, Serie ASM<\/p>\n<p>[\/et_pb_slide][\/et_pb_fullwidth_slider][\/et_pb_section][et_pb_section fb_built=&#8220;1&#8243; _builder_version=&#8220;4.8.2&#8243; _module_preset=&#8220;default&#8220;][et_pb_row _builder_version=&#8220;4.8.2&#8243; _module_preset=&#8220;default&#8220;][et_pb_column type=&#8220;4_4&#8243; _builder_version=&#8220;4.8.2&#8243; _module_preset=&#8220;default&#8220;][et_pb_image src=&#8220;https:\/\/aas.marketing.sh\/wp-content\/uploads\/2021\/02\/asm.jpg&#8220; title_text=&#8220;asm&#8220; _builder_version=&#8220;4.8.2&#8243; _module_preset=&#8220;default&#8220;][\/et_pb_image][\/et_pb_column][\/et_pb_row][et_pb_row _builder_version=&#8220;4.8.2&#8243; _module_preset=&#8220;default&#8220;][et_pb_column type=&#8220;4_4&#8243; _builder_version=&#8220;4.8.2&#8243; _module_preset=&#8220;default&#8220;][et_pb_text _builder_version=&#8220;4.8.2&#8243; _module_preset=&#8220;default&#8220; text_font=&#8220;|600|||||||&#8220; text_text_color=&#8220;#000000&#8243; text_font_size=&#8220;30px&#8220; custom_margin=&#8220;||-21px||false|false&#8220; hover_enabled=&#8220;0&#8243; sticky_enabled=&#8220;0&#8243;]<\/p>\n<p>Matriz de Conmutaci\u00f3n de Audio Serie ASM<\/p>\n<p>[\/et_pb_text][\/et_pb_column][\/et_pb_row][et_pb_row column_structure=&#8220;1_2,1_2&#8243; _builder_version=&#8220;4.8.2&#8243; _module_preset=&#8220;default&#8220;][et_pb_column type=&#8220;1_2&#8243; _builder_version=&#8220;4.8.2&#8243; _module_preset=&#8220;default&#8220;][et_pb_text _builder_version=&#8220;4.8.2&#8243; _module_preset=&#8220;default&#8220; hover_enabled=&#8220;0&#8243; sticky_enabled=&#8220;0&#8243;]<\/p>\n<p>La matriz de conmutaci\u00f3n de audio (ASM) est\u00e1 dise\u00f1ada para integrarse en sistemas en los que las fuentes de se\u00f1al deben conectarse con diferentes dispositivos de comunicaci\u00f3n.<\/p>\n<p>El ASM administra y monitorea se\u00f1ales de control, se\u00f1ales de audio y \/ o l\u00edneas de datos en sistemas de comunicaci\u00f3n. La direcci\u00f3n de la se\u00f1al es bidireccional hacia y desde los terminales y dispositivos. El ASM cubre el rango de frecuencia de CC a 1 MHz.<\/p>\n<p>[\/et_pb_text][\/et_pb_column][et_pb_column type=&#8220;1_2&#8243; _builder_version=&#8220;4.8.2&#8243; _module_preset=&#8220;default&#8220;][et_pb_text _builder_version=&#8220;4.8.2&#8243; _module_preset=&#8220;default&#8220; hover_enabled=&#8220;0&#8243; sticky_enabled=&#8220;0&#8243;]<\/p>\n<p><span>Se pueden conectar hasta 24 terminales y hasta 24 dispositivos al ASM. Se asignan cuatro pares de l\u00edneas a cada terminal o dispositivo, por lo que la unidad proporciona una capacidad de l\u00ednea de 96 pares de l\u00edneas (192 l\u00edneas). El transmisor y el receptor se pueden asignar de forma independiente.<\/span><\/p>\n<p>[\/et_pb_text][\/et_pb_column][\/et_pb_row][et_pb_row column_structure=&#8220;1_2,1_2&#8243; _builder_version=&#8220;4.8.2&#8243; _module_preset=&#8220;default&#8220;][et_pb_column type=&#8220;1_2&#8243; _builder_version=&#8220;4.8.2&#8243; _module_preset=&#8220;default&#8220;][et_pb_text _builder_version=&#8220;4.8.2&#8243; _module_preset=&#8220;default&#8220; hover_enabled=&#8220;0&#8243; sticky_enabled=&#8220;0&#8243;]<\/p>\n<p><strong>Versiones<\/strong><\/p>\n<p>ASM 24\/24\/4\/A: versi\u00f3n est\u00e1ndar con interfaz de control remoto en serie<\/p>\n<p>ASM 24\/24\/4\/B: versi\u00f3n est\u00e1ndar con interfaz de control remoto en red<\/p>\n<p>ASM 24\/24\/4\/RAL\u2026: RAL \u2026. c\u00f3digo de color para el panel frontal a especificar por el cliente<\/p>\n<p>[\/et_pb_text][\/et_pb_column][et_pb_column type=&#8220;1_2&#8243; _builder_version=&#8220;4.8.2&#8243; _module_preset=&#8220;default&#8220;][\/et_pb_column][\/et_pb_row][et_pb_row column_structure=&#8220;1_2,1_2&#8243; _builder_version=&#8220;4.8.2&#8243; _module_preset=&#8220;default&#8220;][et_pb_column type=&#8220;1_2&#8243; _builder_version=&#8220;4.8.2&#8243; _module_preset=&#8220;default&#8220;][et_pb_button button_url=&#8220;https:\/\/aas.marketing.sh\/wp-content\/uploads\/2021\/02\/asm-2_7_2_EN.pdf&#8220; button_text=&#8220;Product Information&#8220; _builder_version=&#8220;4.8.2&#8243; _module_preset=&#8220;default&#8220; hover_enabled=&#8220;0&#8243; sticky_enabled=&#8220;0&#8243;][\/et_pb_button][\/et_pb_column][et_pb_column type=&#8220;1_2&#8243; _builder_version=&#8220;4.8.2&#8243; _module_preset=&#8220;default&#8220;][\/et_pb_column][\/et_pb_row][et_pb_row column_structure=&#8220;1_2,1_2&#8243; _builder_version=&#8220;4.8.2&#8243; _module_preset=&#8220;default&#8220;][et_pb_column type=&#8220;1_2&#8243; _builder_version=&#8220;4.8.2&#8243; _module_preset=&#8220;default&#8220;][et_pb_text _builder_version=&#8220;4.8.2&#8243; _module_preset=&#8220;default&#8220; custom_margin=&#8220;-25px||||false|false&#8220;]<\/p>\n<p>Link to Spare Parts<\/p>\n<p>[\/et_pb_text][\/et_pb_column][et_pb_column type=&#8220;1_2&#8243; _builder_version=&#8220;4.8.2&#8243; _module_preset=&#8220;default&#8220;][\/et_pb_column][\/et_pb_row][\/et_pb_section]<\/p>","protected":false},"excerpt":{"rendered":"<p>AVA Serie, AMC Serie, AVS Serie, ASM SerieAudio Switch Matrix ASM SerieDie Audio Switch Matrix (ASM) ist f\u00fcr die Integration in Systeme konzipiert, in denen Signalquellen mit verschiedenen Kommunikationsger\u00e4ten verbunden werden sollen. Das ASM verwaltet und \u00fcberwacht Steuersignale, Audiosignale und \/ oder Datenleitungen in Kommunikationssystemen. Die Signalrichtung ist bidirektional zu und von den Anschl\u00fcssen und [&hellip;]<\/p>","protected":false},"author":5,"featured_media":0,"parent":0,"menu_order":0,"comment_status":"closed","ping_status":"closed","template":"","meta":{"_et_pb_use_builder":"on","_et_pb_old_content":"","_et_gb_content_width":"","footnotes":""},"_links":{"self":[{"href":"https:\/\/aas.marketing.sh\/es\/wp-json\/wp\/v2\/pages\/3635"}],"collection":[{"href":"https:\/\/aas.marketing.sh\/es\/wp-json\/wp\/v2\/pages"}],"about":[{"href":"https:\/\/aas.marketing.sh\/es\/wp-json\/wp\/v2\/types\/page"}],"author":[{"embeddable":true,"href":"https:\/\/aas.marketing.sh\/es\/wp-json\/wp\/v2\/users\/5"}],"replies":[{"embeddable":true,"href":"https:\/\/aas.marketing.sh\/es\/wp-json\/wp\/v2\/comments?post=3635"}],"version-history":[{"count":4,"href":"https:\/\/aas.marketing.sh\/es\/wp-json\/wp\/v2\/pages\/3635\/revisions"}],"predecessor-version":[{"id":3641,"href":"https:\/\/aas.marketing.sh\/es\/wp-json\/wp\/v2\/pages\/3635\/revisions\/3641"}],"wp:attachment":[{"href":"https:\/\/aas.marketing.sh\/es\/wp-json\/wp\/v2\/media?parent=3635"}],"curies":[{"name":"wp","href":"https:\/\/api.w.org\/{rel}","templated":true}]}}